{"id":39635,"date":"2023-04-19T22:30:36","date_gmt":"2023-04-19T14:30:36","guid":{"rendered":"https:\/\/gretasexylingerie.com\/?post_type=product&#038;p=39635"},"modified":"2023-10-22T23:03:01","modified_gmt":"2023-10-22T15:03:01","slug":"yhtenainen-vietteleva-ultra-seksikas-rintaliivihoususarja","status":"publish","type":"product","link":"https:\/\/gretasexylingerie.com\/fi\/products\/uniform-seductive-ultra-sexy-bra-panty-set\/","title":{"rendered":"Uniform Seductive Ultra Sexy rintaliivihousut"},"content":{"rendered":"<p>1. P\u00e4\u00e4st\u00e4 sis\u00e4inen viettelij\u00e4si valloilleen Uniform Seductive Ultra Sexy -rintaliivihousut. T\u00e4ydellinen yhdistelm\u00e4 aistillisuutta ja hienostuneisuutta, t\u00e4m\u00e4 setti saa sinut varmasti tuntemaan olosi itsevarmaksi ja vastustamattomaksi.<\/p>\n\n\n\n<p>2. T\u00e4ss\u00e4 setiss\u00e4 k\u00e4ytetyt korkealaatuiset materiaalit varmistavat, ett\u00e4 se kest\u00e4\u00e4 useita k\u00e4ytt\u00f6j\u00e4 ja pesuja, mik\u00e4 tekee siit\u00e4 loistavan sijoituksen alusvaatekokoelmaasi.<\/p>\n\n\n\n<p>3. Ainutlaatuinen rintaliivi- ja pikkuhoususarjan muotoilu tarjoaa imartelevan ja tukevan istuvuuden, parantaa kaarevuuttasi ja korostaa omaisuuttasi.<\/p>\n\n\n\n<p>4. Haluatpa sitten lis\u00e4t\u00e4 ripaus j\u00e4nnityst\u00e4 jokap\u00e4iv\u00e4iseen pukeutumiseen tai valmistautuessasi erityiseen tilaisuuteen, Uniform Seductive Ultra Sexy -rintaliivit pikkuhoususarja on paras valinta niille, jotka haluavat pirist\u00e4\u00e4 alusvaatepeli\u00e4\u00e4n.<\/p>\n\n\n\n<figure class=\"wp-block-table\"><table><tbody><tr><td colspan=\"4\">Sivustokaavio (CM)<\/td><td><\/td><td><\/td><td><\/td><td><\/td><\/tr><tr><td>Koko<\/td><td>Etupituus<\/td><td>Kaula<\/td><td>Rinnan alla<\/td><td>Vy\u00f6t\u00e4r\u00f6<\/td><td>Jalan ymp\u00e4rysmitta<\/td><td>Alushousut vy\u00f6t\u00e4r\u00f6ll\u00e4<\/td><td>Alushousujen pituus<\/td><\/tr><tr><td>S<\/td><td>31<\/td><td>35<\/td><td>68-86<\/td><td>60-98<\/td><td>47<\/td><td>60-98<\/td><td>39<\/td><\/tr><tr><td>M<\/td><td>32<\/td><td>36.5<\/td><td>72-90<\/td><td>64-102<\/td><td>49<\/td><td>64-102<\/td><td>40<\/td><\/tr><tr><td>L<\/td><td>33.5<\/td><td>38<\/td><td>78-96<\/td><td>68-106<\/td><td>51<\/td><td>68-106<\/td><td>41<\/td><\/tr><tr><td colspan=\"4\">Sivustokaavio (TUUMA)<\/td><td><\/td><td><\/td><td><\/td><td><\/td><\/tr><tr><td>Koko<\/td><td>Etupituus<\/td><td>Kaula<\/td><td>Rinnan alla<\/td><td>Vy\u00f6t\u00e4r\u00f6<\/td><td>Jalan ymp\u00e4rysmitta<\/td><td>Alushousut vy\u00f6t\u00e4r\u00f6ll\u00e4<\/td><td>Alushousujen pituus<\/td><\/tr><tr><td>S<\/td><td>12.20&nbsp;<\/td><td>13.77<\/td><td>26.77-33.85<\/td><td>23.62-38.58<\/td><td>18.50&nbsp;<\/td><td>23.62-38.58<\/td><td>15.35<\/td><\/tr><tr><td>M<\/td><td>12.59&nbsp;<\/td><td>14.37<\/td><td>28.34-35.43<\/td><td>25.19-40.15<\/td><td>19.29<\/td><td>25.19-40.15<\/td><td>15.74<\/td><\/tr><tr><td>L<\/td><td>13.18&nbsp;<\/td><td>14.96<\/td><td>30.70-37.79<\/td><td>26.77-41.73<\/td><td>20.07&nbsp;<\/td><td>26.77-41.73<\/td><td>16.14&nbsp;<\/td><\/tr><tr><td colspan=\"8\">Huomautus:<br>1. Eri kokoisissa, paikoissa ja kankaissa voi olla 1-2 cm poikkeamaa. Kokotaulukko on vain viitteellinen, sill\u00e4 voi olla pieni\u00e4 eroja saamasi kanssa.<br>2. On olemassa 3 erilaista joustavuutta: korkea elastisuus (kaksipuolisesti venytetty), keskijoustavuus (yksipuolinen venytetty) ja ei-elastinen (ei voi venytt\u00e4\u00e4).<br>3.V\u00e4ri voi olla vaaleampi tai tummempi eri PC-n\u00e4yt\u00f6n vuoksi.<br>4.Pese k\u00e4sin 30-asteisessa vedess\u00e4, ripusta kuivumaan varjossa, est\u00e4 valkaisu.<br>5. Yksityiskohdissa ja kuvioissa saattaa olla hieman eroja.<\/td><\/tr><\/tbody><\/table><\/figure>\n\n\n\n<p><\/p>","protected":false},"excerpt":{"rendered":"<p>Setti on valmistettu korkealaatuisista materiaaleista, mukaan lukien pehme\u00e4t ja hengitt\u00e4v\u00e4t kankaat, herkk\u00e4 pitsi ja monimutkaiset yksityiskohdat. N\u00e4iss\u00e4 rintaliiveiss\u00e4 on vieh\u00e4tt\u00e4v\u00e4 syv\u00e4 V-p\u00e4\u00e4ntie ja s\u00e4\u00e4dett\u00e4v\u00e4t olkaimet, ja yhteensopivissa pikkuhousuissa on korkea vy\u00f6t\u00e4r\u00f6 ja paksu selk\u00e4, jotka luovat imartelevan ilmeen.<\/p>\n<p>https:\/\/youtu.be\/E-9gLmz3jgM<\/p>","protected":false},"featured_media":39641,"template":"","meta":[],"product_brand":[],"product_cat":[368,374,367],"product_tag":[868,505,448,528,532,453],"class_list":{"0":"post-39635","1":"product","2":"type-product","3":"status-publish","4":"has-post-thumbnail","6":"product_cat-bra-panty-set","7":"product_cat-wholesale-garter-belt-set","8":"product_cat-sexy-lingerie","9":"product_tag-4-piece-lingerie-set","10":"product_tag-5-piece-lingerie-set","11":"product_tag-wholesale-elegant-sexy-lingerie","12":"product_tag-halter-lingerie","13":"product_tag-lingerie-suspender-set","14":"product_tag-wholesale-sexy-naughty-lingerie","15":"pa_color-white","16":"pa_cup-full-cup","17":"pa_size-wholesale-large-size-women-sexy-lingerie","18":"pa_size-wholesale-medium-size-women-sexy-lingerie","19":"pa_size-wholesale-small-size-sexy-lingerie","21":"first","22":"instock","23":"taxable","24":"shipping-taxable","25":"purchasable","26":"product-type-variable"},"tiered_pricing_type":"fixed","tiered_pricing_fixed_rules":[],"tiered_pricing_product_settings":{"layout":"default","base_unit_name":{"singular":null,"plural":null},"default_variation":{}},"tiered_pricing_minimum_quantity":null,"tiered_pricing_roles_data":{"default_wholesaler":{"product_id":39635,"role":"default_wholesaler","pricing_type":"flat","regular_price":null,"sale_price":null,"discount":null,"discount_type":"sale_price","tiered_pricing_type":"fixed","percentage_rules":[],"fixed_rules":{"2":"9.99","30":"8.49","500":"7.49"},"minimum":null},"dropshippinger":{"product_id":39635,"role":"dropshippinger","pricing_type":"flat","regular_price":null,"sale_price":null,"discount":null,"discount_type":"sale_price","tiered_pricing_type":"fixed","percentage_rules":[],"fixed_rules":{"1":"11.89","5":"9.99","30":"7.49"},"minimum":null}},"tiered_pricing_percentage_rules":[],"tiered_pricing_maximum_quantity":null,"tiered_pricing_quantity_step":null,"_links":{"self":[{"href":"https:\/\/gretasexylingerie.com\/fi\/wp-json\/wp\/v2\/product\/39635","targetHints":{"allow":["GET"]}}],"collection":[{"href":"https:\/\/gretasexylingerie.com\/fi\/wp-json\/wp\/v2\/product"}],"about":[{"href":"https:\/\/gretasexylingerie.com\/fi\/wp-json\/wp\/v2\/types\/product"}],"wp:featuredmedia":[{"embeddable":true,"href":"https:\/\/gretasexylingerie.com\/fi\/wp-json\/wp\/v2\/media\/39641"}],"wp:attachment":[{"href":"https:\/\/gretasexylingerie.com\/fi\/wp-json\/wp\/v2\/media?parent=39635"}],"wp:term":[{"taxonomy":"product_brand","embeddable":true,"href":"https:\/\/gretasexylingerie.com\/fi\/wp-json\/wp\/v2\/product_brand?post=39635"},{"taxonomy":"product_cat","embeddable":true,"href":"https:\/\/gretasexylingerie.com\/fi\/wp-json\/wp\/v2\/product_cat?post=39635"},{"taxonomy":"product_tag","embeddable":true,"href":"https:\/\/gretasexylingerie.com\/fi\/wp-json\/wp\/v2\/product_tag?post=39635"}],"curies":[{"name":"wp","href":"https:\/\/api.w.org\/{rel}","templated":true}]}}