{"id":39555,"date":"2023-04-19T21:16:58","date_gmt":"2023-04-19T13:16:58","guid":{"rendered":"https:\/\/gretasexylingerie.com\/?post_type=product&#038;p=39555"},"modified":"2024-04-04T14:19:17","modified_gmt":"2024-04-04T06:19:17","slug":"metallinen-ketju-sukkanauhavyosarja","status":"publish","type":"product","link":"https:\/\/gretasexylingerie.com\/fi\/products\/metal-chain-garter-belt-set\/","title":{"rendered":"Metalliketju sukkanauhavy\u00f6sarja"},"content":{"rendered":"<p>1. \u00c4\u00e4rimm\u00e4inen muotoilu: Metal Chain sukkanauhasetiss\u00e4 on ainutlaatuinen ja rohkea muotoilu, joka sopii t\u00e4ydellisesti naiselle, joka haluaa erottua joukosta.<\/p>\n\n\n\n<p>2.Metallinen ketjun yksityiskohdat lis\u00e4\u00e4v\u00e4t herkk\u00e4\u00e4n pitsikankaan s\u00e4vy\u00e4.<br>Mukava istuvuus: Valmistettu korkealaatuisista materiaaleista ja suunniteltu mukavuuttasi ajatellen, t\u00e4m\u00e4 setti tarjoaa mukavan ja tukevan istuvuuden.<\/p>\n\n\n\n<p>3. Seksik\u00e4s ja leikkis\u00e4: pikkuhousujen l\u00e4pin\u00e4kyv\u00e4 pitsi ja metalliketju lis\u00e4\u00e4v\u00e4t sarjaan leikkis\u00e4\u00e4 ja seksik\u00e4st\u00e4 silausta, joten se on t\u00e4ydellinen lis\u00e4\u00e4m\u00e4\u00e4n j\u00e4nnityst\u00e4 mihin tahansa intiimiin tilaisuuteen.<\/p>\n\n\n\n<p>4. Monipuolinen: Metalliketjuinen sukkanauhavy\u00f6sarja on riitt\u00e4v\u00e4n monipuolinen k\u00e4ytett\u00e4v\u00e4ksi kaikkiin tilaisuuksiin, olipa kyseess\u00e4 sitten pukeutuminen erityiseen tilaisuuteen tai kun haluat vain tuntea olosi seksikk\u00e4\u00e4ksi ja itsevarmaksi jokap\u00e4iv\u00e4isess\u00e4 el\u00e4m\u00e4ss\u00e4si.<\/p>\n\n\n\n<figure class=\"wp-block-table is-style-stripes\"><table><tbody><tr><td colspan=\"5\">Sivustokaavio (CM)<\/td><td><\/td><td><\/td><\/tr><tr><td>Koko<\/td><td>Pituus<\/td><td>Olkap\u00e4\u00e4<\/td><td>Rinnan alla<\/td><td>Vy\u00f6t\u00e4r\u00f6linja<\/td><td>Alushousut vy\u00f6t\u00e4r\u00f6ll\u00e4<\/td><td>Alushousujen pituus<\/td><\/tr><tr><td>S<\/td><td>18.5<\/td><td>29<\/td><td>68-86<\/td><td>62-84<\/td><td>70-96<\/td><td>23<\/td><\/tr><tr><td>M<\/td><td>19.2<\/td><td>30<\/td><td>72-90<\/td><td>66-88<\/td><td>74-100<\/td><td>24<\/td><\/tr><tr><td>L<\/td><td>19.9<\/td><td>31<\/td><td>76-94<\/td><td>70-92<\/td><td>78-104<\/td><td>25<\/td><\/tr><tr><td colspan=\"5\">Sivustokaavio (TUUMA)<\/td><td><\/td><td><\/td><\/tr><tr><td>Koko<\/td><td>Pituus<\/td><td>Olkap\u00e4\u00e4<\/td><td>Rinnan alla<\/td><td>Vy\u00f6t\u00e4r\u00f6linja<\/td><td>Alushousut vy\u00f6t\u00e4r\u00f6ll\u00e4<\/td><td>Alushousujen pituus<\/td><\/tr><tr><td>S<\/td><td>7.28&nbsp;<\/td><td>11.41<\/td><td>26.77-33.85<\/td><td>24.40-33.07<\/td><td>27.55-37.79<\/td><td>9.05<\/td><\/tr><tr><td>M<\/td><td>7.55&nbsp;<\/td><td>11.81<\/td><td>28.34-35.43<\/td><td>25.98-34.64<\/td><td>29.13-39.37<\/td><td>9.44<\/td><\/tr><tr><td>L<\/td><td>7.83&nbsp;<\/td><td>12.20&nbsp;<\/td><td>29.92-37.00<\/td><td>27.55-36.22<\/td><td>30.70-40.94<\/td><td>9.84&nbsp;<\/td><\/tr><tr><td colspan=\"7\">Huomautus:<br>1. Eri kokoisissa, paikoissa ja kankaissa voi olla 1-2 cm poikkeamaa. Kokotaulukko on vain viitteellinen, sill\u00e4 voi olla pieni\u00e4 eroja saamasi kanssa.<br>2. On olemassa 3 erilaista joustavuutta: korkea elastisuus (kaksipuolisesti venytetty), keskijoustavuus (yksipuolinen venytetty) ja ei-elastinen (ei voi venytt\u00e4\u00e4).<br>3.V\u00e4ri voi olla vaaleampi tai tummempi eri PC-n\u00e4yt\u00f6n vuoksi.<br>4.Pese k\u00e4sin 30-asteisessa vedess\u00e4, ripusta kuivumaan varjossa, est\u00e4 valkaisu.<br>5. Yksityiskohdissa ja kuvioissa saattaa olla hieman eroja.<\/td><\/tr><\/tbody><\/table><\/figure>\n\n\n\n<p><\/p>\n\n\n\n<p><\/p>","protected":false},"excerpt":{"rendered":"<p>Setti on suunniteltu metalliketjuilla, jotka lis\u00e4\u00e4v\u00e4t vieh\u00e4tysvoimaa kankaaseen ja mukavat k\u00e4ytt\u00e4\u00e4, yhteensopivissa pikkuhousuissa on l\u00e4pikuultavaa pitsi\u00e4 ja metalliketjuja, metalliketjupitsi l\u00e4pin\u00e4kyv\u00e4 rintaliivihoususarja on valmistettu laadukkaista materiaaleista, mik\u00e4 antaa sinulle itsevarma ilme.<\/p>\n<p>https:\/\/youtu.be\/hHH6AKG-cIk<\/p>","protected":false},"featured_media":39566,"template":"","meta":[],"product_brand":[],"product_cat":[368,374,367],"product_tag":[868,452,448,524,862],"class_list":{"0":"post-39555","1":"product","2":"type-product","3":"status-publish","4":"has-post-thumbnail","6":"product_cat-bra-panty-set","7":"product_cat-wholesale-garter-belt-set","8":"product_cat-sexy-lingerie","9":"product_tag-4-piece-lingerie-set","10":"product_tag-wholesale-boudoir-lingerie","11":"product_tag-wholesale-elegant-sexy-lingerie","12":"product_tag-metal-lingerie","13":"product_tag-sexy-silk-lingerie","14":"pa_color-black","15":"pa_color-red-women-sexy-lingerie","16":"pa_cup-full-cup","17":"pa_size-wholesale-large-size-women-sexy-lingerie","18":"pa_size-wholesale-medium-size-women-sexy-lingerie","19":"pa_size-wholesale-small-size-sexy-lingerie","21":"first","22":"instock","23":"taxable","24":"shipping-taxable","25":"purchasable","26":"product-type-variable"},"tiered_pricing_type":"fixed","tiered_pricing_fixed_rules":[],"tiered_pricing_product_settings":{"layout":"table","base_unit_name":{"singular":null,"plural":null},"default_variation":{}},"tiered_pricing_minimum_quantity":null,"tiered_pricing_roles_data":{"default_wholesaler":{"product_id":39555,"role":"default_wholesaler","pricing_type":"flat","regular_price":null,"sale_price":null,"discount":null,"discount_type":"sale_price","tiered_pricing_type":"fixed","percentage_rules":[],"fixed_rules":{"2":"9.39","30":"8.09","500":"7.09"},"minimum":null},"dropshippinger":{"product_id":39555,"role":"dropshippinger","pricing_type":"flat","regular_price":null,"sale_price":null,"discount":null,"discount_type":"sale_price","tiered_pricing_type":"fixed","percentage_rules":[],"fixed_rules":{"1":"11.29","5":"9.39","30":"7.09"},"minimum":null}},"tiered_pricing_percentage_rules":[],"tiered_pricing_maximum_quantity":null,"tiered_pricing_quantity_step":null,"_links":{"self":[{"href":"https:\/\/gretasexylingerie.com\/fi\/wp-json\/wp\/v2\/product\/39555","targetHints":{"allow":["GET"]}}],"collection":[{"href":"https:\/\/gretasexylingerie.com\/fi\/wp-json\/wp\/v2\/product"}],"about":[{"href":"https:\/\/gretasexylingerie.com\/fi\/wp-json\/wp\/v2\/types\/product"}],"wp:featuredmedia":[{"embeddable":true,"href":"https:\/\/gretasexylingerie.com\/fi\/wp-json\/wp\/v2\/media\/39566"}],"wp:attachment":[{"href":"https:\/\/gretasexylingerie.com\/fi\/wp-json\/wp\/v2\/media?parent=39555"}],"wp:term":[{"taxonomy":"product_brand","embeddable":true,"href":"https:\/\/gretasexylingerie.com\/fi\/wp-json\/wp\/v2\/product_brand?post=39555"},{"taxonomy":"product_cat","embeddable":true,"href":"https:\/\/gretasexylingerie.com\/fi\/wp-json\/wp\/v2\/product_cat?post=39555"},{"taxonomy":"product_tag","embeddable":true,"href":"https:\/\/gretasexylingerie.com\/fi\/wp-json\/wp\/v2\/product_tag?post=39555"}],"curies":[{"name":"wp","href":"https:\/\/api.w.org\/{rel}","templated":true}]}}