{"id":39537,"date":"2023-04-18T22:45:10","date_gmt":"2023-04-18T14:45:10","guid":{"rendered":"https:\/\/gretasexylingerie.com\/?post_type=product&#038;p=39537"},"modified":"2023-09-24T22:07:01","modified_gmt":"2023-09-24T14:07:01","slug":"metallinen-ketju-pitsi-perspektiivirintaliivit-housut-setti","status":"publish","type":"product","link":"https:\/\/gretasexylingerie.com\/fi\/products\/metal-chain-lace-perspective-bra-pants-set\/","title":{"rendered":"Metal Chain Lace Perspective Bra Pants Set"},"content":{"rendered":"<p>1. Edgy muotoilu: Metal Chain Lace Perspective -rintaliivit housut -setiss\u00e4 on ainutlaatuinen ja jyrkk\u00e4 muotoilu, joka erottaa sen muista alusvaatteista. Metalliketjun yksityiskohdat lis\u00e4\u00e4v\u00e4t rohkeutta herkk\u00e4\u00e4n pitsikankaaseen, mik\u00e4 tekee siit\u00e4 t\u00e4ydellisen valinnan rohkealle ja rohkealle naiselle.<\/p>\n\n\n\n<p>2. Mukava istuvuus: Valmistettu korkealaatuisista materiaaleista ja suunniteltu mukavuuttasi ajatellen, t\u00e4m\u00e4 setti tarjoaa mukavan ja tukevan istuvuuden. Rintaliiviss\u00e4 on kaarituki ja s\u00e4\u00e4dett\u00e4v\u00e4t olkaimet, ja pikkuhousuissa on mukava ja imarteleva korkea vy\u00f6t\u00e4r\u00f6.<\/p>\n\n\n\n<p>3. Leikkis\u00e4 ja seksik\u00e4s: pikkuhousujen l\u00e4pin\u00e4kyv\u00e4 pitsi ja metalliketju lis\u00e4\u00e4v\u00e4t sarjaan leikkis\u00e4\u00e4 ja seksik\u00e4st\u00e4 silausta, joten se on t\u00e4ydellinen lis\u00e4\u00e4m\u00e4\u00e4n j\u00e4nnityst\u00e4 mihin tahansa intiimiin tilaisuuteen.<\/p>\n\n\n\n<p>4. Suuri arvo: Metal Chain Lace Perspective Bra Pants Set tarjoaa uskomattoman arvon ainutlaatuiselle muotoilulleen ja laadulleen. Sinun ei tarvitse rikkoa pankkia tunteaksesi olosi itsevarmaksi ja seksikk\u00e4\u00e4ksi t\u00e4ss\u00e4 upeassa alusasusetiss\u00e4, ja sen ajaton muotoilu tarkoittaa, ett\u00e4 se on alusvaatemallistosi peruselementti tulevina vuosina.<\/p>\n\n\n\n<figure class=\"wp-block-table is-style-stripes\"><table><tbody><tr><td colspan=\"6\">Sivustokaavio (CM)<\/td><\/tr><tr><td>Koko<\/td><td>Pituus<\/td><td>Rinnan alla<\/td><td>Vy\u00f6t\u00e4r\u00f6linja<\/td><td>Alushousut vy\u00f6t\u00e4r\u00f6ll\u00e4<\/td><td>Alushousujen pituus<\/td><\/tr><tr><td>S<\/td><td>19<\/td><td>68-86<\/td><td>64-86<\/td><td>72-96<\/td><td>25<\/td><\/tr><tr><td>M<\/td><td>20<\/td><td>72-90<\/td><td>68-90<\/td><td>76-100<\/td><td>26<\/td><\/tr><tr><td>L<\/td><td>21<\/td><td>76-94<\/td><td>72-94<\/td><td>80-104<\/td><td>27<\/td><\/tr><tr><td colspan=\"6\">Sivustokaavio (TUUMA)<\/td><\/tr><tr><td>Koko<\/td><td>Pituus<\/td><td>Rinnan alla<\/td><td>Vy\u00f6t\u00e4r\u00f6linja<\/td><td>Alushousut vy\u00f6t\u00e4r\u00f6ll\u00e4<\/td><td>Alushousujen pituus<\/td><\/tr><tr><td>S<\/td><td>7.48&nbsp;<\/td><td>26.77-33.85<\/td><td>25.19-33.85<\/td><td>28.34-37.79<\/td><td>9.84<\/td><\/tr><tr><td>M<\/td><td>7.87&nbsp;<\/td><td>28.34-35.43<\/td><td>26.77-35.43<\/td><td>29.92-39.37<\/td><td>10.23<\/td><\/tr><tr><td>L<\/td><td>8.26&nbsp;<\/td><td>29.92-37.00<\/td><td>28.34-37.00<\/td><td>31.49-40.94<\/td><td>10.62&nbsp;<\/td><\/tr><tr><td colspan=\"6\">Huomautus:<br>1. Eri kokoisissa, paikoissa ja kankaissa voi olla 1-2 cm poikkeamaa. Kokotaulukko on vain viitteellinen, sill\u00e4 voi olla pieni\u00e4 eroja saamasi kanssa.<br>2. On olemassa 3 erilaista joustavuutta: korkea elastisuus (kaksipuolisesti venytetty), keskijoustavuus (yksipuolinen venytetty) ja ei-elastinen (ei voi venytt\u00e4\u00e4).<br>3.V\u00e4ri voi olla vaaleampi tai tummempi eri PC-n\u00e4yt\u00f6n vuoksi.<br>4.Pese k\u00e4sin 30-asteisessa vedess\u00e4, ripusta kuivumaan varjossa, est\u00e4 valkaisu.<br>5. Yksityiskohdissa ja kuvioissa saattaa olla hieman eroja.<\/td><\/tr><\/tbody><\/table><\/figure>\n\n\n\n<p><\/p>","protected":false},"excerpt":{"rendered":"<p>Setti on suunniteltu metalliketjuilla lis\u00e4\u00e4m\u00e4\u00e4n vieh\u00e4tysvoimaa kankaaseen ja mukavuutta k\u00e4ytt\u00e4\u00e4, ja siihen sopivat pikkuhousut on suunniteltu l\u00e4pin\u00e4kyvill\u00e4 pitsill\u00e4 ja metalliketjuilla, metalliketjut pitsit l\u00e4pin\u00e4kyv\u00e4t rintaliivit housutsetti on valmistettu korkealaatuisista materiaaleista ja suunniteltu t\u00e4yden mukavuuden saavuttamiseksi.<\/p>","protected":false},"featured_media":39545,"template":"","meta":[],"product_brand":[],"product_cat":[368,374,367,375],"product_tag":[507,452,448,532,524,973,446],"class_list":{"0":"post-39537","1":"product","2":"type-product","3":"status-publish","4":"has-post-thumbnail","6":"product_cat-bra-panty-set","7":"product_cat-wholesale-garter-belt-set","8":"product_cat-sexy-lingerie","9":"product_cat-whoelsale-sheer-bra-and-panty-sets","10":"product_tag-three-pcs-set","11":"product_tag-wholesale-boudoir-lingerie","12":"product_tag-wholesale-elegant-sexy-lingerie","13":"product_tag-lingerie-suspender-set","14":"product_tag-metal-lingerie","15":"product_tag-oem","16":"product_tag-wholesale-sexy-see-through-lingerie","17":"pa_color-black","18":"pa_color-red-women-sexy-lingerie","19":"pa_cup-full-cup","20":"pa_size-wholesale-large-size-women-sexy-lingerie","21":"pa_size-wholesale-medium-size-women-sexy-lingerie","22":"pa_size-wholesale-small-size-sexy-lingerie","24":"first","25":"instock","26":"taxable","27":"shipping-taxable","28":"purchasable","29":"product-type-variable"},"tiered_pricing_type":"fixed","tiered_pricing_fixed_rules":[],"tiered_pricing_product_settings":{"layout":"default","base_unit_name":{"singular":null,"plural":null},"default_variation":{}},"tiered_pricing_minimum_quantity":150,"tiered_pricing_roles_data":{"default_wholesaler":{"product_id":39537,"role":"default_wholesaler","pricing_type":"flat","regular_price":null,"sale_price":null,"discount":null,"discount_type":"sale_price","tiered_pricing_type":"fixed","percentage_rules":[],"fixed_rules":{"2":"10.19","30":"8.79","500":"7.69"},"minimum":null},"dropshippinger":{"product_id":39537,"role":"dropshippinger","pricing_type":"flat","regular_price":null,"sale_price":null,"discount":null,"discount_type":"sale_price","tiered_pricing_type":"fixed","percentage_rules":[],"fixed_rules":{"1":"12.19","5":"10.19","30":"7.69"},"minimum":null}},"tiered_pricing_percentage_rules":[],"tiered_pricing_maximum_quantity":null,"tiered_pricing_quantity_step":null,"_links":{"self":[{"href":"https:\/\/gretasexylingerie.com\/fi\/wp-json\/wp\/v2\/product\/39537","targetHints":{"allow":["GET"]}}],"collection":[{"href":"https:\/\/gretasexylingerie.com\/fi\/wp-json\/wp\/v2\/product"}],"about":[{"href":"https:\/\/gretasexylingerie.com\/fi\/wp-json\/wp\/v2\/types\/product"}],"wp:featuredmedia":[{"embeddable":true,"href":"https:\/\/gretasexylingerie.com\/fi\/wp-json\/wp\/v2\/media\/39545"}],"wp:attachment":[{"href":"https:\/\/gretasexylingerie.com\/fi\/wp-json\/wp\/v2\/media?parent=39537"}],"wp:term":[{"taxonomy":"product_brand","embeddable":true,"href":"https:\/\/gretasexylingerie.com\/fi\/wp-json\/wp\/v2\/product_brand?post=39537"},{"taxonomy":"product_cat","embeddable":true,"href":"https:\/\/gretasexylingerie.com\/fi\/wp-json\/wp\/v2\/product_cat?post=39537"},{"taxonomy":"product_tag","embeddable":true,"href":"https:\/\/gretasexylingerie.com\/fi\/wp-json\/wp\/v2\/product_tag?post=39537"}],"curies":[{"name":"wp","href":"https:\/\/api.w.org\/{rel}","templated":true}]}}