{"id":39521,"date":"2023-04-18T22:31:10","date_gmt":"2023-04-18T14:31:10","guid":{"rendered":"https:\/\/gretasexylingerie.com\/?post_type=product&#038;p=39521"},"modified":"2023-12-09T19:40:44","modified_gmt":"2023-12-09T11:40:44","slug":"sukkanauhakorsettirintaliivit-pikkuhoususetti","status":"publish","type":"product","link":"https:\/\/gretasexylingerie.com\/fi\/products\/gartered-corset-bra-panty-set\/","title":{"rendered":"Sukkanauhakorsetti-Bra-housut"},"content":{"rendered":"<p>1.Monipuolinen tyyli: Sukkanauhakorsettirintaliivit pikkuhousut Set on t\u00e4ydellinen alusasusetti kaikkiin tilaisuuksiin. Olitpa pukeutumassa romanttiseen iltaan tai haluat vain tuntea olosi itsevarmaksi ja seksikk\u00e4\u00e4ksi arkeen, t\u00e4m\u00e4 setti on tarpeeksi monipuolinen sopimaan mihin tahansa tunnelmaan tai tilaisuuteen.<\/p>\n\n\n\n<p>2. Mairitteleva muotoilu: Sek\u00e4 korkeavy\u00f6t\u00e4r\u00f6iset pikkuhousut ett\u00e4 korsettyyliset rintaliivit on suunniteltu tasoittamaan muotojasi ja parantamaan luonnollista kauneuttasi.<\/p>\n\n\n\n<p>3. Mukava istuvuus: Sukkanauhakorsettihousut on valmistettu korkealaatuisista materiaaleista ja suunniteltu mukavuuttasi ajatellen, mik\u00e4 tarjoaa mukavan ja tukevan istuvuuden.<\/p>\n\n\n\n<p>4. Suuri arvo: Setti tarjoaa uskomattoman arvon sen laadulle ja muotoilulle. Tunne olosi itsevarmaksi ja seksikk\u00e4\u00e4ksi rikkomatta pankkia t\u00e4ss\u00e4 upeassa alusasusetiss\u00e4.<\/p>\n\n\n\n<figure class=\"wp-block-table is-style-stripes\"><table class=\"has-fixed-layout\"><tbody><tr><td colspan=\"6\">Sivustokaavio (CM)<\/td><\/tr><tr><td>Koko<\/td><td class=\"has-text-align-center\" data-align=\"center\">Kupin korkeus<\/td><td class=\"has-text-align-center\" data-align=\"center\">Rinnan alla<\/td><td class=\"has-text-align-center\" data-align=\"center\">Vy\u00f6t\u00e4r\u00f6<\/td><td class=\"has-text-align-center\" data-align=\"center\">Alushousut vy\u00f6t\u00e4r\u00f6ll\u00e4<\/td><td class=\"has-text-align-center\" data-align=\"center\">Alushousujen pituus<\/td><\/tr><tr><td>S<\/td><td class=\"has-text-align-center\" data-align=\"center\">14<\/td><td class=\"has-text-align-center\" data-align=\"center\">61-86<\/td><td class=\"has-text-align-center\" data-align=\"center\">62-98<\/td><td class=\"has-text-align-center\" data-align=\"center\">65-98<\/td><td class=\"has-text-align-center\" data-align=\"center\">21<\/td><\/tr><tr><td>M<\/td><td class=\"has-text-align-center\" data-align=\"center\">15<\/td><td class=\"has-text-align-center\" data-align=\"center\">65-90<\/td><td class=\"has-text-align-center\" data-align=\"center\">66-102<\/td><td class=\"has-text-align-center\" data-align=\"center\">69-102<\/td><td class=\"has-text-align-center\" data-align=\"center\">22<\/td><\/tr><tr><td>L<\/td><td class=\"has-text-align-center\" data-align=\"center\">16<\/td><td class=\"has-text-align-center\" data-align=\"center\">69-94<\/td><td class=\"has-text-align-center\" data-align=\"center\">70-106<\/td><td class=\"has-text-align-center\" data-align=\"center\">73-106<\/td><td class=\"has-text-align-center\" data-align=\"center\">23<\/td><\/tr><tr><td colspan=\"6\">Sivustokaavio (TUUMA)<\/td><\/tr><tr><td>Koko<\/td><td class=\"has-text-align-center\" data-align=\"center\">Kupin korkeus<\/td><td class=\"has-text-align-center\" data-align=\"center\">Rinnan alla<\/td><td class=\"has-text-align-center\" data-align=\"center\">Vy\u00f6t\u00e4r\u00f6<\/td><td class=\"has-text-align-center\" data-align=\"center\">Alushousut vy\u00f6t\u00e4r\u00f6ll\u00e4<\/td><td class=\"has-text-align-center\" data-align=\"center\">Alushousujen pituus<\/td><\/tr><tr><td>S<\/td><td class=\"has-text-align-center\" data-align=\"center\">5.51&nbsp;<\/td><td class=\"has-text-align-center\" data-align=\"center\">24.01-33.85<\/td><td class=\"has-text-align-center\" data-align=\"center\">24.40-38.58<\/td><td class=\"has-text-align-center\" data-align=\"center\">25.59-38.58<\/td><td class=\"has-text-align-center\" data-align=\"center\">8.26<\/td><\/tr><tr><td>M<\/td><td class=\"has-text-align-center\" data-align=\"center\">5.90&nbsp;<\/td><td class=\"has-text-align-center\" data-align=\"center\">25.59-35.43<\/td><td class=\"has-text-align-center\" data-align=\"center\">25.98-40.15<\/td><td class=\"has-text-align-center\" data-align=\"center\">27.16-40.15<\/td><td class=\"has-text-align-center\" data-align=\"center\">8.66<\/td><\/tr><tr><td>L<\/td><td class=\"has-text-align-center\" data-align=\"center\">6.29&nbsp;<\/td><td class=\"has-text-align-center\" data-align=\"center\">27.16-37.00<\/td><td class=\"has-text-align-center\" data-align=\"center\">27.55-41.73<\/td><td class=\"has-text-align-center\" data-align=\"center\">28.74-41.73<\/td><td class=\"has-text-align-center\" data-align=\"center\">9.05&nbsp;<\/td><\/tr><tr><td colspan=\"6\">Huomautus:<br>1. Eri kokoisissa, paikoissa ja kankaissa voi olla 1-2 cm poikkeamaa. Kokotaulukko on vain viitteellinen, sill\u00e4 voi olla pieni\u00e4 eroja saamasi kanssa.<br>2. On olemassa 3 erilaista joustavuutta: korkea elastisuus (kaksipuolisesti venytetty), keskijoustavuus (yksipuolinen venytetty) ja ei-elastinen (ei voi venytt\u00e4\u00e4).<br>3.V\u00e4ri voi olla vaaleampi tai tummempi eri PC-n\u00e4yt\u00f6n vuoksi.<br>4.Pese k\u00e4sin 30-asteisessa vedess\u00e4, ripusta kuivumaan varjossa, est\u00e4 valkaisu.<br>5. Yksityiskohdissa ja kuvioissa saattaa olla hieman eroja.<\/td><\/tr><\/tbody><\/table><\/figure>\n\n\n\n<p><\/p>","protected":false},"excerpt":{"rendered":"<p>Kauniissa korsettyylisiss\u00e4 rintaliiveiss\u00e4, joissa on s\u00e4\u00e4dett\u00e4v\u00e4t olkaimet ja sukkanauhat, t\u00e4m\u00e4 setti on t\u00e4ydellinen lis\u00e4\u00e4m\u00e4\u00e4n ripauksen glamouria mihin tahansa intiimiin tilaisuuteen. Yhteensopivissa pikkuhousuissa on imarteleva korkea vy\u00f6t\u00e4r\u00f6 ja herk\u00e4t pitsiyksityiskohdat naisellisen ja elegantin ilmeen luomiseksi.<\/p>","protected":false},"featured_media":39531,"template":"","meta":[],"product_brand":[],"product_cat":[368,374,367],"product_tag":[507,861,448,454,532,524,973,453],"class_list":{"0":"post-39521","1":"product","2":"type-product","3":"status-publish","4":"has-post-thumbnail","6":"product_cat-bra-panty-set","7":"product_cat-wholesale-garter-belt-set","8":"product_cat-sexy-lingerie","9":"product_tag-three-pcs-set","10":"product_tag-brunette-lingerie","11":"product_tag-wholesale-elegant-sexy-lingerie","12":"product_tag-wholesale-sexy-embroidered-lingerie","13":"product_tag-lingerie-suspender-set","14":"product_tag-metal-lingerie","15":"product_tag-oem","16":"product_tag-wholesale-sexy-naughty-lingerie","17":"pa_color-black","18":"pa_cup-full-cup","19":"pa_size-wholesale-large-size-women-sexy-lingerie","20":"pa_size-wholesale-medium-size-women-sexy-lingerie","21":"pa_size-wholesale-small-size-sexy-lingerie","23":"first","24":"outofstock","25":"taxable","26":"shipping-taxable","27":"purchasable","28":"product-type-variable"},"tiered_pricing_type":"fixed","tiered_pricing_fixed_rules":[],"tiered_pricing_product_settings":{"layout":"default","base_unit_name":{"singular":null,"plural":null},"default_variation":{}},"tiered_pricing_minimum_quantity":null,"tiered_pricing_roles_data":{"default_wholesaler":{"product_id":39521,"role":"default_wholesaler","pricing_type":"flat","regular_price":null,"sale_price":null,"discount":null,"discount_type":"sale_price","tiered_pricing_type":"fixed","percentage_rules":[],"fixed_rules":{"2":"10.99","30":"9.39","500":"8.29"},"minimum":null},"dropshippinger":{"product_id":39521,"role":"dropshippinger","pricing_type":"flat","regular_price":null,"sale_price":null,"discount":null,"discount_type":"sale_price","tiered_pricing_type":"fixed","percentage_rules":[],"fixed_rules":{"1":"13.19","5":"10.99","30":"8.29"},"minimum":null}},"tiered_pricing_percentage_rules":[],"tiered_pricing_maximum_quantity":null,"tiered_pricing_quantity_step":null,"_links":{"self":[{"href":"https:\/\/gretasexylingerie.com\/fi\/wp-json\/wp\/v2\/product\/39521","targetHints":{"allow":["GET"]}}],"collection":[{"href":"https:\/\/gretasexylingerie.com\/fi\/wp-json\/wp\/v2\/product"}],"about":[{"href":"https:\/\/gretasexylingerie.com\/fi\/wp-json\/wp\/v2\/types\/product"}],"wp:featuredmedia":[{"embeddable":true,"href":"https:\/\/gretasexylingerie.com\/fi\/wp-json\/wp\/v2\/media\/39531"}],"wp:attachment":[{"href":"https:\/\/gretasexylingerie.com\/fi\/wp-json\/wp\/v2\/media?parent=39521"}],"wp:term":[{"taxonomy":"product_brand","embeddable":true,"href":"https:\/\/gretasexylingerie.com\/fi\/wp-json\/wp\/v2\/product_brand?post=39521"},{"taxonomy":"product_cat","embeddable":true,"href":"https:\/\/gretasexylingerie.com\/fi\/wp-json\/wp\/v2\/product_cat?post=39521"},{"taxonomy":"product_tag","embeddable":true,"href":"https:\/\/gretasexylingerie.com\/fi\/wp-json\/wp\/v2\/product_tag?post=39521"}],"curies":[{"name":"wp","href":"https:\/\/api.w.org\/{rel}","templated":true}]}}