{"id":39514,"date":"2023-04-18T22:19:20","date_gmt":"2023-04-18T14:19:20","guid":{"rendered":"https:\/\/gretasexylingerie.com\/?post_type=product&#038;p=39514"},"modified":"2023-09-05T20:51:20","modified_gmt":"2023-09-05T12:51:20","slug":"kalastusverkko-pitsi-perspektiivirintaliivit-pikkuhoususetti","status":"publish","type":"product","link":"https:\/\/gretasexylingerie.com\/fi\/products\/fishing-net-lace-perspective-bra-panty-set\/","title":{"rendered":"Kalastusverkko Pitsi Perspective Bran pikkuhousut"},"content":{"rendered":"<p>1. Upea muotoilu: Fishing Net Lace Perspective -rintaliivit pikkuhousut Setiss\u00e4 on kaunis ja monimutkainen kalaverkkopitsi, joka varmasti k\u00e4\u00e4nt\u00e4\u00e4 p\u00e4\u00e4t ja saa sinut tuntemaan olosi itsevarmaksi ja seksikk\u00e4\u00e4ksi.<\/p>\n\n\n\n<p>2. Mukava istuvuus: T\u00e4m\u00e4 sarja on valmistettu korkealaatuisista materiaaleista ja suunniteltu mukavuuttasi ajatellen. Rintaliiviss\u00e4 on kaarituki mukavan istuvuuden takaamiseksi, kun taas pikkuhousuissa on matala muotoilu, joka ei uppoa tai aiheuta ep\u00e4mukavuutta.<\/p>\n\n\n\n<p>3. Monipuolinen tyyli: Haluatpa sitten lis\u00e4t\u00e4 ripaus viettely\u00e4 romanttiseen iltaan tai vain tuntea olosi varmaksi ja tyylikk\u00e4\u00e4ksi jokap\u00e4iv\u00e4isess\u00e4 el\u00e4m\u00e4ss\u00e4si, t\u00e4m\u00e4 setti on t\u00e4ydellinen. Kalastusverkkopitsisuunnittelu on sek\u00e4 leikkis\u00e4 ett\u00e4 hienostunut, joten se on monipuolinen lis\u00e4 alusvaatemallistoon.<\/p>\n\n\n\n<p>4. Suuri arvo: Fishing Net Lace Perspective -rintaliivihousut tarjoavat uskomatonta vastinetta laadulleen ja muotoilulleen. Sinun ei tarvitse rikkoa pankkia tunteaksesi olosi itsevarmaksi ja seksikk\u00e4\u00e4ksi t\u00e4ss\u00e4 upeassa alusasusetiss\u00e4.<\/p>\n\n\n\n<figure class=\"wp-block-table is-style-stripes\"><table><tbody><tr><td colspan=\"8\">Sivustokaavio (CM)<\/td><\/tr><tr><td>Koko<\/td><td>Pituus<\/td><td>Olkap\u00e4\u00e4<\/td><td>Rinnan alla<\/td><td>Vy\u00f6t\u00e4r\u00f6linja<\/td><td>Alushousut vy\u00f6t\u00e4r\u00f6ll\u00e4<\/td><td>Alushousujen pituus<\/td><td>Reisi<\/td><\/tr><tr><td>S<\/td><td>17<\/td><td>33<\/td><td>69-86<\/td><td>62<\/td><td>64-94<\/td><td>26<\/td><td>44<\/td><\/tr><tr><td>M<\/td><td>17.8<\/td><td>33<\/td><td>73-90<\/td><td>66<\/td><td>68-98<\/td><td>27<\/td><td>46<\/td><\/tr><tr><td>L<\/td><td>18.6<\/td><td>33<\/td><td>77-94<\/td><td>70<\/td><td>70-102<\/td><td>28<\/td><td>48<\/td><\/tr><tr><td colspan=\"8\">Sivustokaavio (TUUMA)<\/td><\/tr><tr><td>Koko<\/td><td>Pituus<\/td><td>Olkap\u00e4\u00e4<\/td><td>Rinnan alla<\/td><td>Vy\u00f6t\u00e4r\u00f6linja<\/td><td>Alushousut vy\u00f6t\u00e4r\u00f6ll\u00e4<\/td><td>Alushousujen pituus<\/td><td>Reisi<\/td><\/tr><tr><td>S<\/td><td>6.69&nbsp;<\/td><td>12.99<\/td><td>27.16-33.85<\/td><td>24.40&nbsp;<\/td><td>25.19-37.00<\/td><td>10.23<\/td><td>17.32<\/td><\/tr><tr><td>M<\/td><td>7.00&nbsp;<\/td><td>12.99<\/td><td>28.74-35.43<\/td><td>25.98<\/td><td>26.77-38.58<\/td><td>10.62<\/td><td>18.11<\/td><\/tr><tr><td>L<\/td><td>7.32&nbsp;<\/td><td>12.99<\/td><td>30.31-37<\/td><td>27.55<\/td><td>27.55-40.15<\/td><td>11.02&nbsp;<\/td><td>18.89&nbsp;<\/td><\/tr><tr><td colspan=\"8\">Huomautus:<br>1. Eri kokoisissa, paikoissa ja kankaissa voi olla 1-2 cm poikkeamaa. Kokotaulukko on vain viitteellinen, sill\u00e4 voi olla pieni\u00e4 eroja saamasi kanssa.<br>2. On olemassa 3 erilaista joustavuutta: korkea elastisuus (kaksipuolisesti venytetty), keskijoustavuus (yksipuolinen venytetty) ja ei-elastinen (ei voi venytt\u00e4\u00e4).<br>3.V\u00e4ri voi olla vaaleampi tai tummempi eri PC-n\u00e4yt\u00f6n vuoksi.<br>4.Pese k\u00e4sin 30-asteisessa vedess\u00e4, ripusta kuivumaan varjossa, est\u00e4 valkaisu.<br>5. Yksityiskohdissa ja kuvioissa saattaa olla hieman eroja.<\/td><\/tr><\/tbody><\/table><\/figure>\n\n\n\n<p><\/p>","protected":false},"excerpt":{"rendered":"<p>T\u00e4m\u00e4 hurmaavalla verkkopitsill\u00e4 muotoiltu setti on t\u00e4ydellinen lis\u00e4\u00e4m\u00e4\u00e4n ripauksen glamouria mihin tahansa intiimiin tilaisuuteen. Mukava ja imarteleva kangas, jossa on matala nousu ja l\u00e4pin\u00e4kyv\u00e4 verkko, joka luo rohkean ja leikkis\u00e4n ilmeen, joten se on t\u00e4ydellinen lis\u00e4 alusvaatekokoelmaasi.<\/p>","protected":false},"featured_media":39519,"template":"","meta":[],"product_brand":[],"product_cat":[368,374,369,367],"product_tag":[868,861,522,870,875,532,446,453,865],"class_list":{"0":"post-39514","1":"product","2":"type-product","3":"status-publish","4":"has-post-thumbnail","6":"product_cat-bra-panty-set","7":"product_cat-wholesale-garter-belt-set","8":"product_cat-wholesale-lace-bra-and-panty-sets","9":"product_cat-sexy-lingerie","10":"product_tag-4-piece-lingerie-set","11":"product_tag-brunette-lingerie","12":"product_tag-eyelash-lingerie","13":"product_tag-floral-lingerie","14":"product_tag-lace-sexy-lingerie","15":"product_tag-lingerie-suspender-set","16":"product_tag-wholesale-sexy-see-through-lingerie","17":"product_tag-wholesale-sexy-naughty-lingerie","18":"product_tag-sexy-skimpy-lingerie","19":"pa_color-black","20":"pa_cup-wholesale-half-cup-women-sexy-lingerie","21":"pa_size-wholesale-large-size-women-sexy-lingerie","22":"pa_size-wholesale-medium-size-women-sexy-lingerie","23":"pa_size-wholesale-small-size-sexy-lingerie","25":"first","26":"instock","27":"taxable","28":"shipping-taxable","29":"purchasable","30":"product-type-variable"},"tiered_pricing_type":"fixed","tiered_pricing_fixed_rules":[],"tiered_pricing_product_settings":{"layout":"default","base_unit_name":{"singular":null,"plural":null},"default_variation":null},"tiered_pricing_minimum_quantity":null,"tiered_pricing_roles_data":{"default_wholesaler":{"product_id":39514,"role":"default_wholesaler","pricing_type":"flat","regular_price":null,"sale_price":null,"discount":null,"discount_type":"sale_price","tiered_pricing_type":"fixed","percentage_rules":[],"fixed_rules":{"2":"11.99","30":"10.29","500":"8.99"},"minimum":null},"dropshippinger":{"product_id":39514,"role":"dropshippinger","pricing_type":"flat","regular_price":null,"sale_price":null,"discount":null,"discount_type":"sale_price","tiered_pricing_type":"fixed","percentage_rules":[],"fixed_rules":{"1":"14.39","5":"11.99","30":"8.99"},"minimum":null}},"tiered_pricing_percentage_rules":[],"tiered_pricing_maximum_quantity":null,"tiered_pricing_quantity_step":null,"_links":{"self":[{"href":"https:\/\/gretasexylingerie.com\/fi\/wp-json\/wp\/v2\/product\/39514","targetHints":{"allow":["GET"]}}],"collection":[{"href":"https:\/\/gretasexylingerie.com\/fi\/wp-json\/wp\/v2\/product"}],"about":[{"href":"https:\/\/gretasexylingerie.com\/fi\/wp-json\/wp\/v2\/types\/product"}],"wp:featuredmedia":[{"embeddable":true,"href":"https:\/\/gretasexylingerie.com\/fi\/wp-json\/wp\/v2\/media\/39519"}],"wp:attachment":[{"href":"https:\/\/gretasexylingerie.com\/fi\/wp-json\/wp\/v2\/media?parent=39514"}],"wp:term":[{"taxonomy":"product_brand","embeddable":true,"href":"https:\/\/gretasexylingerie.com\/fi\/wp-json\/wp\/v2\/product_brand?post=39514"},{"taxonomy":"product_cat","embeddable":true,"href":"https:\/\/gretasexylingerie.com\/fi\/wp-json\/wp\/v2\/product_cat?post=39514"},{"taxonomy":"product_tag","embeddable":true,"href":"https:\/\/gretasexylingerie.com\/fi\/wp-json\/wp\/v2\/product_tag?post=39514"}],"curies":[{"name":"wp","href":"https:\/\/api.w.org\/{rel}","templated":true}]}}