{"id":39444,"date":"2023-04-18T20:08:39","date_gmt":"2023-04-18T12:08:39","guid":{"rendered":"https:\/\/gretasexylingerie.com\/?post_type=product&#038;p=39444"},"modified":"2023-11-10T21:53:11","modified_gmt":"2023-11-10T13:53:11","slug":"kirjailtu-ontto-seksikas-alusvaatteita-seksikas-setti","status":"publish","type":"product","link":"https:\/\/gretasexylingerie.com\/fi\/products\/embroidered-hollow-sexy-lingerie-sexy-set\/","title":{"rendered":"Brodeerattu Hollow Sexy Alusvaatteet Sexy Set"},"content":{"rendered":"<p>1.Erinomainen kirjonta: Brodeerattu Hollow Sexy Lingerie Sexy -setti sis\u00e4lt\u00e4\u00e4 monimutkaisia ja kauniita kirjontaa, joka lis\u00e4\u00e4 ripauksen eleganssia ja ylellisyytt\u00e4 alusvaatekokoelmaasi.<\/p>\n\n\n\n<p>2. Mukava ja hengitt\u00e4v\u00e4: T\u00e4m\u00e4 alusvaatesarja on valmistettu pehmeist\u00e4 ja kevyist\u00e4 materiaaleista, ja se on suunniteltu mukavaksi ja hengitt\u00e4v\u00e4ksi, joten voit tuntea olosi itsevarmaksi ja mukavaksi koko p\u00e4iv\u00e4n.<\/p>\n\n\n\n<p>3. Monipuolinen k\u00e4ytt\u00f6: T\u00e4m\u00e4 alusvaatesarja on tarpeeksi monipuolinen k\u00e4ytett\u00e4v\u00e4ksi sek\u00e4 alus- ett\u00e4 p\u00e4\u00e4llysvaatteina, joten se on loistava lis\u00e4 mihin tahansa vaatekaappiin.<\/p>\n\n\n\n<p>4. T\u00e4ydellinen erityistilaisuuksiin: Etsitp\u00e4 sitten romanttista iltaa tai erityist\u00e4 tapahtumaa, t\u00e4m\u00e4 alusvaatesarja on t\u00e4ydellinen valinta seksikk\u00e4\u00e4lle ja hienostuneelle lookille, joka saa sinut tuntemaan olosi itsevarmaksi ja voimaantuneeksi.<\/p>\n\n\n\n<figure class=\"wp-block-table\"><table><tbody><tr><td colspan=\"6\">Sivustokaavio (CM)<\/td><\/tr><tr><td>Koko<\/td><td class=\"has-text-align-center\" data-align=\"center\">Kupin korkeus<\/td><td class=\"has-text-align-center\" data-align=\"center\">Rinnan alla<\/td><td class=\"has-text-align-center\" data-align=\"center\">Alushousut vy\u00f6t\u00e4r\u00f6ll\u00e4<\/td><td class=\"has-text-align-center\" data-align=\"center\">Alushousujen pituus<\/td><td class=\"has-text-align-center\" data-align=\"center\">Vy\u00f6t\u00e4r\u00f6linja<\/td><\/tr><tr><td>S<\/td><td class=\"has-text-align-center\" data-align=\"center\">12.5<\/td><td class=\"has-text-align-center\" data-align=\"center\">70-86<\/td><td class=\"has-text-align-center\" data-align=\"center\">66-96<\/td><td class=\"has-text-align-center\" data-align=\"center\">20<\/td><td class=\"has-text-align-center\" data-align=\"center\">58<\/td><\/tr><tr><td>M<\/td><td class=\"has-text-align-center\" data-align=\"center\">13.5<\/td><td class=\"has-text-align-center\" data-align=\"center\">74-90<\/td><td class=\"has-text-align-center\" data-align=\"center\">70-100<\/td><td class=\"has-text-align-center\" data-align=\"center\">21<\/td><td class=\"has-text-align-center\" data-align=\"center\">62<\/td><\/tr><tr><td>L<\/td><td class=\"has-text-align-center\" data-align=\"center\">14.5<\/td><td class=\"has-text-align-center\" data-align=\"center\">78-94<\/td><td class=\"has-text-align-center\" data-align=\"center\">74-104<\/td><td class=\"has-text-align-center\" data-align=\"center\">22<\/td><td class=\"has-text-align-center\" data-align=\"center\">67<\/td><\/tr><tr><td colspan=\"6\">Sivustokaavio (TUUMA)<\/td><\/tr><tr><td>Koko<\/td><td class=\"has-text-align-center\" data-align=\"center\">Kupin korkeus<\/td><td class=\"has-text-align-center\" data-align=\"center\">Rinnan alla<\/td><td class=\"has-text-align-center\" data-align=\"center\">Alushousut vy\u00f6t\u00e4r\u00f6ll\u00e4<\/td><td class=\"has-text-align-center\" data-align=\"center\">Alushousujen pituus<\/td><td class=\"has-text-align-center\" data-align=\"center\">Vy\u00f6t\u00e4r\u00f6linja<\/td><\/tr><tr><td>S<\/td><td class=\"has-text-align-center\" data-align=\"center\">4.92<\/td><td class=\"has-text-align-center\" data-align=\"center\">27.55-33.85<\/td><td class=\"has-text-align-center\" data-align=\"center\">25.19-37.79<\/td><td class=\"has-text-align-center\" data-align=\"center\">7.87<\/td><td class=\"has-text-align-center\" data-align=\"center\">22.83<\/td><\/tr><tr><td>M<\/td><td class=\"has-text-align-center\" data-align=\"center\">5.31<\/td><td class=\"has-text-align-center\" data-align=\"center\">29.13-35.43<\/td><td class=\"has-text-align-center\" data-align=\"center\">26.77-39.37<\/td><td class=\"has-text-align-center\" data-align=\"center\">8.26<\/td><td class=\"has-text-align-center\" data-align=\"center\">24.40&nbsp;<\/td><\/tr><tr><td>L<\/td><td class=\"has-text-align-center\" data-align=\"center\">5.70&nbsp;<\/td><td class=\"has-text-align-center\" data-align=\"center\">30.70-37.00<\/td><td class=\"has-text-align-center\" data-align=\"center\">28.34-40.94<\/td><td class=\"has-text-align-center\" data-align=\"center\">8.66&nbsp;<\/td><td class=\"has-text-align-center\" data-align=\"center\">26.37&nbsp;<\/td><\/tr><tr><td colspan=\"6\">Huomautus:<br>1. Eri kokoisissa, paikoissa ja kankaissa voi olla 1-2 cm poikkeamaa. Kokotaulukko on vain viitteellinen, sill\u00e4 voi olla pieni\u00e4 eroja saamasi kanssa.<br>2. On olemassa 3 erilaista joustavuutta: korkea elastisuus (kaksipuolisesti venytetty), keskijoustavuus (yksipuolinen venytetty) ja ei-elastinen (ei voi venytt\u00e4\u00e4).<br>3.V\u00e4ri voi olla vaaleampi tai tummempi eri PC-n\u00e4yt\u00f6n vuoksi.<br>4.Pese k\u00e4sin 30-asteisessa vedess\u00e4, ripusta kuivumaan varjossa, est\u00e4 valkaisu.<br>5. Yksityiskohdissa ja kuvioissa saattaa olla hieman eroja.<\/td><\/tr><\/tbody><\/table><\/figure>\n\n\n\n<p><\/p>","protected":false},"excerpt":{"rendered":"<p>Kaikissa sarjoissa on upeat leikkausmallit, jotka lis\u00e4\u00e4v\u00e4t tyyli\u00e4si, kun taas s\u00e4\u00e4dett\u00e4v\u00e4t olkaimet ja olkaimet tarjoavat mukautettavan istuvuuden jokaiseen vartalon muotoon. \u00c4l\u00e4 tyydy tavallisiin alusvaatteisiin, k\u00e4yt\u00e4 kirjailtuja leikattuja seksikk\u00e4it\u00e4 alusasupukuja, astu \u00e4\u00e4rimm\u00e4isen viettelyn maailmaan.<\/p>\n<p>https:\/\/youtu.be\/PJ8shHTwhKo<\/p>","protected":false},"featured_media":39452,"template":"","meta":[],"product_brand":[],"product_cat":[368,374,367,375],"product_tag":[868,512,861,454,518,451,446,864],"class_list":{"0":"post-39444","1":"product","2":"type-product","3":"status-publish","4":"has-post-thumbnail","6":"product_cat-bra-panty-set","7":"product_cat-wholesale-garter-belt-set","8":"product_cat-sexy-lingerie","9":"product_cat-whoelsale-sheer-bra-and-panty-sets","10":"product_tag-4-piece-lingerie-set","11":"product_tag-bow-lingerie","12":"product_tag-brunette-lingerie","13":"product_tag-wholesale-sexy-embroidered-lingerie","14":"product_tag-mesh-lingerie","15":"product_tag-wholesale-revealing-lingerie","16":"product_tag-wholesale-sexy-see-through-lingerie","17":"product_tag-sexy-petite-lingerie","18":"pa_color-black","19":"pa_color-red-women-sexy-lingerie","20":"pa_cup-wholesale-half-cup-women-sexy-lingerie","21":"pa_size-wholesale-large-size-women-sexy-lingerie","22":"pa_size-wholesale-medium-size-women-sexy-lingerie","23":"pa_size-wholesale-small-size-sexy-lingerie","25":"first","26":"instock","27":"taxable","28":"shipping-taxable","29":"purchasable","30":"product-type-variable"},"tiered_pricing_type":"fixed","tiered_pricing_fixed_rules":[],"tiered_pricing_product_settings":{"layout":"default","base_unit_name":{"singular":null,"plural":null},"default_variation":{}},"tiered_pricing_minimum_quantity":null,"tiered_pricing_roles_data":{"default_wholesaler":{"product_id":39444,"role":"default_wholesaler","pricing_type":"flat","regular_price":null,"sale_price":null,"discount":null,"discount_type":"sale_price","tiered_pricing_type":"fixed","percentage_rules":[],"fixed_rules":{"2":"9.69","30":"8.29","500":"7.29"},"minimum":null},"dropshippinger":{"product_id":39444,"role":"dropshippinger","pricing_type":"flat","regular_price":null,"sale_price":null,"discount":null,"discount_type":"sale_price","tiered_pricing_type":"fixed","percentage_rules":[],"fixed_rules":{"1":"11.59","5":"9.69","30":"7.29"},"minimum":null}},"tiered_pricing_percentage_rules":[],"tiered_pricing_maximum_quantity":null,"tiered_pricing_quantity_step":null,"_links":{"self":[{"href":"https:\/\/gretasexylingerie.com\/fi\/wp-json\/wp\/v2\/product\/39444","targetHints":{"allow":["GET"]}}],"collection":[{"href":"https:\/\/gretasexylingerie.com\/fi\/wp-json\/wp\/v2\/product"}],"about":[{"href":"https:\/\/gretasexylingerie.com\/fi\/wp-json\/wp\/v2\/types\/product"}],"wp:featuredmedia":[{"embeddable":true,"href":"https:\/\/gretasexylingerie.com\/fi\/wp-json\/wp\/v2\/media\/39452"}],"wp:attachment":[{"href":"https:\/\/gretasexylingerie.com\/fi\/wp-json\/wp\/v2\/media?parent=39444"}],"wp:term":[{"taxonomy":"product_brand","embeddable":true,"href":"https:\/\/gretasexylingerie.com\/fi\/wp-json\/wp\/v2\/product_brand?post=39444"},{"taxonomy":"product_cat","embeddable":true,"href":"https:\/\/gretasexylingerie.com\/fi\/wp-json\/wp\/v2\/product_cat?post=39444"},{"taxonomy":"product_tag","embeddable":true,"href":"https:\/\/gretasexylingerie.com\/fi\/wp-json\/wp\/v2\/product_tag?post=39444"}],"curies":[{"name":"wp","href":"https:\/\/api.w.org\/{rel}","templated":true}]}}