{"id":39388,"date":"2023-04-17T22:30:57","date_gmt":"2023-04-17T14:30:57","guid":{"rendered":"https:\/\/gretasexylingerie.com\/?post_type=product&#038;p=39388"},"modified":"2023-10-22T22:32:33","modified_gmt":"2023-10-22T14:32:33","slug":"niputettu-eroottinen-alusasusetti","status":"publish","type":"product","link":"https:\/\/gretasexylingerie.com\/fi\/products\/bundled-erotic-lingerie-set\/","title":{"rendered":"Mukana toimitettu eroottinen alusvaatesarja"},"content":{"rendered":"<p>1. Seksik\u00e4s ja viettelev\u00e4 muotoilu: Mukana toimitettava eroottinen alusvaatesarja on suunniteltu sytytt\u00e4m\u00e4\u00e4n intohimon ja halun houkuttelevalla ja viettelev\u00e4ll\u00e4 muotoilullaan. Setti sis\u00e4lt\u00e4\u00e4 rintaliivit, pikkuhousut, sukkanauhat ja reiteen ulottuvat sukat, jotka kaikki on valmistettu laadukkaasta l\u00e4pikuultavasta pitsimateriaalista, joka luo vastustamattoman ja seksikk\u00e4\u00e4n lookin.<\/p>\n\n\n\n<p>2.Mukava ja tukeva: Alusvaatesarja on valmistettu pehmeist\u00e4 ja joustavista materiaaleista, jotka ovat mukavia ja tukevat. Rintaliivit tarjoavat runsaasti tukea ja nostoa, kun taas sukkanauha ja sukkahousut pysyv\u00e4t tukevasti paikoillaan luistamatta tai liukumatta alas.<\/p>\n\n\n\n<p>3. Monipuolinen ja muokattavissa: Bundled Erotic Lingerie Set voidaan k\u00e4ytt\u00e4\u00e4 yhdess\u00e4 t\u00e4ydellisen\u00e4 settin\u00e4 tai sekoittaa ja sovittaa yhteen muiden alusvaatteiden kanssa. S\u00e4\u00e4dett\u00e4v\u00e4t olkaimet ja koukut antavat sinun mukauttaa jokaisen kappaleen istuvuuden ja tyylin mieltymystesi ja vartalotyypin mukaan.<\/p>\n\n\n\n<p>4.Edullista ylellisyytt\u00e4: Bundled Erotic Lingerie Set tarjoaa ylellisen ja huippuluokan alusvaatekokemuksen edulliseen hintaan. Setti on valmistettu laadukkaista materiaaleista, ja siin\u00e4 on monimutkaisia yksityiskohtia, mik\u00e4 tekee siit\u00e4 ylellisen lis\u00e4yksen alusvaatekokoelmaasi tinkim\u00e4tt\u00e4. Lis\u00e4ksi setin monipuolisuus ja kest\u00e4vyys tekev\u00e4t siit\u00e4 hyv\u00e4n vastineen rahoillesi.<\/p>\n\n\n\n<figure class=\"wp-block-table is-style-stripes\"><table class=\"has-fixed-layout\"><tbody><tr><td colspan=\"5\">Sivustokaavio (CM)<\/td><\/tr><tr><td>Koko<\/td><td class=\"has-text-align-center\" data-align=\"center\">Pituus<\/td><td class=\"has-text-align-center\" data-align=\"center\">Rinnan alla<\/td><td class=\"has-text-align-center\" data-align=\"center\">Housujen vy\u00f6t\u00e4r\u00f6<\/td><td>Alushousujen pituus<\/td><\/tr><tr><td>S<\/td><td class=\"has-text-align-center\" data-align=\"center\">44<\/td><td class=\"has-text-align-center\" data-align=\"center\">68-86<\/td><td class=\"has-text-align-center\" data-align=\"center\">67-96<\/td><td>23<\/td><\/tr><tr><td>M<\/td><td class=\"has-text-align-center\" data-align=\"center\">45<\/td><td class=\"has-text-align-center\" data-align=\"center\">72-90<\/td><td class=\"has-text-align-center\" data-align=\"center\">71-100<\/td><td>24<\/td><\/tr><tr><td>L<\/td><td class=\"has-text-align-center\" data-align=\"center\">46<\/td><td class=\"has-text-align-center\" data-align=\"center\">76-94<\/td><td class=\"has-text-align-center\" data-align=\"center\">75-104<\/td><td>25<\/td><\/tr><tr><td colspan=\"5\">Sivustokaavio (TUUMA)<\/td><\/tr><tr><td>Koko<\/td><td class=\"has-text-align-center\" data-align=\"center\">Pituus<\/td><td class=\"has-text-align-center\" data-align=\"center\">Rinnan alla<\/td><td class=\"has-text-align-center\" data-align=\"center\">Housujen vy\u00f6t\u00e4r\u00f6<\/td><td>Alushousujen pituus<\/td><\/tr><tr><td>S<\/td><td class=\"has-text-align-center\" data-align=\"center\">17.32<\/td><td class=\"has-text-align-center\" data-align=\"center\">26.77-33.85<\/td><td class=\"has-text-align-center\" data-align=\"center\">26.37-37.79<\/td><td>9.05<\/td><\/tr><tr><td>M<\/td><td class=\"has-text-align-center\" data-align=\"center\">17.71<\/td><td class=\"has-text-align-center\" data-align=\"center\">28.34-35.43<\/td><td class=\"has-text-align-center\" data-align=\"center\">27.95-39.37<\/td><td>9.44<\/td><\/tr><tr><td>L<\/td><td class=\"has-text-align-center\" data-align=\"center\">18.11<\/td><td class=\"has-text-align-center\" data-align=\"center\">29.92-37.00<\/td><td class=\"has-text-align-center\" data-align=\"center\">29.52-40.94<\/td><td>9.84&nbsp;<\/td><\/tr><tr><td colspan=\"5\">Huomautus:<br>1. Eri kokoisissa, paikoissa ja kankaissa voi olla 1-2 cm poikkeamaa. Kokotaulukko on vain viitteellinen, sill\u00e4 voi olla pieni\u00e4 eroja saamasi kanssa.<br>2. On olemassa 3 erilaista joustavuutta: korkea elastisuus (kaksipuolisesti venytetty), keskijoustavuus (yksipuolinen venytetty) ja ei-elastinen (ei voi venytt\u00e4\u00e4).<br>3.V\u00e4ri voi olla vaaleampi tai tummempi eri PC-n\u00e4yt\u00f6n vuoksi.<br>4.Pese k\u00e4sin 30-asteisessa vedess\u00e4, ripusta kuivumaan varjossa, est\u00e4 valkaisu.<br>5. Yksityiskohdissa ja kuvioissa saattaa olla hieman eroja.<\/td><\/tr><\/tbody><\/table><\/figure>\n\n\n\n<p><\/p>","protected":false},"excerpt":{"rendered":"<p>Esittelyss\u00e4 Bundled Erotic Lingerie Set, hinta-laatusuhteeltaan edullinen alusasusetti naisille, jotka haluavat olla varmoja ja houkuttelevia. Laadukkaat materiaalit ja hienot yksityiskohdat tekev\u00e4t t\u00e4st\u00e4 setist\u00e4 v\u00e4ltt\u00e4m\u00e4tt\u00f6m\u00e4n mink\u00e4 tahansa alusvaatemalliston.<\/p>\n<p>https:\/\/youtu.be\/x12DQQkcq7M<\/p>","protected":false},"featured_media":39395,"template":"","meta":[],"product_brand":[],"product_cat":[388,386,367],"product_tag":[861,880,453,447,504],"class_list":{"0":"post-39388","1":"product","2":"type-product","3":"status-publish","4":"has-post-thumbnail","6":"product_cat-wholesale-gartered-corset","7":"product_cat-sexy-bustiers","8":"product_cat-sexy-lingerie","9":"product_tag-brunette-lingerie","10":"product_tag-sexy-2-piece-lingerie","11":"product_tag-wholesale-sexy-naughty-lingerie","12":"product_tag-wholesale-strappy-sexy-lingerie","13":"product_tag-ultra-sexy","14":"pa_color-black","15":"pa_cup-full-cup","16":"pa_size-wholesale-large-size-women-sexy-lingerie","17":"pa_size-wholesale-medium-size-women-sexy-lingerie","18":"pa_size-wholesale-small-size-sexy-lingerie","20":"first","21":"instock","22":"taxable","23":"shipping-taxable","24":"purchasable","25":"product-type-variable"},"tiered_pricing_type":"fixed","tiered_pricing_fixed_rules":[],"tiered_pricing_product_settings":{"layout":"default","base_unit_name":{"singular":null,"plural":null},"default_variation":{}},"tiered_pricing_minimum_quantity":null,"tiered_pricing_roles_data":{"default_wholesaler":{"product_id":39388,"role":"default_wholesaler","pricing_type":"flat","regular_price":null,"sale_price":null,"discount":null,"discount_type":"sale_price","tiered_pricing_type":"fixed","percentage_rules":[],"fixed_rules":{"2":"10.19","30":"8.79","500":"7.69"},"minimum":null},"dropshippinger":{"product_id":39388,"role":"dropshippinger","pricing_type":"flat","regular_price":null,"sale_price":null,"discount":null,"discount_type":"sale_price","tiered_pricing_type":"fixed","percentage_rules":[],"fixed_rules":{"1":"12.19","5":"10.19","30":"7.69"},"minimum":null}},"tiered_pricing_percentage_rules":[],"tiered_pricing_maximum_quantity":null,"tiered_pricing_quantity_step":null,"_links":{"self":[{"href":"https:\/\/gretasexylingerie.com\/fi\/wp-json\/wp\/v2\/product\/39388","targetHints":{"allow":["GET"]}}],"collection":[{"href":"https:\/\/gretasexylingerie.com\/fi\/wp-json\/wp\/v2\/product"}],"about":[{"href":"https:\/\/gretasexylingerie.com\/fi\/wp-json\/wp\/v2\/types\/product"}],"wp:featuredmedia":[{"embeddable":true,"href":"https:\/\/gretasexylingerie.com\/fi\/wp-json\/wp\/v2\/media\/39395"}],"wp:attachment":[{"href":"https:\/\/gretasexylingerie.com\/fi\/wp-json\/wp\/v2\/media?parent=39388"}],"wp:term":[{"taxonomy":"product_brand","embeddable":true,"href":"https:\/\/gretasexylingerie.com\/fi\/wp-json\/wp\/v2\/product_brand?post=39388"},{"taxonomy":"product_cat","embeddable":true,"href":"https:\/\/gretasexylingerie.com\/fi\/wp-json\/wp\/v2\/product_cat?post=39388"},{"taxonomy":"product_tag","embeddable":true,"href":"https:\/\/gretasexylingerie.com\/fi\/wp-json\/wp\/v2\/product_tag?post=39388"}],"curies":[{"name":"wp","href":"https:\/\/api.w.org\/{rel}","templated":true}]}}