{"id":39351,"date":"2023-04-17T20:20:36","date_gmt":"2023-04-17T12:20:36","guid":{"rendered":"https:\/\/gretasexylingerie.com\/?post_type=product&#038;p=39351"},"modified":"2023-09-05T20:51:03","modified_gmt":"2023-09-05T12:51:03","slug":"seksikas-puhdas-halu-tyttojen-alusvaatteet-seksikas-puku","status":"publish","type":"product","link":"https:\/\/gretasexylingerie.com\/fi\/products\/sexy-pure-desire-girls-underwear-sexy-suit\/","title":{"rendered":"Pure Desire Girls -alusvaatteet, seksik\u00e4s puku"},"content":{"rendered":"<p>1. Mukava ja imarteleva istuvuus: Sexy Pure Desire Girls Underwear Sexy Suit on suunniteltu istumaan mukavasti ja imartelevasti kaikenkokoisille tyt\u00f6ille. Pehme\u00e4 ja joustava materiaali mukautuu vartaloon ja tarjoaa tiukan mutta mukavan istuvuuden, joka mahdollistaa helpon liikkumisen.<\/p>\n\n\n\n<p>2. Tyylik\u00e4s ja trendik\u00e4s muotoilu: Sexy Pure Desire Girls -alusvaatteet Sexy Suit on tyylik\u00e4s ja trendik\u00e4s, joten se on t\u00e4ydellinen lis\u00e4 mink\u00e4 tahansa tyt\u00f6n alusvaatteisiin. Silm\u00e4\u00e4npist\u00e4v\u00e4ll\u00e4 muotoilullaan ja yksityiskohtiin huomioivalla puvulla on taatusti ilme ja k\u00e4\u00e4nt\u00e4\u00e4 p\u00e4\u00e4t\u00e4.<\/p>\n\n\n\n<p>3. Korkealaatuiset materiaalit: T\u00e4m\u00e4 alusvaatesarja on valmistettu korkealaatuisista materiaaleista, jotka ovat sek\u00e4 kest\u00e4vi\u00e4 ett\u00e4 pitk\u00e4ik\u00e4isi\u00e4. Se kest\u00e4\u00e4 useita pesuja ja kulutuksia, mik\u00e4 varmistaa, ett\u00e4 saat parhaan hy\u00f6dyn sijoituksestasi.<\/p>\n\n\n\n<p>4. Lis\u00e4\u00e4 itseluottamusta ja itsetuntoa: Sexy Pure Desire Girls -alusvaatteiden k\u00e4ytt\u00e4minen Sexy Suit voi lis\u00e4t\u00e4 tyt\u00f6n luottamusta ja itsetuntoa. Se on suunniteltu saamaan h\u00e4net tuntemaan olonsa seksikk\u00e4\u00e4ksi ja haluttavaksi, mill\u00e4 voi olla positiivinen vaikutus h\u00e4nen yleiseen mielialaansa ja el\u00e4m\u00e4nkatsomukseensa.<\/p>\n\n\n\n<figure class=\"wp-block-table\"><table><tbody><tr><td colspan=\"8\">Sivustokaavio (CM)<\/td><\/tr><tr><td>Koko<\/td><td class=\"has-text-align-center\" data-align=\"center\">Rinnan alla<\/td><td class=\"has-text-align-center\" data-align=\"center\">Hiha<\/td><td class=\"has-text-align-center\" data-align=\"center\">Sivusuksen pituus<\/td><td class=\"has-text-align-center\" data-align=\"center\">Alushousut vy\u00f6t\u00e4r\u00f6ll\u00e4<\/td><td class=\"has-text-align-center\" data-align=\"center\">Alushousujen pituus<\/td><td class=\"has-text-align-center\" data-align=\"center\">Pituus<\/td><td class=\"has-text-align-center\" data-align=\"center\">Vy\u00f6t\u00e4r\u00f6<\/td><\/tr><tr><td>S<\/td><td class=\"has-text-align-center\" data-align=\"center\">54-82<\/td><td class=\"has-text-align-center\" data-align=\"center\">42<\/td><td class=\"has-text-align-center\" data-align=\"center\">22<\/td><td class=\"has-text-align-center\" data-align=\"center\">66-98<\/td><td class=\"has-text-align-center\" data-align=\"center\">20.5<\/td><td class=\"has-text-align-center\" data-align=\"center\">22<\/td><td class=\"has-text-align-center\" data-align=\"center\">61-84<\/td><\/tr><tr><td>M<\/td><td class=\"has-text-align-center\" data-align=\"center\">58-86<\/td><td class=\"has-text-align-center\" data-align=\"center\">43<\/td><td class=\"has-text-align-center\" data-align=\"center\">23<\/td><td class=\"has-text-align-center\" data-align=\"center\">70-102<\/td><td class=\"has-text-align-center\" data-align=\"center\">21.5<\/td><td class=\"has-text-align-center\" data-align=\"center\">23<\/td><td class=\"has-text-align-center\" data-align=\"center\">65-88<\/td><\/tr><tr><td>L<\/td><td class=\"has-text-align-center\" data-align=\"center\">62-90<\/td><td class=\"has-text-align-center\" data-align=\"center\">44<\/td><td class=\"has-text-align-center\" data-align=\"center\">24<\/td><td class=\"has-text-align-center\" data-align=\"center\">74-106<\/td><td class=\"has-text-align-center\" data-align=\"center\">22.5<\/td><td class=\"has-text-align-center\" data-align=\"center\">24<\/td><td class=\"has-text-align-center\" data-align=\"center\">69-92<\/td><\/tr><tr><td colspan=\"8\">Sivustokaavio (TUUMA)<\/td><\/tr><tr><td>Koko<\/td><td class=\"has-text-align-center\" data-align=\"center\">Rinnan alla<\/td><td class=\"has-text-align-center\" data-align=\"center\">Hiha<\/td><td class=\"has-text-align-center\" data-align=\"center\">Sivusuksen pituus<\/td><td class=\"has-text-align-center\" data-align=\"center\">Alushousut vy\u00f6t\u00e4r\u00f6ll\u00e4<\/td><td class=\"has-text-align-center\" data-align=\"center\">Alushousujen pituus<\/td><td class=\"has-text-align-center\" data-align=\"center\">Pituus<\/td><td class=\"has-text-align-center\" data-align=\"center\">Vy\u00f6t\u00e4r\u00f6<\/td><\/tr><tr><td>S<\/td><td class=\"has-text-align-center\" data-align=\"center\">21.26-32.28<\/td><td class=\"has-text-align-center\" data-align=\"center\">16.53<\/td><td class=\"has-text-align-center\" data-align=\"center\">8.66<\/td><td class=\"has-text-align-center\" data-align=\"center\">25.98-38.58<\/td><td class=\"has-text-align-center\" data-align=\"center\">8.07<\/td><td class=\"has-text-align-center\" data-align=\"center\">8.66<\/td><td class=\"has-text-align-center\" data-align=\"center\">24.01-33.07<\/td><\/tr><tr><td>M<\/td><td class=\"has-text-align-center\" data-align=\"center\">22.83-33.85<\/td><td class=\"has-text-align-center\" data-align=\"center\">16.92<\/td><td class=\"has-text-align-center\" data-align=\"center\">9.05<\/td><td class=\"has-text-align-center\" data-align=\"center\">27.55-40.15<\/td><td class=\"has-text-align-center\" data-align=\"center\">8.46<\/td><td class=\"has-text-align-center\" data-align=\"center\">9.05<\/td><td class=\"has-text-align-center\" data-align=\"center\">25.59-34.64<\/td><\/tr><tr><td>L<\/td><td class=\"has-text-align-center\" data-align=\"center\">24.40-35.43<\/td><td class=\"has-text-align-center\" data-align=\"center\">17.32<\/td><td class=\"has-text-align-center\" data-align=\"center\">9.44<\/td><td class=\"has-text-align-center\" data-align=\"center\">29.13-41.73<\/td><td class=\"has-text-align-center\" data-align=\"center\">8.85<\/td><td class=\"has-text-align-center\" data-align=\"center\">9.44&nbsp;<\/td><td class=\"has-text-align-center\" data-align=\"center\">27.16-36.22<\/td><\/tr><tr><td colspan=\"8\">Huomautus:<br>1. Eri kokoisissa, paikoissa ja kankaissa voi olla 1-2 cm poikkeamaa. Kokotaulukko on vain viitteellinen, sill\u00e4 voi olla pieni\u00e4 eroja saamasi kanssa.<br>2. On olemassa 3 erilaista joustavuutta: korkea elastisuus (kaksipuolisesti venytetty), keskijoustavuus (yksipuolinen venytetty) ja ei-elastinen (ei voi venytt\u00e4\u00e4).<br>3.V\u00e4ri voi olla vaaleampi tai tummempi eri PC-n\u00e4yt\u00f6n vuoksi.<br>4.Pese k\u00e4sin 30-asteisessa vedess\u00e4, ripusta kuivumaan varjossa, est\u00e4 valkaisu.<br>5. Yksityiskohdissa ja kuvioissa saattaa olla hieman eroja.<\/td><\/tr><\/tbody><\/table><\/figure>\n\n\n\n<p><\/p>","protected":false},"excerpt":{"rendered":"<p>T\u00e4ss\u00e4 alusasussa on pitsi\u00e4, jotka luovat seksikk\u00e4\u00e4n ja houkuttelevan tunnelman. Pehme\u00e4 materiaali saa sinut tuntemaan, ett\u00e4 sinulla ei ole mit\u00e4\u00e4n p\u00e4\u00e4ll\u00e4si, ja monimutkainen muotoilu tarjoaa \u00e4\u00e4rimm\u00e4ist\u00e4 tukea. T\u00e4m\u00e4 seksik\u00e4s setti on tarpeeksi kest\u00e4v\u00e4 nauttiakseen siit\u00e4 ymp\u00e4ri vuoden. Tilaa nyt ja koe \u00e4\u00e4rimm\u00e4inen naisellisuus ja aistillisuus!<\/p>","protected":false},"featured_media":39363,"template":"","meta":[],"product_brand":[],"product_cat":[368,387,388,386,367],"product_tag":[505,528,524,510,446,453,867,865],"class_list":{"0":"post-39351","1":"product","2":"type-product","3":"status-publish","4":"has-post-thumbnail","6":"product_cat-bra-panty-set","7":"product_cat-wholesale-bustier-bra-set","8":"product_cat-wholesale-gartered-corset","9":"product_cat-sexy-bustiers","10":"product_cat-sexy-lingerie","11":"product_tag-5-piece-lingerie-set","12":"product_tag-halter-lingerie","13":"product_tag-metal-lingerie","14":"product_tag-ruffles-lingerie","15":"product_tag-wholesale-sexy-see-through-lingerie","16":"product_tag-wholesale-sexy-naughty-lingerie","17":"product_tag-sexy-push-up-lingerie","18":"product_tag-sexy-skimpy-lingerie","19":"pa_color-pink-women-sexy-lingerie","20":"pa_cup-full-cup","21":"pa_size-wholesale-large-size-women-sexy-lingerie","22":"pa_size-wholesale-medium-size-women-sexy-lingerie","23":"pa_size-wholesale-small-size-sexy-lingerie","25":"first","26":"instock","27":"taxable","28":"shipping-taxable","29":"purchasable","30":"product-type-variable"},"tiered_pricing_type":"fixed","tiered_pricing_fixed_rules":[],"tiered_pricing_product_settings":{"layout":"default","base_unit_name":{"singular":null,"plural":null},"default_variation":null},"tiered_pricing_minimum_quantity":null,"tiered_pricing_roles_data":{"default_wholesaler":{"product_id":39351,"role":"default_wholesaler","pricing_type":"flat","regular_price":null,"sale_price":null,"discount":null,"discount_type":"sale_price","tiered_pricing_type":"fixed","percentage_rules":[],"fixed_rules":{"2":"11.49","30":"9.89","500":"8.59"},"minimum":null},"dropshippinger":{"product_id":39351,"role":"dropshippinger","pricing_type":"flat","regular_price":null,"sale_price":null,"discount":null,"discount_type":"sale_price","tiered_pricing_type":"fixed","percentage_rules":[],"fixed_rules":{"1":"13.79","5":"11.49","30":"8.59"},"minimum":null}},"tiered_pricing_percentage_rules":[],"tiered_pricing_maximum_quantity":null,"tiered_pricing_quantity_step":null,"_links":{"self":[{"href":"https:\/\/gretasexylingerie.com\/fi\/wp-json\/wp\/v2\/product\/39351","targetHints":{"allow":["GET"]}}],"collection":[{"href":"https:\/\/gretasexylingerie.com\/fi\/wp-json\/wp\/v2\/product"}],"about":[{"href":"https:\/\/gretasexylingerie.com\/fi\/wp-json\/wp\/v2\/types\/product"}],"wp:featuredmedia":[{"embeddable":true,"href":"https:\/\/gretasexylingerie.com\/fi\/wp-json\/wp\/v2\/media\/39363"}],"wp:attachment":[{"href":"https:\/\/gretasexylingerie.com\/fi\/wp-json\/wp\/v2\/media?parent=39351"}],"wp:term":[{"taxonomy":"product_brand","embeddable":true,"href":"https:\/\/gretasexylingerie.com\/fi\/wp-json\/wp\/v2\/product_brand?post=39351"},{"taxonomy":"product_cat","embeddable":true,"href":"https:\/\/gretasexylingerie.com\/fi\/wp-json\/wp\/v2\/product_cat?post=39351"},{"taxonomy":"product_tag","embeddable":true,"href":"https:\/\/gretasexylingerie.com\/fi\/wp-json\/wp\/v2\/product_tag?post=39351"}],"curies":[{"name":"wp","href":"https:\/\/api.w.org\/{rel}","templated":true}]}}