{"id":31385,"date":"2023-01-31T20:28:34","date_gmt":"2023-01-31T12:28:34","guid":{"rendered":"https:\/\/gretasexylingerie.com\/?post_type=product&#038;p=31385"},"modified":"2023-09-05T20:50:47","modified_gmt":"2023-09-05T12:50:47","slug":"viettelevat-seksikkaat-korkeakiiltoiset-haarattomat-sukkahousut","status":"publish","type":"product","link":"https:\/\/gretasexylingerie.com\/fi\/products\/seductive-sexy-high-gloss-crotchless-pantyhose\/","title":{"rendered":"Viettelev\u00e4t seksikk\u00e4\u00e4t korkeakiiltoiset haarattomat sukkahousut"},"content":{"rendered":"<p>Ominaisuudet:<\/p>\n\n\n\n<p>1. Korkea joustava vy\u00f6t\u00e4r\u00f6nauha. Joustava joustava vy\u00f6t\u00e4r\u00f6nauha venyy vapaasti, yl\u00e4vartalo on pehme\u00e4 ja kirkas, kirist\u00e4\u00e4 vy\u00f6t\u00e4r\u00f6n ymp\u00e4rill\u00e4 olevaa ihoa ja on mukava ja l\u00e4hell\u00e4 vartaloa.<br>2. Seksik\u00e4s pitsi. Haaroissa oleva pitsimalli ei vain anna ihmisille kapinallisuutta, vaan n\u00e4ytt\u00e4\u00e4 my\u00f6s tyylikk\u00e4\u00e4n ja rytmisen tunnelman, joka odottaa valloitusta.<br>3. Kaksipuolinen veisto. K\u00e4\u00e4rittyn\u00e4 veistettyihin kukkiin, kietoutunut h\u00e4nen jalkojensa v\u00e4liin, vaikuttaen h\u00e4nen hermoihinsa ja hakkaamaan pient\u00e4 syd\u00e4nt\u00e4.<br>4. Intohimoinen avoin haaramuotoilu, jotta salainen puutarha ep\u00e4ilem\u00e4tt\u00e4 paljastuu, hieman rypistettyn\u00e4 ja hymyillen, halun tuli on pys\u00e4ytt\u00e4m\u00e4t\u00f6n, ja intohimo on syttymisen partaalla.<\/p>","protected":false},"excerpt":{"rendered":"<p>K\u00e4yt\u00e4 rohkeaa tyyli\u00e4 viettelevien seksikk\u00e4iden korkeakiiltoisten haarattomien sukkahousujen kanssa. Valmistettu korkealaatuisesta Corespun-silkist\u00e4, l\u00e4pikuultava muotoilu, kuusi v\u00e4rivaihtoehtoa.<\/p>","protected":false},"featured_media":31387,"template":"","meta":[],"product_brand":[],"product_cat":[412,414,411,404],"product_tag":[452,448,518,446,504],"class_list":{"0":"post-31385","1":"product","2":"type-product","3":"status-publish","4":"has-post-thumbnail","6":"product_cat-wholesale-crotchless-pantyhose","7":"product_cat-wholesale-sexy-nylon-pantyhose","8":"product_cat-sexy-pantyhose","9":"product_cat-sexy-stocking","10":"product_tag-wholesale-boudoir-lingerie","11":"product_tag-wholesale-elegant-sexy-lingerie","12":"product_tag-mesh-lingerie","13":"product_tag-wholesale-sexy-see-through-lingerie","14":"product_tag-ultra-sexy","15":"pa_color-bisque-women-sexy-lingerie","16":"pa_color-black","17":"pa_color-grey","18":"pa_color-pink-women-sexy-lingerie","19":"pa_color-purple-women-sexy-lingerie","20":"pa_color-white","22":"first","23":"instock","24":"taxable","25":"shipping-taxable","26":"purchasable","27":"product-type-variable"},"tiered_pricing_type":"fixed","tiered_pricing_fixed_rules":[],"tiered_pricing_product_settings":{"layout":"default","base_unit_name":{"singular":null,"plural":null},"default_variation":null},"tiered_pricing_minimum_quantity":null,"tiered_pricing_roles_data":{"default_wholesaler":{"product_id":31385,"role":"default_wholesaler","pricing_type":"flat","regular_price":null,"sale_price":null,"discount":null,"discount_type":"sale_price","tiered_pricing_type":"fixed","percentage_rules":[],"fixed_rules":{"2":"1.59","50":"1.29","800":"0.89"},"minimum":null},"dropshippinger":{"product_id":31385,"role":"dropshippinger","pricing_type":"flat","regular_price":null,"sale_price":null,"discount":null,"discount_type":"sale_price","tiered_pricing_type":"fixed","percentage_rules":[],"fixed_rules":{"1":"1.79","10":"1.59","50":"1.29"},"minimum":null}},"tiered_pricing_percentage_rules":[],"tiered_pricing_maximum_quantity":null,"tiered_pricing_quantity_step":null,"_links":{"self":[{"href":"https:\/\/gretasexylingerie.com\/fi\/wp-json\/wp\/v2\/product\/31385","targetHints":{"allow":["GET"]}}],"collection":[{"href":"https:\/\/gretasexylingerie.com\/fi\/wp-json\/wp\/v2\/product"}],"about":[{"href":"https:\/\/gretasexylingerie.com\/fi\/wp-json\/wp\/v2\/types\/product"}],"wp:featuredmedia":[{"embeddable":true,"href":"https:\/\/gretasexylingerie.com\/fi\/wp-json\/wp\/v2\/media\/31387"}],"wp:attachment":[{"href":"https:\/\/gretasexylingerie.com\/fi\/wp-json\/wp\/v2\/media?parent=31385"}],"wp:term":[{"taxonomy":"product_brand","embeddable":true,"href":"https:\/\/gretasexylingerie.com\/fi\/wp-json\/wp\/v2\/product_brand?post=31385"},{"taxonomy":"product_cat","embeddable":true,"href":"https:\/\/gretasexylingerie.com\/fi\/wp-json\/wp\/v2\/product_cat?post=31385"},{"taxonomy":"product_tag","embeddable":true,"href":"https:\/\/gretasexylingerie.com\/fi\/wp-json\/wp\/v2\/product_tag?post=31385"}],"curies":[{"name":"wp","href":"https:\/\/api.w.org\/{rel}","templated":true}]}}