{"id":30779,"date":"2023-01-26T11:17:06","date_gmt":"2023-01-26T03:17:06","guid":{"rendered":"https:\/\/gretasexylingerie.com\/?post_type=product&#038;p=30779"},"modified":"2023-09-05T20:50:23","modified_gmt":"2023-09-05T12:50:23","slug":"johdinsarjan-hihnat-katkaistut-valjaat-alusvaatteet","status":"publish","type":"product","link":"https:\/\/gretasexylingerie.com\/fi\/products\/wire-harness-straps-cutout-harness-underwear\/","title":{"rendered":"Johdinsarjan hihnat Leikkausvaljaat Alusvaatteet"},"content":{"rendered":"<p>Ominaisuudet:<\/p>\n\n\n\n<p>1. K\u00e4ytet\u00e4\u00e4n korkealaatuista kuminauhaa ja selk\u00e4 on valmistettu pehme\u00e4st\u00e4 puuvillamateriaalista, joka ei aiheuta ep\u00e4mukavuutta keholle.<br>2. Kaksikerroksinen s\u00e4\u00e4dett\u00e4v\u00e4 joustava vy\u00f6t\u00e4r\u00f6nauha yl\u00f6svedett\u00e4v\u00e4ll\u00e4 muotoilulla tekee vy\u00f6t\u00e4r\u00f6nauhasta vakaamman. K\u00e4yt\u00e4 metallirenkaita yhdist\u00e4m\u00e4\u00e4n jokainen osa, joka on kiinte\u00e4mpi ja mukavampi.<br>3. Avoin haarojen muotoilu, haarassa oleva kuminauha on yhdistetty vy\u00f6t\u00e4r\u00f6hihnaan 8-muotoisilla napeilla, mik\u00e4 tekee sinusta mukavamman.<br>4. Kokoa voidaan s\u00e4\u00e4t\u00e4\u00e4 vapaasti, sopii S-xl.<\/p>","protected":false},"excerpt":{"rendered":"<p>Yksinkertaisen muotoilun johdinsarjojen hihnojen leikkausvaljaat alusvaatteiden avulla voit n\u00e4ytt\u00e4\u00e4 seksikkyytesi ilman varausta. Laadukas kuminauha, avoin haararakenne, kaksikerroksinen s\u00e4\u00e4dett\u00e4v\u00e4 joustava vy\u00f6t\u00e4r\u00f6nauha, metallirenkaita k\u00e4ytet\u00e4\u00e4n yhdist\u00e4m\u00e4\u00e4n jokainen osa edess\u00e4, ja alempi vy\u00f6t\u00e4r\u00f6nauha on yhdistetty 8-muotoisilla napeilla.<\/p>","protected":false},"featured_media":30782,"template":"","meta":[],"product_brand":[],"product_cat":[377,381,367],"product_tag":[452,446,447,504],"class_list":{"0":"post-30779","1":"product","2":"type-product","3":"status-publish","4":"has-post-thumbnail","6":"product_cat-harness-lingerie","7":"product_cat-wholesale-harness-underwear","8":"product_cat-sexy-lingerie","9":"product_tag-wholesale-boudoir-lingerie","10":"product_tag-wholesale-sexy-see-through-lingerie","11":"product_tag-wholesale-strappy-sexy-lingerie","12":"product_tag-ultra-sexy","13":"pa_color-black","14":"pa_size-free","16":"first","17":"instock","18":"taxable","19":"shipping-taxable","20":"purchasable","21":"product-type-variable"},"tiered_pricing_type":"fixed","tiered_pricing_fixed_rules":[],"tiered_pricing_product_settings":{"layout":"default","base_unit_name":{"singular":null,"plural":null},"default_variation":null},"tiered_pricing_minimum_quantity":null,"tiered_pricing_roles_data":{"default_wholesaler":{"product_id":30779,"role":"default_wholesaler","pricing_type":"flat","regular_price":null,"sale_price":null,"discount":null,"discount_type":"sale_price","tiered_pricing_type":"fixed","percentage_rules":[],"fixed_rules":{"2":"4.09","30":"3.59","500":"3.19"},"minimum":null},"dropshippinger":{"product_id":30779,"role":"dropshippinger","pricing_type":"flat","regular_price":null,"sale_price":null,"discount":null,"discount_type":"sale_price","tiered_pricing_type":"fixed","percentage_rules":[],"fixed_rules":{"1":"5.69","5":"4.69","30":"3.59"},"minimum":null}},"tiered_pricing_percentage_rules":[],"tiered_pricing_maximum_quantity":null,"tiered_pricing_quantity_step":null,"_links":{"self":[{"href":"https:\/\/gretasexylingerie.com\/fi\/wp-json\/wp\/v2\/product\/30779","targetHints":{"allow":["GET"]}}],"collection":[{"href":"https:\/\/gretasexylingerie.com\/fi\/wp-json\/wp\/v2\/product"}],"about":[{"href":"https:\/\/gretasexylingerie.com\/fi\/wp-json\/wp\/v2\/types\/product"}],"wp:featuredmedia":[{"embeddable":true,"href":"https:\/\/gretasexylingerie.com\/fi\/wp-json\/wp\/v2\/media\/30782"}],"wp:attachment":[{"href":"https:\/\/gretasexylingerie.com\/fi\/wp-json\/wp\/v2\/media?parent=30779"}],"wp:term":[{"taxonomy":"product_brand","embeddable":true,"href":"https:\/\/gretasexylingerie.com\/fi\/wp-json\/wp\/v2\/product_brand?post=30779"},{"taxonomy":"product_cat","embeddable":true,"href":"https:\/\/gretasexylingerie.com\/fi\/wp-json\/wp\/v2\/product_cat?post=30779"},{"taxonomy":"product_tag","embeddable":true,"href":"https:\/\/gretasexylingerie.com\/fi\/wp-json\/wp\/v2\/product_tag?post=30779"}],"curies":[{"name":"wp","href":"https:\/\/api.w.org\/{rel}","templated":true}]}}