{"id":30618,"date":"2023-01-24T20:43:50","date_gmt":"2023-01-24T12:43:50","guid":{"rendered":"https:\/\/gretasexylingerie.com\/?post_type=product&#038;p=30618"},"modified":"2023-09-05T20:50:15","modified_gmt":"2023-09-05T12:50:15","slug":"silkkaa-verkko-pitkahihainen-pitka-mekko","status":"publish","type":"product","link":"https:\/\/gretasexylingerie.com\/fi\/products\/sheer-mesh-long-sleeve-long-chemise\/","title":{"rendered":"L\u00e4pin\u00e4kyv\u00e4 pitk\u00e4hihainen pitk\u00e4hihainen paita"},"content":{"rendered":"<p>Ominaisuudet:<\/p>\n\n\n\n<p>1. K\u00e4ytet\u00e4\u00e4n korkealaatuista kukkapitsi\u00e4, jolla on korkea elastisuus ja joka voidaan mukauttaa hyvin erilaisiin rintoihin.<br>2. Hienosta verkkokankaasta ja laskostetusta mallista koostuva hame lis\u00e4\u00e4 vartaloasi mysteerin tunteen.<br>3. Syv\u00e4 V-p\u00e4\u00e4ntie ja s\u00e4\u00e4dett\u00e4v\u00e4t olkaimet rinnassa, voit helposti hallita rintaasi ja antaa sinun k\u00e4ytt\u00e4\u00e4 sit\u00e4 helpommin.<\/p>\n\n\n\n<figure class=\"wp-block-table is-style-stripes\"><table><tbody><tr><td colspan=\"4\">Sivustokaavio (CM)<\/td><\/tr><tr><td>Koko<\/td><td>Rinnan alla<\/td><td>Pituus<\/td><td>Vy\u00f6t\u00e4r\u00f6<\/td><\/tr><tr><td>S<\/td><td>78<\/td><td>130<\/td><td>65<\/td><\/tr><tr><td>M<\/td><td>80<\/td><td>132<\/td><td>70<\/td><\/tr><tr><td>L<\/td><td>82<\/td><td>134<\/td><td>75<\/td><\/tr><tr><td>XL<\/td><td>84<\/td><td>136<\/td><td>80<\/td><\/tr><tr><td colspan=\"4\">Sivustokaavio (INCH)<\/td><\/tr><tr><td>Koko<\/td><td>Rinnan alla<\/td><td>Kupin korkeus<\/td><td>Vy\u00f6t\u00e4r\u00f6<\/td><\/tr><tr><td>S<\/td><td>31.2<\/td><td>52<\/td><td>26<\/td><\/tr><tr><td>M<\/td><td>32<\/td><td>52.8<\/td><td>28<\/td><\/tr><tr><td>L<\/td><td>32.8<\/td><td>53.6<\/td><td>30<\/td><\/tr><tr><td>XL<\/td><td>33.6<\/td><td>54.4<\/td><td>32<\/td><\/tr><tr><td colspan=\"4\">Huomautus: 1. Eri kokoisissa, paikoissa ja kankaissa voi olla 1-2 cm poikkeamaa. Kokotaulukko on vain viitteellinen, sill\u00e4 voi olla pieni\u00e4 eroja saamasi kanssa. 2. On olemassa 3 erilaista joustavuutta: korkea elastisuus (kaksipuolisesti venytetty), keskijoustavuus (yksipuolinen venytetty) ja ei-elastinen (ei voi venytt\u00e4\u00e4). 3.V\u00e4ri voi olla vaaleampi tai tummempi eri PC-n\u00e4yt\u00f6n vuoksi. 4.Pese k\u00e4sin 30-asteisessa vedess\u00e4, ripusta kuivumaan varjossa, est\u00e4 valkaisu. 5. Yksityiskohdissa ja kuvioissa saattaa olla hieman eroja.<\/td><\/tr><\/tbody><\/table><\/figure>","protected":false},"excerpt":{"rendered":"<p>L\u00e4pin\u00e4kyv\u00e4 pitk\u00e4hihainen pitk\u00e4hihainen paita s\u00e4ngyss\u00e4, heitt\u00e4ydy rakastajasi syliin. Rinta ja pitk\u00e4t hihat on koristeltu l\u00e4pin\u00e4kyvill\u00e4 kukkapitsill\u00e4, hame on valmistettu hienosta verkkokankaasta, syv\u00e4 V-p\u00e4\u00e4ntie on suunniteltu ja s\u00e4\u00e4dett\u00e4v\u00e4\u00e4 solmiota k\u00e4ytet\u00e4\u00e4n rintaosassa, jota voidaan s\u00e4\u00e4t\u00e4\u00e4 tarpeiden mukaan.<\/p>","protected":false},"featured_media":30623,"template":"","meta":[],"product_brand":[],"product_cat":[393,394,422,367],"product_tag":[452,518,446,504],"class_list":{"0":"post-30618","1":"product","2":"type-product","3":"status-publish","4":"has-post-thumbnail","6":"product_cat-wholesale-long-chemise","7":"product_cat-wholesale-mesh-chemise","8":"product_cat-sexy-chemise","9":"product_cat-sexy-lingerie","10":"product_tag-wholesale-boudoir-lingerie","11":"product_tag-mesh-lingerie","12":"product_tag-wholesale-sexy-see-through-lingerie","13":"product_tag-ultra-sexy","14":"pa_color-black","15":"pa_color-light-blue-women-sexy-lingerie","16":"pa_color-white","17":"pa_cup-full-cup","18":"pa_size-wholesale-large-size-women-sexy-lingerie","19":"pa_size-wholesale-medium-size-women-sexy-lingerie","20":"pa_size-wholesale-small-size-sexy-lingerie","21":"pa_size-wholesale-extra-large-sexy-lingerie","23":"first","24":"instock","25":"taxable","26":"shipping-taxable","27":"purchasable","28":"product-type-variable"},"tiered_pricing_type":"fixed","tiered_pricing_fixed_rules":[],"tiered_pricing_product_settings":{"layout":"default","base_unit_name":{"singular":null,"plural":null},"default_variation":null},"tiered_pricing_minimum_quantity":null,"tiered_pricing_roles_data":{"default_wholesaler":{"product_id":30618,"role":"default_wholesaler","pricing_type":"flat","regular_price":null,"sale_price":null,"discount":null,"discount_type":"sale_price","tiered_pricing_type":"fixed","percentage_rules":[],"fixed_rules":{"2":"6.79","30":"5.89","500":"5.09"},"minimum":null},"dropshippinger":{"product_id":30618,"role":"dropshippinger","pricing_type":"flat","regular_price":null,"sale_price":null,"discount":null,"discount_type":"sale_price","tiered_pricing_type":"fixed","percentage_rules":[],"fixed_rules":{"1":"8.19","5":"6.79","30":"5.89"},"minimum":null}},"tiered_pricing_percentage_rules":[],"tiered_pricing_maximum_quantity":null,"tiered_pricing_quantity_step":null,"_links":{"self":[{"href":"https:\/\/gretasexylingerie.com\/fi\/wp-json\/wp\/v2\/product\/30618","targetHints":{"allow":["GET"]}}],"collection":[{"href":"https:\/\/gretasexylingerie.com\/fi\/wp-json\/wp\/v2\/product"}],"about":[{"href":"https:\/\/gretasexylingerie.com\/fi\/wp-json\/wp\/v2\/types\/product"}],"wp:featuredmedia":[{"embeddable":true,"href":"https:\/\/gretasexylingerie.com\/fi\/wp-json\/wp\/v2\/media\/30623"}],"wp:attachment":[{"href":"https:\/\/gretasexylingerie.com\/fi\/wp-json\/wp\/v2\/media?parent=30618"}],"wp:term":[{"taxonomy":"product_brand","embeddable":true,"href":"https:\/\/gretasexylingerie.com\/fi\/wp-json\/wp\/v2\/product_brand?post=30618"},{"taxonomy":"product_cat","embeddable":true,"href":"https:\/\/gretasexylingerie.com\/fi\/wp-json\/wp\/v2\/product_cat?post=30618"},{"taxonomy":"product_tag","embeddable":true,"href":"https:\/\/gretasexylingerie.com\/fi\/wp-json\/wp\/v2\/product_tag?post=30618"}],"curies":[{"name":"wp","href":"https:\/\/api.w.org\/{rel}","templated":true}]}}