{"id":29825,"date":"2023-01-19T16:29:36","date_gmt":"2023-01-19T08:29:36","guid":{"rendered":"https:\/\/gretasexylingerie.com\/?post_type=product&#038;p=29825"},"modified":"2023-09-05T20:49:46","modified_gmt":"2023-09-05T12:49:46","slug":"mesh-pilkullinen-royhelo-bustier-rintaliivit","status":"publish","type":"product","link":"https:\/\/gretasexylingerie.com\/fi\/products\/mesh-polka-dot-ruffle-bustier-bra-set\/","title":{"rendered":"Mesh Polka Dot Ruffle Bustier-rintaliivit"},"content":{"rendered":"<p>Ominaisuudet:<\/p>\n\n\n\n<p>1. L\u00e4pin\u00e4kyv\u00e4 musta verkko, s\u00e4\u00e4nn\u00f6llisesti mustina pilkkuina, saa sinut n\u00e4ytt\u00e4m\u00e4\u00e4n kauniimmalta.<br>2. S\u00e4\u00e4dett\u00e4v\u00e4t ohuet olkahihnat, kolme metalliketjua yhdist\u00e4v\u00e4t kaularenkaan rintaliiviin, mik\u00e4 tekee yl\u00e4vartalostasi seksikk\u00e4\u00e4mm\u00e4n ja vakaamman.<br>3. Sukkanauha r\u00f6yhel\u00f6ill\u00e4 ja koristeltu pilkkuverkolla. Alushousut on my\u00f6s valmistettu t\u00e4pl\u00e4verkosta, ja vy\u00f6t\u00e4r\u00f6nauha on s\u00e4\u00e4dett\u00e4v\u00e4 ohut kudottu vy\u00f6.<\/p>\n\n\n\n<p><\/p>\n\n\n\n<figure class=\"wp-block-table is-style-stripes\"><table><tbody><tr><td colspan=\"4\">Sivustokaavio (CM)<\/td><\/tr><tr><td>Koko<\/td><td>Rinnan alla<\/td><td>Pituus<\/td><td>Vy\u00f6t\u00e4r\u00f6<\/td><\/tr><tr><td>S<\/td><td>68-86<\/td><td>22<\/td><td>62-94<\/td><\/tr><tr><td>M<\/td><td>72-90<\/td><td>23<\/td><td>66-98<\/td><\/tr><tr><td>L<\/td><td>76-94<\/td><td>24<\/td><td>70-102<\/td><\/tr><tr><td colspan=\"4\">Sivustokaavio (INCH)<\/td><\/tr><tr><td>Koko<\/td><td>Rinnan alla<\/td><td>Kupin korkeus<\/td><td>Vy\u00f6t\u00e4r\u00f6<\/td><\/tr><tr><td>S<\/td><td>27.2-34.4<\/td><td>8.8<\/td><td>24.8-37.6<\/td><\/tr><tr><td>M<\/td><td>28.8-36<\/td><td>9.2<\/td><td>26.4-39.2<\/td><\/tr><tr><td>L<\/td><td>30.4-37.6<\/td><td>9.6<\/td><td>30.4-40.8<\/td><\/tr><tr><td colspan=\"4\">Huomautus: 1. Eri kokoisissa, paikoissa ja kankaissa voi olla 1-2 cm poikkeamaa. Kokotaulukko on vain viitteellinen, sill\u00e4 voi olla pieni\u00e4 eroja saamasi kanssa. 2. On olemassa 3 erilaista joustavuutta: korkea elastisuus (kaksipuolisesti venytetty), keskijoustavuus (yksipuolinen venytetty) ja ei-elastinen (ei voi venytt\u00e4\u00e4). 3.V\u00e4ri voi olla vaaleampi tai tummempi eri PC-n\u00e4yt\u00f6n vuoksi. 4.Pese k\u00e4sin 30-asteisessa vedess\u00e4, ripusta kuivumaan varjossa, est\u00e4 valkaisu. 5. Yksityiskohdissa ja kuvioissa saattaa olla hieman eroja.<\/td><\/tr><\/tbody><\/table><\/figure>","protected":false},"excerpt":{"rendered":"<p>T\u00e4llainen ihastuttava pitsinen polka dot r\u00f6yhel\u00f6 bustier-rintaliivisarja antaa sinulle kaiken rakastajasi rakkauden. Valmistettu l\u00e4pin\u00e4kyv\u00e4st\u00e4 verkosta, jossa on pilkkukuvio, hieno musta verkko sel\u00e4ss\u00e4, 3 metalliketjua, jotka yhdist\u00e4v\u00e4t kaularenkaan rintaliiviin, ja sukkanauhassa on pisteverkko r\u00f6yhel\u00f6n\u00e4.<\/p>","protected":false},"featured_media":29831,"template":"","meta":[],"product_brand":[],"product_cat":[390,387,386,367],"product_tag":[507,454,518,524,451,446],"class_list":{"0":"post-29825","1":"product","2":"type-product","3":"status-publish","4":"has-post-thumbnail","6":"product_cat-wholesale-mesh-bustier","7":"product_cat-wholesale-bustier-bra-set","8":"product_cat-sexy-bustiers","9":"product_cat-sexy-lingerie","10":"product_tag-three-pcs-set","11":"product_tag-wholesale-sexy-embroidered-lingerie","12":"product_tag-mesh-lingerie","13":"product_tag-metal-lingerie","14":"product_tag-wholesale-revealing-lingerie","15":"product_tag-wholesale-sexy-see-through-lingerie","16":"pa_color-black","17":"pa_cup-full-cup","18":"pa_size-wholesale-large-size-women-sexy-lingerie","19":"pa_size-wholesale-medium-size-women-sexy-lingerie","20":"pa_size-wholesale-small-size-sexy-lingerie","22":"first","23":"instock","24":"taxable","25":"shipping-taxable","26":"purchasable","27":"product-type-variable"},"tiered_pricing_type":"fixed","tiered_pricing_fixed_rules":[],"tiered_pricing_product_settings":{"layout":"default","base_unit_name":{"singular":null,"plural":null},"default_variation":null},"tiered_pricing_minimum_quantity":null,"tiered_pricing_roles_data":{"default_wholesaler":{"product_id":29825,"role":"default_wholesaler","pricing_type":"flat","regular_price":null,"sale_price":null,"discount":null,"discount_type":"sale_price","tiered_pricing_type":"fixed","percentage_rules":[],"fixed_rules":{"2":"9.19","30":"7.89","500":"6.89"},"minimum":null},"dropshippinger":{"product_id":29825,"role":"dropshippinger","pricing_type":"flat","regular_price":null,"sale_price":null,"discount":null,"discount_type":"sale_price","tiered_pricing_type":"fixed","percentage_rules":[],"fixed_rules":{"1":"10.99","5":"9.19","20":"7.89"},"minimum":null}},"tiered_pricing_percentage_rules":[],"tiered_pricing_maximum_quantity":null,"tiered_pricing_quantity_step":null,"_links":{"self":[{"href":"https:\/\/gretasexylingerie.com\/fi\/wp-json\/wp\/v2\/product\/29825","targetHints":{"allow":["GET"]}}],"collection":[{"href":"https:\/\/gretasexylingerie.com\/fi\/wp-json\/wp\/v2\/product"}],"about":[{"href":"https:\/\/gretasexylingerie.com\/fi\/wp-json\/wp\/v2\/types\/product"}],"wp:featuredmedia":[{"embeddable":true,"href":"https:\/\/gretasexylingerie.com\/fi\/wp-json\/wp\/v2\/media\/29831"}],"wp:attachment":[{"href":"https:\/\/gretasexylingerie.com\/fi\/wp-json\/wp\/v2\/media?parent=29825"}],"wp:term":[{"taxonomy":"product_brand","embeddable":true,"href":"https:\/\/gretasexylingerie.com\/fi\/wp-json\/wp\/v2\/product_brand?post=29825"},{"taxonomy":"product_cat","embeddable":true,"href":"https:\/\/gretasexylingerie.com\/fi\/wp-json\/wp\/v2\/product_cat?post=29825"},{"taxonomy":"product_tag","embeddable":true,"href":"https:\/\/gretasexylingerie.com\/fi\/wp-json\/wp\/v2\/product_tag?post=29825"}],"curies":[{"name":"wp","href":"https:\/\/api.w.org\/{rel}","templated":true}]}}