{"id":29651,"date":"2023-01-18T15:15:49","date_gmt":"2023-01-18T07:15:49","guid":{"rendered":"https:\/\/gretasexylingerie.com\/?post_type=product&#038;p=29651"},"modified":"2023-12-09T21:04:50","modified_gmt":"2023-12-09T13:04:50","slug":"mustat-leikatut-metalliketjut","status":"publish","type":"product","link":"https:\/\/gretasexylingerie.com\/fi\/products\/black-cutout-metal-chain-bustiers\/","title":{"rendered":"Tukkumyynti Black Cutout Metal Chain Bustiers"},"content":{"rendered":"<p>Kohta<\/p>\n\n\n\n<p>Ominaisuus:<\/p>\n\n\n\n<p>1. Ontto veistetty kangas, kuvio on kolmiulotteisempi ja seksikk\u00e4\u00e4mpi.<br>2. Metalliketjua k\u00e4ytet\u00e4\u00e4n hihnana ja sit\u00e4 voidaan s\u00e4\u00e4t\u00e4\u00e4.<br>3. Joustava kudottu vy\u00f6, joka mukautuu paremmin vartaloasi.<\/p>\n\n\n\n<figure class=\"wp-block-table is-style-stripes\"><table><tbody><tr><td colspan=\"4\">Sivustokaavio (CM)<\/td><\/tr><tr><td>Koko<\/td><td>Rinnan alla<\/td><td>Yl\u00e4osan pituus<\/td><td>Vy\u00f6t\u00e4r\u00f6<\/td><\/tr><tr><td>S<\/td><td>66-88<\/td><td>28<\/td><td>64-96<\/td><\/tr><tr><td>M<\/td><td>70-92<\/td><td>28.5<\/td><td>68-100<\/td><\/tr><tr><td>L<\/td><td>74-96<\/td><td>29<\/td><td>74-104<\/td><\/tr><tr><td colspan=\"4\">Sivustokaavio (INCH)<\/td><\/tr><tr><td>Koko<\/td><td>Rinnan alla<\/td><td>Kupin korkeus<\/td><td>Vy\u00f6t\u00e4r\u00f6<\/td><\/tr><tr><td>S<\/td><td>26.4-35.2<\/td><td>11.2<\/td><td>25.6-38.4<\/td><\/tr><tr><td>M<\/td><td>28-36.8<\/td><td>11.4<\/td><td>27.2-40<\/td><\/tr><tr><td>L<\/td><td>29.6-38.4<\/td><td>11.6<\/td><td>32.8-41.6<\/td><\/tr><tr><td colspan=\"4\">Huomautus: 1. Eri kokoisissa, paikoissa ja kankaissa voi olla 1-2 cm poikkeamaa. Kokotaulukko on vain viitteellinen, sill\u00e4 voi olla pieni\u00e4 eroja saamasi kanssa. 2. On olemassa 3 erilaista joustavuutta: korkea elastisuus (kaksipuolisesti venytetty), keskijoustavuus (yksipuolinen venytetty) ja ei-elastinen (ei voi venytt\u00e4\u00e4). 3.V\u00e4ri voi olla vaaleampi tai tummempi eri PC-n\u00e4yt\u00f6n vuoksi. 4.Pese k\u00e4sin 30-asteisessa vedess\u00e4, ripusta kuivumaan varjossa, est\u00e4 valkaisu. 5. Yksityiskohdissa ja kuvioissa saattaa olla hieman eroja.<\/td><\/tr><\/tbody><\/table><\/figure>","protected":false},"excerpt":{"rendered":"<p>Nauti h\u00e4\u00e4matkastasi unenomaisissa mustissa metalliketjuissa. Leikattu kangas, metalliketjun vy\u00f6, s\u00e4\u00e4dett\u00e4v\u00e4 vy\u00f6 ja rintakeh\u00e4 sek\u00e4 yhteensopiva G-string. <iframe title=\"\" src=\"https:\/\/www.youtube.com\/embed\/7vPsas9ZnaU\" width=\"840\" height=\"630\" frameborder=\"0\" allowfullscreen=\"allowfullscreen\"><\/iframe><\/p>","protected":false},"featured_media":29657,"template":"","meta":[],"product_brand":[],"product_cat":[388,387,386,367],"product_tag":[524,451,446,509],"class_list":{"0":"post-29651","1":"product","2":"type-product","3":"status-publish","4":"has-post-thumbnail","6":"product_cat-wholesale-gartered-corset","7":"product_cat-wholesale-bustier-bra-set","8":"product_cat-sexy-bustiers","9":"product_cat-sexy-lingerie","10":"product_tag-metal-lingerie","11":"product_tag-wholesale-revealing-lingerie","12":"product_tag-wholesale-sexy-see-through-lingerie","13":"product_tag-two-pcs-set","14":"pa_color-black","15":"pa_cup-wholesale-half-cup-women-sexy-lingerie","16":"pa_size-wholesale-large-size-women-sexy-lingerie","17":"pa_size-wholesale-medium-size-women-sexy-lingerie","18":"pa_size-wholesale-small-size-sexy-lingerie","20":"first","21":"instock","22":"taxable","23":"shipping-taxable","24":"purchasable","25":"product-type-variable"},"tiered_pricing_type":"fixed","tiered_pricing_fixed_rules":[],"tiered_pricing_product_settings":{"layout":"default","base_unit_name":{"singular":null,"plural":null},"default_variation":{}},"tiered_pricing_minimum_quantity":null,"tiered_pricing_roles_data":{"default_wholesaler":{"product_id":29651,"role":"default_wholesaler","pricing_type":"flat","regular_price":null,"sale_price":null,"discount":null,"discount_type":"sale_price","tiered_pricing_type":"fixed","percentage_rules":[],"fixed_rules":{"2":"9.19","30":"7.89","500":"6.89"},"minimum":null},"dropshippinger":{"product_id":29651,"role":"dropshippinger","pricing_type":"flat","regular_price":10.99,"sale_price":null,"discount":null,"discount_type":"sale_price","tiered_pricing_type":"fixed","percentage_rules":[],"fixed_rules":{"1":"10.99","5":"9.19","20":"7.89"},"minimum":null}},"tiered_pricing_percentage_rules":[],"tiered_pricing_maximum_quantity":null,"tiered_pricing_quantity_step":null,"_links":{"self":[{"href":"https:\/\/gretasexylingerie.com\/fi\/wp-json\/wp\/v2\/product\/29651","targetHints":{"allow":["GET"]}}],"collection":[{"href":"https:\/\/gretasexylingerie.com\/fi\/wp-json\/wp\/v2\/product"}],"about":[{"href":"https:\/\/gretasexylingerie.com\/fi\/wp-json\/wp\/v2\/types\/product"}],"wp:featuredmedia":[{"embeddable":true,"href":"https:\/\/gretasexylingerie.com\/fi\/wp-json\/wp\/v2\/media\/29657"}],"wp:attachment":[{"href":"https:\/\/gretasexylingerie.com\/fi\/wp-json\/wp\/v2\/media?parent=29651"}],"wp:term":[{"taxonomy":"product_brand","embeddable":true,"href":"https:\/\/gretasexylingerie.com\/fi\/wp-json\/wp\/v2\/product_brand?post=29651"},{"taxonomy":"product_cat","embeddable":true,"href":"https:\/\/gretasexylingerie.com\/fi\/wp-json\/wp\/v2\/product_cat?post=29651"},{"taxonomy":"product_tag","embeddable":true,"href":"https:\/\/gretasexylingerie.com\/fi\/wp-json\/wp\/v2\/product_tag?post=29651"}],"curies":[{"name":"wp","href":"https:\/\/api.w.org\/{rel}","templated":true}]}}