{"id":29597,"date":"2023-01-18T12:48:59","date_gmt":"2023-01-18T04:48:59","guid":{"rendered":"https:\/\/gretasexylingerie.com\/?post_type=product&#038;p=29597"},"modified":"2023-12-09T16:25:35","modified_gmt":"2023-12-09T08:25:35","slug":"musta-pitsi-one-olka-pitkahihainen-body","status":"publish","type":"product","link":"https:\/\/gretasexylingerie.com\/fi\/products\/black-lace-one-shoulder-long-sleeved-bodysuit\/","title":{"rendered":"Musta pitsi, yksiolkainen pitk\u00e4hihainen body"},"content":{"rendered":"<p>Ominaisuudet:<\/p>\n\n\n\n<p>1. Joustava verkkopitsi, verkkomuotoilu ja kauniilla kukkakuvioilla maalattu.<br>2. Koristele kauniita keskivartaloasi rintakeh\u00e4ss\u00e4 hienoilla pitsikankailla.<br>3. Takana oleva verkkokuvio on valmistettu mukavasta kankaasta, joka ei ole vain seksik\u00e4s vaan my\u00f6s eritt\u00e4in mukava.<\/p>\n\n\n\n<figure class=\"wp-block-table is-style-stripes\"><table><tbody><tr><td colspan=\"4\">Sivustokaavio (CM)<\/td><\/tr><tr><td>Koko<\/td><td>Rinnan alla<\/td><td>Yl\u00e4osan pituus<\/td><td>Vy\u00f6t\u00e4r\u00f6<\/td><\/tr><tr><td>S<\/td><td>81<\/td><td>59<\/td><td>70<\/td><\/tr><tr><td>M<\/td><td>86<\/td><td>60<\/td><td>75<\/td><\/tr><tr><td>L<\/td><td>91<\/td><td>61<\/td><td>80<\/td><\/tr><tr><td colspan=\"4\">Sivustokaavio (INCH)<\/td><\/tr><tr><td>Koko<\/td><td>Rinnan alla<\/td><td>Kupin korkeus<\/td><td>Vy\u00f6t\u00e4r\u00f6<\/td><\/tr><tr><td>S<\/td><td>32.4<\/td><td>23.6<\/td><td>28<\/td><\/tr><tr><td>M<\/td><td>34.4<\/td><td>24<\/td><td>30<\/td><\/tr><tr><td>L<\/td><td>36.4<\/td><td>24.4<\/td><td>32<\/td><\/tr><tr><td colspan=\"4\">Huomautus: 1. Eri kokoisissa, paikoissa ja kankaissa voi olla 1-2 cm poikkeamaa. Kokotaulukko on vain viitteellinen, sill\u00e4 voi olla pieni\u00e4 eroja saamasi kanssa. 2. On olemassa 3 erilaista joustavuutta: korkea elastisuus (kaksipuolisesti venytetty), keskijoustavuus (yksipuolinen venytetty) ja ei-elastinen (ei voi venytt\u00e4\u00e4). 3.V\u00e4ri voi olla vaaleampi tai tummempi eri PC-n\u00e4yt\u00f6n vuoksi. 4.Pese k\u00e4sin 30-asteisessa vedess\u00e4, ripusta kuivumaan varjossa, est\u00e4 valkaisu. 5. Yksityiskohdissa ja kuvioissa saattaa olla hieman eroja.<\/td><\/tr><\/tbody><\/table><\/figure>","protected":false},"excerpt":{"rendered":"<p>Anna The Black Lace pitk\u00e4hihainen body-puku koristaa seksik\u00e4st\u00e4 figuuriasi. Valmistettu korkealaatuisista pehmeist\u00e4 kalastusverkoista, neulottu herkill\u00e4 kuvioilla, ripset rinnassa ja l\u00e4pin\u00e4kyv\u00e4 yksiosainen malli sel\u00e4ss\u00e4.<\/p>","protected":false},"featured_media":29602,"template":"","meta":[],"product_brand":[],"product_cat":[372,370,367],"product_tag":[448,516,518,973],"class_list":{"0":"post-29597","1":"product","2":"type-product","3":"status-publish","4":"has-post-thumbnail","6":"product_cat-wholesale-sexy-long-sleeve-bodysuit","7":"product_cat-bodysuit","8":"product_cat-sexy-lingerie","9":"product_tag-wholesale-elegant-sexy-lingerie","10":"product_tag-lace-lingerie","11":"product_tag-mesh-lingerie","12":"product_tag-oem","13":"pa_color-black","14":"pa_cup-wholesale-half-cup-women-sexy-lingerie","15":"pa_size-wholesale-large-size-women-sexy-lingerie","16":"pa_size-wholesale-medium-size-women-sexy-lingerie","17":"pa_size-wholesale-small-size-sexy-lingerie","19":"first","20":"outofstock","21":"taxable","22":"shipping-taxable","23":"purchasable","24":"product-type-variable"},"tiered_pricing_type":"fixed","tiered_pricing_fixed_rules":[],"tiered_pricing_product_settings":{"layout":"default","base_unit_name":{"singular":null,"plural":null},"default_variation":{}},"tiered_pricing_minimum_quantity":null,"tiered_pricing_roles_data":{"default_wholesaler":{"product_id":29597,"role":"default_wholesaler","pricing_type":"flat","regular_price":null,"sale_price":null,"discount":null,"discount_type":"sale_price","tiered_pricing_type":"fixed","percentage_rules":[],"fixed_rules":{"2":"8.39","30":"7.19","500":"6.29"},"minimum":null},"dropshippinger":{"product_id":29597,"role":"dropshippinger","pricing_type":"flat","regular_price":null,"sale_price":null,"discount":null,"discount_type":"sale_price","tiered_pricing_type":"fixed","percentage_rules":[],"fixed_rules":{"1":"9.99","5":"8.39","20":"7.19"},"minimum":null}},"tiered_pricing_percentage_rules":[],"tiered_pricing_maximum_quantity":null,"tiered_pricing_quantity_step":null,"_links":{"self":[{"href":"https:\/\/gretasexylingerie.com\/fi\/wp-json\/wp\/v2\/product\/29597","targetHints":{"allow":["GET"]}}],"collection":[{"href":"https:\/\/gretasexylingerie.com\/fi\/wp-json\/wp\/v2\/product"}],"about":[{"href":"https:\/\/gretasexylingerie.com\/fi\/wp-json\/wp\/v2\/types\/product"}],"wp:featuredmedia":[{"embeddable":true,"href":"https:\/\/gretasexylingerie.com\/fi\/wp-json\/wp\/v2\/media\/29602"}],"wp:attachment":[{"href":"https:\/\/gretasexylingerie.com\/fi\/wp-json\/wp\/v2\/media?parent=29597"}],"wp:term":[{"taxonomy":"product_brand","embeddable":true,"href":"https:\/\/gretasexylingerie.com\/fi\/wp-json\/wp\/v2\/product_brand?post=29597"},{"taxonomy":"product_cat","embeddable":true,"href":"https:\/\/gretasexylingerie.com\/fi\/wp-json\/wp\/v2\/product_cat?post=29597"},{"taxonomy":"product_tag","embeddable":true,"href":"https:\/\/gretasexylingerie.com\/fi\/wp-json\/wp\/v2\/product_tag?post=29597"}],"curies":[{"name":"wp","href":"https:\/\/api.w.org\/{rel}","templated":true}]}}