{"id":29505,"date":"2023-01-17T16:28:22","date_gmt":"2023-01-17T08:28:22","guid":{"rendered":"https:\/\/gretasexylingerie.com\/?post_type=product&#038;p=29505"},"modified":"2023-12-09T16:17:26","modified_gmt":"2023-12-09T08:17:26","slug":"musta-ranneke-mesh-body","status":"publish","type":"product","link":"https:\/\/gretasexylingerie.com\/fi\/products\/black-strappy-mesh-bodysuit\/","title":{"rendered":"tukku musta Strappy Mesh Bodysuit"},"content":{"rendered":"<p>Ominaisuus:<\/p>\n\n\n\n<ol class=\"wp-block-list\">\n<li>Musta pehme\u00e4 verkkokangas lis\u00e4\u00e4 hengitt\u00e4vyytt\u00e4 ja seksikkyytt\u00e4.<\/li>\n\n\n\n<li>S\u00e4\u00e4dett\u00e4v\u00e4 vy\u00f6 on s\u00e4\u00e4dett\u00e4viss\u00e4 vapaasti vartalotyypin mukaan.<\/li>\n\n\n\n<li>Leve\u00e4 nauhasuunnittelu, vapauta kauneutesi.<\/li>\n<\/ol>\n\n\n\n<figure class=\"wp-block-table is-style-stripes\"><table><tbody><tr><td colspan=\"4\">Sivustokaavio (CM)<\/td><\/tr><tr><td>Koko<\/td><td>Rinnan alla<\/td><td>Kupin korkeus<\/td><td>Vy\u00f6t\u00e4r\u00f6<\/td><\/tr><tr><td>S<\/td><td>64-74<\/td><td>14<\/td><td>62-72<\/td><\/tr><tr><td>M<\/td><td>68-78<\/td><td>15<\/td><td>66-76<\/td><\/tr><tr><td>L<\/td><td>72-82<\/td><td>16<\/td><td>70-80<\/td><\/tr><tr><td>XL<\/td><td>76-86<\/td><td>17<\/td><td>74-84<\/td><\/tr><tr><td colspan=\"4\">Sivustokaavio (INCH)<\/td><\/tr><tr><td>Koko<\/td><td>Rinnan alla<\/td><td>Kupin korkeus<\/td><td>Vy\u00f6t\u00e4r\u00f6<\/td><\/tr><tr><td>S<\/td><td>64-74<\/td><td>5.6<\/td><td>24.8-28.8<\/td><\/tr><tr><td>M<\/td><td>68-78<\/td><td>6<\/td><td>26.4-30.4<\/td><\/tr><tr><td>L<\/td><td>72-82<\/td><td>6.4<\/td><td>28-32<\/td><\/tr><tr><td>XL<\/td><td>76-86<\/td><td>6.8<\/td><td>29.6-33.6<\/td><\/tr><tr><td colspan=\"4\">Huomautus: 1. Eri kokoisissa, paikoissa ja kankaissa voi olla 1-2 cm poikkeamaa. Kokotaulukko on vain viitteellinen, sill\u00e4 voi olla pieni\u00e4 eroja saamasi kanssa. 2. On olemassa 3 erilaista joustavuutta: korkea elastisuus (kaksipuolisesti venytetty), keskijoustavuus (yksipuolinen venytetty) ja ei-elastinen (ei voi venytt\u00e4\u00e4). 3.V\u00e4ri voi olla vaaleampi tai tummempi eri PC-n\u00e4yt\u00f6n vuoksi. 4.Pese k\u00e4sin 30-asteisessa vedess\u00e4, ripusta kuivumaan varjossa, est\u00e4 valkaisu. 5. Yksityiskohdissa ja kuvioissa saattaa olla hieman eroja.<\/td><\/tr><\/tbody><\/table><\/figure>","protected":false},"excerpt":{"rendered":"<p>Todella seksik\u00e4s musta ranneke mesh body! Se on loistava valinta treffeille. K\u00e4yt\u00e4 leve\u00e4\u00e4 nauhaa koristeena heijastaaksesi paremmin vartalosi muotoa. S\u00e4\u00e4dett\u00e4v\u00e4 vy\u00f6t\u00e4r\u00f6vy\u00f6, jonka avulla voit mukauttaa sen tilanteeseesi. L\u00e4pin\u00e4kyv\u00e4 pehme\u00e4 verkko tuo sinulle kerroksen mysteeri\u00e4. Tule tutustumaan l\u00e4heisiisi!<\/p>","protected":false},"featured_media":29515,"template":"","meta":[],"product_brand":[],"product_cat":[373,370,367],"product_tag":[452,448,518,973,451,446,504],"class_list":{"0":"post-29505","1":"product","2":"type-product","3":"status-publish","4":"has-post-thumbnail","6":"product_cat-wholesale-sexy-mesh-bodysuit","7":"product_cat-bodysuit","8":"product_cat-sexy-lingerie","9":"product_tag-wholesale-boudoir-lingerie","10":"product_tag-wholesale-elegant-sexy-lingerie","11":"product_tag-mesh-lingerie","12":"product_tag-oem","13":"product_tag-wholesale-revealing-lingerie","14":"product_tag-wholesale-sexy-see-through-lingerie","15":"product_tag-ultra-sexy","16":"pa_color-black","17":"pa_cup-wholesale-half-cup-women-sexy-lingerie","18":"pa_size-wholesale-large-size-women-sexy-lingerie","19":"pa_size-wholesale-medium-size-women-sexy-lingerie","20":"pa_size-wholesale-small-size-sexy-lingerie","21":"pa_size-wholesale-extra-large-sexy-lingerie","23":"first","24":"outofstock","25":"taxable","26":"shipping-taxable","27":"purchasable","28":"product-type-variable"},"tiered_pricing_type":"fixed","tiered_pricing_fixed_rules":[],"tiered_pricing_product_settings":{"layout":"default","base_unit_name":{"singular":null,"plural":null},"default_variation":{}},"tiered_pricing_minimum_quantity":null,"tiered_pricing_roles_data":{"default_wholesaler":{"product_id":29505,"role":"default_wholesaler","pricing_type":"flat","regular_price":null,"sale_price":null,"discount":null,"discount_type":"sale_price","tiered_pricing_type":"fixed","percentage_rules":[],"fixed_rules":{"2":"7.59","30":"6.49","500":"5.69"},"minimum":null},"dropshippinger":{"product_id":29505,"role":"dropshippinger","pricing_type":"flat","regular_price":null,"sale_price":null,"discount":null,"discount_type":"sale_price","tiered_pricing_type":"fixed","percentage_rules":[],"fixed_rules":{"1":"9.09","5":"7.59","20":"6.49"},"minimum":null}},"tiered_pricing_percentage_rules":[],"tiered_pricing_maximum_quantity":null,"tiered_pricing_quantity_step":null,"_links":{"self":[{"href":"https:\/\/gretasexylingerie.com\/fi\/wp-json\/wp\/v2\/product\/29505","targetHints":{"allow":["GET"]}}],"collection":[{"href":"https:\/\/gretasexylingerie.com\/fi\/wp-json\/wp\/v2\/product"}],"about":[{"href":"https:\/\/gretasexylingerie.com\/fi\/wp-json\/wp\/v2\/types\/product"}],"wp:featuredmedia":[{"embeddable":true,"href":"https:\/\/gretasexylingerie.com\/fi\/wp-json\/wp\/v2\/media\/29515"}],"wp:attachment":[{"href":"https:\/\/gretasexylingerie.com\/fi\/wp-json\/wp\/v2\/media?parent=29505"}],"wp:term":[{"taxonomy":"product_brand","embeddable":true,"href":"https:\/\/gretasexylingerie.com\/fi\/wp-json\/wp\/v2\/product_brand?post=29505"},{"taxonomy":"product_cat","embeddable":true,"href":"https:\/\/gretasexylingerie.com\/fi\/wp-json\/wp\/v2\/product_cat?post=29505"},{"taxonomy":"product_tag","embeddable":true,"href":"https:\/\/gretasexylingerie.com\/fi\/wp-json\/wp\/v2\/product_tag?post=29505"}],"curies":[{"name":"wp","href":"https:\/\/api.w.org\/{rel}","templated":true}]}}