{"id":29441,"date":"2023-01-17T12:25:25","date_gmt":"2023-01-17T04:25:25","guid":{"rendered":"https:\/\/gretasexylingerie.com\/?post_type=product&#038;p=29441"},"modified":"2023-09-05T20:49:36","modified_gmt":"2023-09-05T12:49:36","slug":"verkkoriimu-kaula-g-string-body","status":"publish","type":"product","link":"https:\/\/gretasexylingerie.com\/fi\/products\/mesh-halter-neck-g-string-bodysuit\/","title":{"rendered":"Mesh Halter Neck G-string Bodysuit"},"content":{"rendered":"<p>Ominaisuus:<\/p>\n\n\n\n<ol class=\"wp-block-list\">\n<li>Useat s\u00e4\u00e4dett\u00e4v\u00e4t nauhakoristeet lis\u00e4\u00e4v\u00e4t deittailun hauskuutta.<\/li>\n\n\n\n<li>Pehme\u00e4, joustava verkkokangas lis\u00e4\u00e4 mukavuutta ja hieman mysteeri\u00e4.<\/li>\n\n\n\n<li>S\u00e4\u00e4dett\u00e4v\u00e4t henkselit, jotka sopivat useammille vartalon muodoille.<\/li>\n<\/ol>\n\n\n\n<figure class=\"wp-block-embed is-type-video is-provider-youtube wp-block-embed-youtube wp-embed-aspect-16-9 wp-has-aspect-ratio\"><div class=\"wp-block-embed__wrapper\">\nhttps:\/\/www.youtube.com\/shorts\/EuthOj7GSsU\n<\/div><\/figure>\n\n\n\n<figure class=\"wp-block-table is-style-stripes\"><table><tbody><tr><td colspan=\"4\">Sivustokaavio (CM)<\/td><\/tr><tr><td>Koko<\/td><td>Rinnan alla<\/td><td>Kupin korkeus<\/td><td>Vy\u00f6t\u00e4r\u00f6<\/td><\/tr><tr><td>S<\/td><td>66-67<\/td><td>14<\/td><td>64-74<\/td><\/tr><tr><td>M<\/td><td>70-80<\/td><td>15<\/td><td>68-78<\/td><\/tr><tr><td>L<\/td><td>75-84<\/td><td>16<\/td><td>72-82<\/td><\/tr><tr><td>XL<\/td><td>78-88<\/td><td>17<\/td><td>76-86<\/td><\/tr><tr><td colspan=\"4\">Sivustokaavio (INCH)<\/td><\/tr><tr><td>Koko<\/td><td>Rinnan alla<\/td><td>Kupin korkeus<\/td><td>Vy\u00f6t\u00e4r\u00f6<\/td><\/tr><tr><td>S<\/td><td>26.4-30.4<\/td><td>5.6<\/td><td>25.6-29.9<\/td><\/tr><tr><td>M<\/td><td>28-32<\/td><td>6<\/td><td>27.2-31.2<\/td><\/tr><tr><td>L<\/td><td>29.6-33.7<\/td><td>6.4<\/td><td>28.8-32.8<\/td><\/tr><tr><td>XL<\/td><td>31.2-35.2<\/td><td>6.8<\/td><td>30.4-34.4<\/td><\/tr><tr><td colspan=\"4\">Huomautus: 1. Eri kokoisissa, paikoissa ja kankaissa voi olla 1-2 cm poikkeamaa. Kokotaulukko on vain viitteellinen, sill\u00e4 voi olla pieni\u00e4 eroja saamasi kanssa. 2. On olemassa 3 erilaista joustavuutta: korkea elastisuus (kaksipuolisesti venytetty), keskijoustavuus (yksipuolinen venytetty) ja ei-elastinen (ei voi venytt\u00e4\u00e4). 3.V\u00e4ri voi olla vaaleampi tai tummempi eri PC-n\u00e4yt\u00f6n vuoksi. 4.Pese k\u00e4sin 30-asteisessa vedess\u00e4, ripusta kuivumaan varjossa, est\u00e4 valkaisu. 5. Yksityiskohdissa ja kuvioissa saattaa olla hieman eroja.<\/td><\/tr><\/tbody><\/table><\/figure>","protected":false},"excerpt":{"rendered":"<p>Glamorous Mesh Push Up G-string Bodysuit on t\u00e4ydellinen juhliisi tai treffi-iltaan!<br \/>\nT\u00e4ss\u00e4 G-string-bodyssa on s\u00e4\u00e4dett\u00e4v\u00e4t nauhanauhat, jotka parantavat luonnollista muotoasi ja esittelev\u00e4t kaareviasi.<br \/>\nValittavana on kuusi v\u00e4ri\u00e4 ja nelj\u00e4 kokoa. Tukkumyynti on tuettu. Tervetuloa Ostamaan.<\/p>","protected":false},"featured_media":29442,"template":"","meta":[],"product_brand":[],"product_cat":[373,370,367],"product_tag":[452,518,451,446],"class_list":{"0":"post-29441","1":"product","2":"type-product","3":"status-publish","4":"has-post-thumbnail","6":"product_cat-wholesale-sexy-mesh-bodysuit","7":"product_cat-bodysuit","8":"product_cat-sexy-lingerie","9":"product_tag-wholesale-boudoir-lingerie","10":"product_tag-mesh-lingerie","11":"product_tag-wholesale-revealing-lingerie","12":"product_tag-wholesale-sexy-see-through-lingerie","13":"pa_color-black","14":"pa_color-blue-women-sexy-lingerie","15":"pa_color-lime-women-sexy-lingerie","16":"pa_color-orange-red","17":"pa_color-red-women-sexy-lingerie","18":"pa_color-white","19":"pa_cup-full-cup","20":"pa_size-wholesale-large-size-women-sexy-lingerie","21":"pa_size-wholesale-medium-size-women-sexy-lingerie","22":"pa_size-wholesale-small-size-sexy-lingerie","23":"pa_size-wholesale-extra-large-sexy-lingerie","25":"first","26":"instock","27":"taxable","28":"shipping-taxable","29":"purchasable","30":"product-type-variable"},"tiered_pricing_type":"fixed","tiered_pricing_fixed_rules":[],"tiered_pricing_product_settings":{"layout":"default","base_unit_name":{"singular":null,"plural":null},"default_variation":null},"tiered_pricing_minimum_quantity":null,"tiered_pricing_roles_data":{"default_wholesaler":{"product_id":29441,"role":"default_wholesaler","pricing_type":"flat","regular_price":null,"sale_price":null,"discount":null,"discount_type":"sale_price","tiered_pricing_type":"fixed","percentage_rules":[],"fixed_rules":{"2":"8.89","30":"7.59","500":"6.69"},"minimum":null},"dropshippinger":{"product_id":29441,"role":"dropshippinger","pricing_type":"flat","regular_price":null,"sale_price":null,"discount":null,"discount_type":"sale_price","tiered_pricing_type":"fixed","percentage_rules":[],"fixed_rules":{"1":"10.69","5":"8.89","20":"7.59"},"minimum":null}},"tiered_pricing_percentage_rules":[],"tiered_pricing_maximum_quantity":null,"tiered_pricing_quantity_step":null,"_links":{"self":[{"href":"https:\/\/gretasexylingerie.com\/fi\/wp-json\/wp\/v2\/product\/29441","targetHints":{"allow":["GET"]}}],"collection":[{"href":"https:\/\/gretasexylingerie.com\/fi\/wp-json\/wp\/v2\/product"}],"about":[{"href":"https:\/\/gretasexylingerie.com\/fi\/wp-json\/wp\/v2\/types\/product"}],"wp:featuredmedia":[{"embeddable":true,"href":"https:\/\/gretasexylingerie.com\/fi\/wp-json\/wp\/v2\/media\/29442"}],"wp:attachment":[{"href":"https:\/\/gretasexylingerie.com\/fi\/wp-json\/wp\/v2\/media?parent=29441"}],"wp:term":[{"taxonomy":"product_brand","embeddable":true,"href":"https:\/\/gretasexylingerie.com\/fi\/wp-json\/wp\/v2\/product_brand?post=29441"},{"taxonomy":"product_cat","embeddable":true,"href":"https:\/\/gretasexylingerie.com\/fi\/wp-json\/wp\/v2\/product_cat?post=29441"},{"taxonomy":"product_tag","embeddable":true,"href":"https:\/\/gretasexylingerie.com\/fi\/wp-json\/wp\/v2\/product_tag?post=29441"}],"curies":[{"name":"wp","href":"https:\/\/api.w.org\/{rel}","templated":true}]}}