{"id":29401,"date":"2023-01-13T16:48:36","date_gmt":"2023-01-13T08:48:36","guid":{"rendered":"https:\/\/gretasexylingerie.com\/?post_type=product&#038;p=29401"},"modified":"2023-09-05T20:49:34","modified_gmt":"2023-09-05T12:49:34","slug":"merenneito-siniset-rinnat-avoimet-haararintaliivisetti","status":"publish","type":"product","link":"https:\/\/gretasexylingerie.com\/fi\/products\/mermaid-blue-breasts-open-crotch-bra-set\/","title":{"rendered":"Mermaid Blue Breasts Cupness -rintaliivit"},"content":{"rendered":"<p>Ominaisuudet:<\/p>\n\n\n\n<p>1. Korkea elastinen kapea kudottu vy\u00f6, ristikkorakenne sopii paremmin vartaloon.<br>2. Rinta ja pikkuhousut on valmistettu pehme\u00e4st\u00e4 verkkokankaasta ja brodeerattu s\u00f6p\u00f6ill\u00e4 kukilla.<br>3. I:n muotoiset s\u00e4\u00e4dett\u00e4v\u00e4t olkaimet, irrotettava rintakeh\u00e4, G-stringiset pikkuhousut, eritt\u00e4in seksik\u00e4s.<\/p>\n\n\n\n<figure class=\"wp-block-table is-style-stripes\"><table><tbody><tr><td colspan=\"4\">Sivustokaavio (CM)<\/td><\/tr><tr><td>Koko<\/td><td>Rinnan alla<\/td><td>Kupin korkeus<\/td><td>Vy\u00f6t\u00e4r\u00f6<\/td><\/tr><tr><td>S<\/td><td>60-71<\/td><td><\/td><td>62-80<\/td><\/tr><tr><td>M<\/td><td>65-75<\/td><td><\/td><td>66-84<\/td><\/tr><tr><td>L<\/td><td>70-80<\/td><td><\/td><td>70-90<\/td><\/tr><tr><td>XL<\/td><td>73-85<\/td><td><\/td><td>74-94<\/td><\/tr><tr><td colspan=\"4\">Sivustokaavio (INCH)<\/td><\/tr><tr><td>Koko<\/td><td>Rinnan alla<\/td><td>Kupin korkeus<\/td><td>Vy\u00f6t\u00e4r\u00f6<\/td><\/tr><tr><td>S<\/td><td>24-28<\/td><td>0<\/td><td>24.8-32<\/td><\/tr><tr><td>M<\/td><td>26-30<\/td><td>0<\/td><td>26.4-33.6<\/td><\/tr><tr><td>L<\/td><td>27.6-31.6<\/td><td>0<\/td><td>28-36<\/td><\/tr><tr><td>XL<\/td><td>29.2-33.2<\/td><td>0<\/td><td>29.6-37.6<\/td><\/tr><tr><td colspan=\"4\">Huomautus: 1. Eri kokoisissa, paikoissa ja kankaissa voi olla 1-2 cm poikkeamaa. Kokotaulukko on vain viitteellinen, sill\u00e4 voi olla pieni\u00e4 eroja saamasi kanssa. 2. On olemassa 3 erilaista joustavuutta: korkea elastisuus (kaksipuolisesti venytetty), keskijoustavuus (yksipuolinen venytetty) ja ei-elastinen (ei voi venytt\u00e4\u00e4). 3.V\u00e4ri voi olla vaaleampi tai tummempi eri PC-n\u00e4yt\u00f6n vuoksi. 4.Pese k\u00e4sin 30-asteisessa vedess\u00e4, ripusta kuivumaan varjossa, est\u00e4 valkaisu. 5. Yksityiskohdissa ja kuvioissa saattaa olla hieman eroja.<\/td><\/tr><\/tbody><\/table><\/figure>","protected":false},"excerpt":{"rendered":"<p>Mermaid Blue Breasts Open haararintaliivisetin mukanasi l\u00e4pi y\u00f6n. Laadukkaat kapeat kudotut olkaimet, ristikk\u00e4inen muotoilu, kirkas sideharso pikkuhousujen ja rintaliivien ymp\u00e4rill\u00e4, kauniilla brodeerauksilla, avoin kuppi ja avoin haara.<\/p>","protected":false},"featured_media":29402,"template":"","meta":[],"product_brand":[],"product_cat":[376,368,380,377,367],"product_tag":[452,451,446,509,504],"class_list":{"0":"post-29401","1":"product","2":"type-product","3":"status-publish","4":"has-post-thumbnail","6":"product_cat-wholesale-ultra-sexy-bra-panty-set","7":"product_cat-bra-panty-set","8":"product_cat-wholesale-harness-bra-and-panty-set","9":"product_cat-harness-lingerie","10":"product_cat-sexy-lingerie","11":"product_tag-wholesale-boudoir-lingerie","12":"product_tag-wholesale-revealing-lingerie","13":"product_tag-wholesale-sexy-see-through-lingerie","14":"product_tag-two-pcs-set","15":"product_tag-ultra-sexy","16":"pa_color-blue-women-sexy-lingerie","17":"pa_cup-wholesale-cupness-women-sexy-lingerie","18":"pa_size-wholesale-large-size-women-sexy-lingerie","19":"pa_size-wholesale-medium-size-women-sexy-lingerie","20":"pa_size-wholesale-small-size-sexy-lingerie","21":"pa_size-wholesale-extra-large-sexy-lingerie","23":"first","24":"instock","25":"taxable","26":"shipping-taxable","27":"purchasable","28":"product-type-variable"},"tiered_pricing_type":"fixed","tiered_pricing_fixed_rules":[],"tiered_pricing_product_settings":{"layout":"default","base_unit_name":{"singular":null,"plural":null},"default_variation":null},"tiered_pricing_minimum_quantity":null,"tiered_pricing_roles_data":{"default_wholesaler":{"product_id":29401,"role":"default_wholesaler","pricing_type":"flat","regular_price":null,"sale_price":null,"discount":null,"discount_type":"sale_price","tiered_pricing_type":"fixed","percentage_rules":[],"fixed_rules":{"2":"9.99","30":"8.49","500":"7.49"},"minimum":null},"dropshippinger":{"product_id":29401,"role":"dropshippinger","pricing_type":"flat","regular_price":null,"sale_price":null,"discount":null,"discount_type":"sale_price","tiered_pricing_type":"fixed","percentage_rules":[],"fixed_rules":{"1":"11.89","5":"9.99","20":"8.49"},"minimum":null}},"tiered_pricing_percentage_rules":[],"tiered_pricing_maximum_quantity":null,"tiered_pricing_quantity_step":null,"_links":{"self":[{"href":"https:\/\/gretasexylingerie.com\/fi\/wp-json\/wp\/v2\/product\/29401","targetHints":{"allow":["GET"]}}],"collection":[{"href":"https:\/\/gretasexylingerie.com\/fi\/wp-json\/wp\/v2\/product"}],"about":[{"href":"https:\/\/gretasexylingerie.com\/fi\/wp-json\/wp\/v2\/types\/product"}],"wp:featuredmedia":[{"embeddable":true,"href":"https:\/\/gretasexylingerie.com\/fi\/wp-json\/wp\/v2\/media\/29402"}],"wp:attachment":[{"href":"https:\/\/gretasexylingerie.com\/fi\/wp-json\/wp\/v2\/media?parent=29401"}],"wp:term":[{"taxonomy":"product_brand","embeddable":true,"href":"https:\/\/gretasexylingerie.com\/fi\/wp-json\/wp\/v2\/product_brand?post=29401"},{"taxonomy":"product_cat","embeddable":true,"href":"https:\/\/gretasexylingerie.com\/fi\/wp-json\/wp\/v2\/product_cat?post=29401"},{"taxonomy":"product_tag","embeddable":true,"href":"https:\/\/gretasexylingerie.com\/fi\/wp-json\/wp\/v2\/product_tag?post=29401"}],"curies":[{"name":"wp","href":"https:\/\/api.w.org\/{rel}","templated":true}]}}