{"id":29361,"date":"2023-01-13T15:47:58","date_gmt":"2023-01-13T07:47:58","guid":{"rendered":"https:\/\/gretasexylingerie.com\/?post_type=product&#038;p=29361"},"modified":"2023-09-05T20:49:33","modified_gmt":"2023-09-05T12:49:33","slug":"ketju-pitsi-muoti-tytto-seksikas-alusvaatteita-setti","status":"publish","type":"product","link":"https:\/\/gretasexylingerie.com\/fi\/products\/chain-lace-fashion-girl-sexy-lingerie-set\/","title":{"rendered":"Ketjupitsi Fashion Girl Sexy Alusvaatteet Setti"},"content":{"rendered":"<p>Ominaisuudet:<\/p>\n\n\n\n<p>1. K\u00e4ytt\u00e4m\u00e4ll\u00e4 korkealaatuista pitsi\u00e4, kukkakuviota, onttoa mallia.<br>2. Riimukaularintaliivit on yhdistetty syd\u00e4menmuotoisilla metallirenkailla.<br>3. Sukkanauhavy\u00f6 ja lahkeensuissa on k\u00e4ytetty pitsikangasta ja 4 henkselit laadukkaita ohuita metalliketjuja.<br>4. Irrotettava solki, helppo pukea ja riisua.<\/p>\n\n\n\n<figure class=\"wp-block-table is-style-stripes\"><table><tbody><tr><td colspan=\"4\">Sivustokaavio (CM)<\/td><\/tr><tr><td>Koko<\/td><td>Rinnan alla<\/td><td>Kupin korkeus<\/td><td>Vy\u00f6t\u00e4r\u00f6<\/td><\/tr><tr><td>S<\/td><td>67-67<\/td><td>24<\/td><td>68-78<\/td><\/tr><tr><td>M<\/td><td>71-81<\/td><td>25<\/td><td>72-82<\/td><\/tr><tr><td>L<\/td><td>75-85<\/td><td>26<\/td><td>76-86<\/td><\/tr><tr><td>XL<\/td><td>79-89<\/td><td>26<\/td><td>80-90<\/td><\/tr><tr><td colspan=\"4\">Sivustokaavio (INCH)<\/td><\/tr><tr><td>Koko<\/td><td>Rinnan alla<\/td><td>Kupin korkeus<\/td><td>Vy\u00f6t\u00e4r\u00f6<\/td><\/tr><tr><td>S<\/td><td>26.8-234.8<\/td><td>9.6<\/td><td>27.2-31.2<\/td><\/tr><tr><td>M<\/td><td>28.4-32.4<\/td><td>10<\/td><td>28.8-32.8<\/td><\/tr><tr><td>L<\/td><td>30-34<\/td><td>10.4<\/td><td>30.4-34.4<\/td><\/tr><tr><td>XL<\/td><td>31.6-35.6<\/td><td>10.4<\/td><td>35.6-39.6<\/td><\/tr><tr><td colspan=\"4\">Huomautus: 1. Eri kokoisissa, paikoissa ja kankaissa voi olla 1-2 cm poikkeamaa. Kokotaulukko on vain viitteellinen, sill\u00e4 voi olla pieni\u00e4 eroja saamasi kanssa. 2. On olemassa 3 erilaista joustavuutta: korkea elastisuus (kaksipuolisesti venytetty), keskijoustavuus (yksipuolinen venytetty) ja ei-elastinen (ei voi venytt\u00e4\u00e4). 3.V\u00e4ri voi olla vaaleampi tai tummempi eri PC-n\u00e4yt\u00f6n vuoksi. 4.Pese k\u00e4sin 30-asteisessa vedess\u00e4, ripusta kuivumaan varjossa, est\u00e4 valkaisu. 5. Yksityiskohdissa ja kuvioissa saattaa olla hieman eroja.<\/td><\/tr><\/tbody><\/table><\/figure>","protected":false},"excerpt":{"rendered":"<p>Muuta ihastuttavaksi kaunokaiseksi ketjupitsi Fashion Girl Sexy Alusvaatteet Setill\u00e4. Valmistettu korkealaatuisesta kukkapitsist\u00e4, riimukuvio, rintaliivit syd\u00e4nmetallilinkeill\u00e4, sukkanauha ja lahkeensuut pitsill\u00e4, 4 henkselit metalliketjulla.<\/p>","protected":false},"featured_media":29373,"template":"","meta":[],"product_brand":[],"product_cat":[374,368,369,367],"product_tag":[448,514,451,446,504],"class_list":{"0":"post-29361","1":"product","2":"type-product","3":"status-publish","4":"has-post-thumbnail","6":"product_cat-wholesale-garter-belt-set","7":"product_cat-bra-panty-set","8":"product_cat-wholesale-lace-bra-and-panty-sets","9":"product_cat-sexy-lingerie","10":"product_tag-wholesale-elegant-sexy-lingerie","11":"product_tag-four-pcs-set","12":"product_tag-wholesale-revealing-lingerie","13":"product_tag-wholesale-sexy-see-through-lingerie","14":"product_tag-ultra-sexy","15":"pa_color-black","16":"pa_color-light-blue-women-sexy-lingerie","17":"pa_color-pink-women-sexy-lingerie","18":"pa_color-red-women-sexy-lingerie","19":"pa_color-white","20":"pa_cup-full-cup","21":"pa_size-wholesale-large-size-women-sexy-lingerie","22":"pa_size-wholesale-medium-size-women-sexy-lingerie","23":"pa_size-wholesale-small-size-sexy-lingerie","24":"pa_size-wholesale-extra-large-sexy-lingerie","26":"first","27":"instock","28":"taxable","29":"shipping-taxable","30":"purchasable","31":"product-type-variable"},"tiered_pricing_type":"fixed","tiered_pricing_fixed_rules":[],"tiered_pricing_product_settings":{"layout":"default","base_unit_name":{"singular":null,"plural":null},"default_variation":null},"tiered_pricing_minimum_quantity":null,"tiered_pricing_roles_data":{"default_wholesaler":{"product_id":29361,"role":"default_wholesaler","pricing_type":"flat","regular_price":null,"sale_price":null,"discount":null,"discount_type":"sale_price","tiered_pricing_type":"fixed","percentage_rules":[],"fixed_rules":{"2":"8.89","30":"7.59","500":"6.69"},"minimum":null},"dropshippinger":{"product_id":29361,"role":"dropshippinger","pricing_type":"flat","regular_price":null,"sale_price":null,"discount":null,"discount_type":"sale_price","tiered_pricing_type":"fixed","percentage_rules":[],"fixed_rules":{"1":"10.69","5":"8.89","20":"7.59"},"minimum":null}},"tiered_pricing_percentage_rules":[],"tiered_pricing_maximum_quantity":null,"tiered_pricing_quantity_step":null,"_links":{"self":[{"href":"https:\/\/gretasexylingerie.com\/fi\/wp-json\/wp\/v2\/product\/29361","targetHints":{"allow":["GET"]}}],"collection":[{"href":"https:\/\/gretasexylingerie.com\/fi\/wp-json\/wp\/v2\/product"}],"about":[{"href":"https:\/\/gretasexylingerie.com\/fi\/wp-json\/wp\/v2\/types\/product"}],"wp:featuredmedia":[{"embeddable":true,"href":"https:\/\/gretasexylingerie.com\/fi\/wp-json\/wp\/v2\/media\/29373"}],"wp:attachment":[{"href":"https:\/\/gretasexylingerie.com\/fi\/wp-json\/wp\/v2\/media?parent=29361"}],"wp:term":[{"taxonomy":"product_brand","embeddable":true,"href":"https:\/\/gretasexylingerie.com\/fi\/wp-json\/wp\/v2\/product_brand?post=29361"},{"taxonomy":"product_cat","embeddable":true,"href":"https:\/\/gretasexylingerie.com\/fi\/wp-json\/wp\/v2\/product_cat?post=29361"},{"taxonomy":"product_tag","embeddable":true,"href":"https:\/\/gretasexylingerie.com\/fi\/wp-json\/wp\/v2\/product_tag?post=29361"}],"curies":[{"name":"wp","href":"https:\/\/api.w.org\/{rel}","templated":true}]}}