{"id":29284,"date":"2023-01-12T15:45:36","date_gmt":"2023-01-12T07:45:36","guid":{"rendered":"https:\/\/gretasexylingerie.com\/?post_type=product&#038;p=29284"},"modified":"2023-12-09T17:01:20","modified_gmt":"2023-12-09T09:01:20","slug":"riimuleikkaus-satiinipaneeli-sukkanauhasetti","status":"publish","type":"product","link":"https:\/\/gretasexylingerie.com\/fi\/products\/halter-cutout-satin-panel-garter-belt-set\/","title":{"rendered":"Riimu Cutout Satin Panel sukkanauhasetti"},"content":{"rendered":"<p>Ominaisuudet:<\/p>\n\n\n\n<p>1. Kirjo herkki\u00e4 kukkia pehme\u00e4\u00e4n l\u00e4pin\u00e4kyv\u00e4\u00e4n verkkoon koristaaksesi t\u00e4rkeit\u00e4 kehon osia.<br>2. Yksiosainen s\u00e4\u00e4dett\u00e4v\u00e4 riimurakenne lis\u00e4\u00e4 alusvaatteiden vakautta tehden siit\u00e4 mukavamman ja seksikk\u00e4\u00e4mm\u00e4n.<br>3. Alusvaatteet on muotoiltu ontto, ja niiss\u00e4 k\u00e4ytet\u00e4\u00e4n punottua vy\u00f6t\u00e4 p\u00e4\u00e4rungon yhdist\u00e4miseen. Salaisessa paikassa on l\u00e4pin\u00e4kyv\u00e4 kukkakoristelu.<\/p>\n\n\n\n<figure class=\"wp-block-table is-style-stripes\"><table><tbody><tr><td colspan=\"4\">Sivustokaavio (CM)<\/td><\/tr><tr><td>Koko<\/td><td>Rinnan alla<\/td><td>Kupin korkeus<\/td><td>Vy\u00f6t\u00e4r\u00f6<\/td><\/tr><tr><td>S<\/td><td>66-67<\/td><td>15<\/td><td>64-74<\/td><\/tr><tr><td>M<\/td><td>70-80<\/td><td>16<\/td><td>68-78<\/td><\/tr><tr><td>L<\/td><td>75-84<\/td><td>17<\/td><td>72-82<\/td><\/tr><tr><td>XL<\/td><td>78-88<\/td><td>18<\/td><td>76-86<\/td><\/tr><tr><td colspan=\"4\">Sivustokaavio (INCH)<\/td><\/tr><tr><td>Koko<\/td><td>Rinnan alla<\/td><td>Kupin korkeus<\/td><td>Vy\u00f6t\u00e4r\u00f6<\/td><\/tr><tr><td>S<\/td><td>26.4-30.4<\/td><td>6<\/td><td>25.6-29.9<\/td><\/tr><tr><td>M<\/td><td>28-32<\/td><td>6.4<\/td><td>27.2-31.2<\/td><\/tr><tr><td>L<\/td><td>29.6-33.7<\/td><td>6.8<\/td><td>28.8-32.8<\/td><\/tr><tr><td>XL<\/td><td>31.2-35.2<\/td><td>7.2<\/td><td>30.4-34.4<\/td><\/tr><tr><td colspan=\"4\">Huomautus:<br>1. Eri kokoisissa, paikoissa ja kankaissa voi olla 1-2 cm poikkeamaa. Kokotaulukko on vain viitteellinen, sill\u00e4 voi olla pieni\u00e4 eroja saamasi kanssa.<br>2. On olemassa 3 erilaista joustavuutta: korkea elastisuus (kaksipuolisesti venytetty), keskijoustavuus (yksipuolinen venytetty) ja ei-elastinen (ei voi venytt\u00e4\u00e4).<br>3.V\u00e4ri voi olla vaaleampi tai tummempi eri PC-n\u00e4yt\u00f6n vuoksi.<br>4.Pese k\u00e4sin 30-asteisessa vedess\u00e4, ripusta kuivumaan varjossa, est\u00e4 valkaisu.<br>5. Yksityiskohdissa ja kuvioissa saattaa olla hieman eroja.<\/td><\/tr><\/tbody><\/table><\/figure>","protected":false},"excerpt":{"rendered":"<p>Anna Riimu Cutout Satin Panel sukkanauhasetin auttaa sinua vangitsemaan rakkaittesi syd\u00e4met. Valmistettu korkealaatuisesta verkkokankaasta, johon on brodeerattu herkki\u00e4 kuvioita, yksiosainen s\u00e4\u00e4dett\u00e4v\u00e4 halterneck-muotoilu, ontot kukkahousut ja eritt\u00e4in joustavat sukkanauhavy\u00f6t.<\/p>","protected":false},"featured_media":29305,"template":"","meta":[],"product_brand":[],"product_cat":[374,368,367,375],"product_tag":[507,454,451,446,447],"class_list":{"0":"post-29284","1":"product","2":"type-product","3":"status-publish","4":"has-post-thumbnail","6":"product_cat-wholesale-garter-belt-set","7":"product_cat-bra-panty-set","8":"product_cat-sexy-lingerie","9":"product_cat-whoelsale-sheer-bra-and-panty-sets","10":"product_tag-three-pcs-set","11":"product_tag-wholesale-sexy-embroidered-lingerie","12":"product_tag-wholesale-revealing-lingerie","13":"product_tag-wholesale-sexy-see-through-lingerie","14":"product_tag-wholesale-strappy-sexy-lingerie","15":"pa_color-black","16":"pa_color-blanched-almond-women-sexy-lingerie","17":"pa_color-blue-women-sexy-lingerie","18":"pa_color-pink-women-sexy-lingerie","19":"pa_color-red-women-sexy-lingerie","20":"pa_cup-full-cup","21":"pa_size-wholesale-large-size-women-sexy-lingerie","22":"pa_size-wholesale-medium-size-women-sexy-lingerie","23":"pa_size-wholesale-small-size-sexy-lingerie","24":"pa_size-wholesale-extra-large-sexy-lingerie","25":"pa_size-xs","27":"first","28":"instock","29":"taxable","30":"shipping-taxable","31":"purchasable","32":"product-type-variable"},"tiered_pricing_type":"fixed","tiered_pricing_fixed_rules":[],"tiered_pricing_product_settings":{"layout":"default","base_unit_name":{"singular":null,"plural":null},"default_variation":null},"tiered_pricing_minimum_quantity":null,"tiered_pricing_roles_data":{"default_wholesaler":{"product_id":29284,"role":"default_wholesaler","pricing_type":"flat","regular_price":null,"sale_price":null,"discount":null,"discount_type":"sale_price","tiered_pricing_type":"fixed","percentage_rules":[],"fixed_rules":{"2":"9.69","30":"8.29","500":"7.29"},"minimum":null},"dropshippinger":{"product_id":29284,"role":"dropshippinger","pricing_type":"flat","regular_price":null,"sale_price":null,"discount":null,"discount_type":"sale_price","tiered_pricing_type":"fixed","percentage_rules":[],"fixed_rules":{"1":"11.59","5":"9.69","20":"8.29"},"minimum":null}},"tiered_pricing_percentage_rules":[],"tiered_pricing_maximum_quantity":null,"tiered_pricing_quantity_step":null,"_links":{"self":[{"href":"https:\/\/gretasexylingerie.com\/fi\/wp-json\/wp\/v2\/product\/29284","targetHints":{"allow":["GET"]}}],"collection":[{"href":"https:\/\/gretasexylingerie.com\/fi\/wp-json\/wp\/v2\/product"}],"about":[{"href":"https:\/\/gretasexylingerie.com\/fi\/wp-json\/wp\/v2\/types\/product"}],"wp:featuredmedia":[{"embeddable":true,"href":"https:\/\/gretasexylingerie.com\/fi\/wp-json\/wp\/v2\/media\/29305"}],"wp:attachment":[{"href":"https:\/\/gretasexylingerie.com\/fi\/wp-json\/wp\/v2\/media?parent=29284"}],"wp:term":[{"taxonomy":"product_brand","embeddable":true,"href":"https:\/\/gretasexylingerie.com\/fi\/wp-json\/wp\/v2\/product_brand?post=29284"},{"taxonomy":"product_cat","embeddable":true,"href":"https:\/\/gretasexylingerie.com\/fi\/wp-json\/wp\/v2\/product_cat?post=29284"},{"taxonomy":"product_tag","embeddable":true,"href":"https:\/\/gretasexylingerie.com\/fi\/wp-json\/wp\/v2\/product_tag?post=29284"}],"curies":[{"name":"wp","href":"https:\/\/api.w.org\/{rel}","templated":true}]}}