{"id":29218,"date":"2023-01-11T16:51:14","date_gmt":"2023-01-11T08:51:14","guid":{"rendered":"https:\/\/gretasexylingerie.com\/?post_type=product&#038;p=29218"},"modified":"2023-09-05T20:49:30","modified_gmt":"2023-09-05T12:49:30","slug":"pitsi-seksikas-morsiusrintaliivit","status":"publish","type":"product","link":"https:\/\/gretasexylingerie.com\/fi\/products\/lace-sexy-bridal-bra-set\/","title":{"rendered":"Pitsiseksik\u00e4s morsiusrintaliivit"},"content":{"rendered":"<ul class=\"wp-block-list\">\n<li>Materiaali: Valmistettu korkealaatuisesta pitsikankaasta, hengitt\u00e4v\u00e4, ihoyst\u00e4v\u00e4llinen, pehme\u00e4, mukava k\u00e4ytt\u00e4\u00e4.<\/li>\n\n\n\n<li>Seksik\u00e4s muotoilu: kolmiosaiset alusasupuvut, joissa on ripsien pitsi, virkattu pitsi, leikkaus ja l\u00e4pin\u00e4kyv\u00e4 verkko. Ainutlaatuinen muotoilu voi saada naiset n\u00e4ytt\u00e4m\u00e4\u00e4n seksikk\u00e4ilt\u00e4 ja houkuttelevilta.<\/li>\n\n\n\n<li>Tilaisuus: Seksikk\u00e4\u00e4t alusvaatteet ovat t\u00e4ydellinen valinta h\u00e4\u00e4y\u00f6ksi, h\u00e4\u00e4matkalle, yst\u00e4v\u00e4np\u00e4iv\u00e4\u00e4n, treffi-iltaan tai kuumaan y\u00f6h\u00f6n.<\/li>\n<\/ul>\n\n\n\n<figure class=\"wp-block-table is-style-stripes\"><table><tbody><tr><td colspan=\"4\">Sivustokaavio (CM)<\/td><\/tr><tr><td>Koko<\/td><td>Rinnan alla<\/td><td>Kupin korkeus<\/td><td>Vy\u00f6t\u00e4r\u00f6<\/td><\/tr><tr><td>S<\/td><td>66-67<\/td><td>20<\/td><td>64-74<\/td><\/tr><tr><td>M<\/td><td>70-80<\/td><td>21<\/td><td>68-78<\/td><\/tr><tr><td>L<\/td><td>75-84<\/td><td>22<\/td><td>72-82<\/td><\/tr><tr><td>XL<\/td><td>78-88<\/td><td>23<\/td><td>76-86<\/td><\/tr><tr><td colspan=\"4\">Sivustokaavio (INCH)<\/td><\/tr><tr><td>Koko<\/td><td>Rinnan alla<\/td><td>Kupin korkeus<\/td><td>Vy\u00f6t\u00e4r\u00f6<\/td><\/tr><tr><td>S<\/td><td>26.4-30.4<\/td><td>8<\/td><td>25.6-29.9<\/td><\/tr><tr><td>M<\/td><td>28-32<\/td><td>8.4<\/td><td>27.2-31.2<\/td><\/tr><tr><td>L<\/td><td>29.6-33.7<\/td><td>8.8<\/td><td>28.8-32.8<\/td><\/tr><tr><td>XL<\/td><td>31.2-35.2<\/td><td>9.2<\/td><td>30.4-34.4<\/td><\/tr><tr><td colspan=\"4\">Huomautus: 1. Eri kokoisissa, paikoissa ja kankaissa voi olla 1-2 cm poikkeamaa. Kokotaulukko on vain viitteellinen, sill\u00e4 voi olla pieni\u00e4 eroja saamasi kanssa. 2. On olemassa 3 erilaista joustavuutta: korkea elastisuus (kaksipuolisesti venytetty), keskijoustavuus (yksipuolinen venytetty) ja ei-elastinen (ei voi venytt\u00e4\u00e4). 3.V\u00e4ri voi olla vaaleampi tai tummempi eri PC-n\u00e4yt\u00f6n vuoksi. 4.Pese k\u00e4sin 30-asteisessa vedess\u00e4, ripusta kuivumaan varjossa, est\u00e4 valkaisu. 5. Yksityiskohdissa ja kuvioissa saattaa olla hieman eroja.<\/td><\/tr><\/tbody><\/table><\/figure>","protected":false},"excerpt":{"rendered":"<p>Seksik\u00e4s pitsiset morsiamenrintaliivit on rintaliivisetti h\u00e4\u00e4iltaan! Koostuu pehme\u00e4st\u00e4 l\u00e4pin\u00e4kyv\u00e4st\u00e4 valkoisesta pitsist\u00e4 ja valkoisesta nauhasta.<br \/>\nKaunis pitsikuvio ei vain muokkaa vartaloasi, vaan lis\u00e4\u00e4 my\u00f6s odotuksia, mik\u00e4 on hyv\u00e4 valinta kahden hengen maailmaan.<\/p>","protected":false},"featured_media":29229,"template":"","meta":[],"product_brand":[],"product_cat":[369,374,367],"product_tag":[507,452,448,451,446],"class_list":{"0":"post-29218","1":"product","2":"type-product","3":"status-publish","4":"has-post-thumbnail","6":"product_cat-wholesale-lace-bra-and-panty-sets","7":"product_cat-wholesale-garter-belt-set","8":"product_cat-sexy-lingerie","9":"product_tag-three-pcs-set","10":"product_tag-wholesale-boudoir-lingerie","11":"product_tag-wholesale-elegant-sexy-lingerie","12":"product_tag-wholesale-revealing-lingerie","13":"product_tag-wholesale-sexy-see-through-lingerie","14":"pa_color-black","15":"pa_color-white","16":"pa_cup-wholesale-half-cup-women-sexy-lingerie","17":"pa_size-wholesale-large-size-women-sexy-lingerie","18":"pa_size-wholesale-medium-size-women-sexy-lingerie","19":"pa_size-wholesale-small-size-sexy-lingerie","20":"pa_size-wholesale-extra-large-sexy-lingerie","22":"first","23":"instock","24":"taxable","25":"shipping-taxable","26":"purchasable","27":"product-type-variable"},"tiered_pricing_type":"fixed","tiered_pricing_fixed_rules":[],"tiered_pricing_product_settings":{"layout":"default","base_unit_name":{"singular":null,"plural":null},"default_variation":null},"tiered_pricing_minimum_quantity":null,"tiered_pricing_roles_data":{"default_wholesaler":{"product_id":29218,"role":"default_wholesaler","pricing_type":"flat","regular_price":null,"sale_price":null,"discount":null,"discount_type":"sale_price","tiered_pricing_type":"fixed","percentage_rules":[],"fixed_rules":{"2":"8.89","30":"7.59","500":"6.69"},"minimum":null},"dropshippinger":{"product_id":29218,"role":"dropshippinger","pricing_type":"flat","regular_price":null,"sale_price":null,"discount":null,"discount_type":"sale_price","tiered_pricing_type":"fixed","percentage_rules":[],"fixed_rules":{"1":"10.69","5":"8.89","20":"7.59"},"minimum":null}},"tiered_pricing_percentage_rules":[],"tiered_pricing_maximum_quantity":null,"tiered_pricing_quantity_step":null,"_links":{"self":[{"href":"https:\/\/gretasexylingerie.com\/fi\/wp-json\/wp\/v2\/product\/29218","targetHints":{"allow":["GET"]}}],"collection":[{"href":"https:\/\/gretasexylingerie.com\/fi\/wp-json\/wp\/v2\/product"}],"about":[{"href":"https:\/\/gretasexylingerie.com\/fi\/wp-json\/wp\/v2\/types\/product"}],"wp:featuredmedia":[{"embeddable":true,"href":"https:\/\/gretasexylingerie.com\/fi\/wp-json\/wp\/v2\/media\/29229"}],"wp:attachment":[{"href":"https:\/\/gretasexylingerie.com\/fi\/wp-json\/wp\/v2\/media?parent=29218"}],"wp:term":[{"taxonomy":"product_brand","embeddable":true,"href":"https:\/\/gretasexylingerie.com\/fi\/wp-json\/wp\/v2\/product_brand?post=29218"},{"taxonomy":"product_cat","embeddable":true,"href":"https:\/\/gretasexylingerie.com\/fi\/wp-json\/wp\/v2\/product_cat?post=29218"},{"taxonomy":"product_tag","embeddable":true,"href":"https:\/\/gretasexylingerie.com\/fi\/wp-json\/wp\/v2\/product_tag?post=29218"}],"curies":[{"name":"wp","href":"https:\/\/api.w.org\/{rel}","templated":true}]}}