{"id":29177,"date":"2023-01-11T16:31:51","date_gmt":"2023-01-11T08:31:51","guid":{"rendered":"https:\/\/gretasexylingerie.com\/?post_type=product&#038;p=29177"},"modified":"2024-04-03T11:42:41","modified_gmt":"2024-04-03T03:42:41","slug":"kaksinkertainen-olkahihna-6-osaiset-rintaliivit","status":"publish","type":"product","link":"https:\/\/gretasexylingerie.com\/fi\/products\/double-shoulder-strap-6-piece-bra-panty-sets\/","title":{"rendered":"Kaksinkertaiset olkahihnat, 6-osaiset rintaliivit"},"content":{"rendered":"<p>Ominaisuudet:<br>1. Saatavilla on viisi v\u00e4ri\u00e4, joista l\u00f6ytyy aina yksi sinulle sopiva.<br>2. Verkkokangas, joustava nauha, eritt\u00e4in mukava ja ylellinen.<br>3. T\u00e4ydellinen sarja lis\u00e4varusteita, kuten kaularengas, sukkanauhavy\u00f6, jalkarengas jne., ilman muita yhteensopivia.<\/p>\n\n\n\n<p>1. Kaikilla tuotteillamme on riitt\u00e4v\u00e4sti varastossa, tervetuloa tekem\u00e4\u00e4n tilaus milloin tahansa. Vahvistamme tilauksen 24 tunnin sis\u00e4ll\u00e4 tilauksen tekemisest\u00e4.<\/p>\n\n\n\n<p>2. Kaikille varastotuotteillemme ei ole MOQ-vaatimusta, ja tuemme sekoitettua tukkumyynti\u00e4. Kun olet valinnut t\u00e4ydellisen SKU:n, j\u00e4rjestelm\u00e4 n\u00e4ytt\u00e4\u00e4 automaattisesti eri m\u00e4\u00e4ri\u00e4 vastaavat hinnat.<\/p>\n\n\n\n<p>3. Tilauksen vahvistamisen j\u00e4lkeen toimitamme yleens\u00e4 2-3 ty\u00f6p\u00e4iv\u00e4n kuluessa (paitsi juhlapyh\u00e4t tai muut erityiset syyt), l\u00f6yd\u00e4t tilauksesi ja voit seurata niit\u00e4 <a href=\"https:\/\/gretasexylingerie.com\/fi\/ota-meihin-yhteytta\/\"><span class=\"s1\">Tilini<\/span><\/a>&nbsp;sivu.<\/p>\n\n\n\n<p>4. Oletustoimitustapamme on lentoteitse, p\u00e4\u00e4asiassa Fedexin, TNT:n, EMS:n, UPS:n, DHL:n tai muiden logistiikkapalvelujen tarjoajien kautta, p\u00e4\u00e4asiassa tilauksestasi ja osoitteestasi riippuen. Jos tarvitset edullisemman toimitustavan tai sinulla on kysytt\u00e4v\u00e4\u00e4 toimituskuluista, ota rohkeasti yhteytt\u00e4 <a href=\"https:\/\/gretasexylingerie.com\/fi\/tilini\/\"><span class=\"s1\">ota meihin yhteytt\u00e4<\/span><\/a>.<\/p>\n\n\n\n<p>5. Emme oletuksena maksa tilauksestasi tuontiveroa. Sinun on suoritettava maksu maasi vaatimusten mukaisesti, kun tulli ottaa sinuun yhteytt\u00e4. Kuitenkin, jos tarvitset, huomaa tilauksessa, voimme veloittaa sinulta lis\u00e4maksun.<\/p>\n\n\n\n<p>6. Tilaustemme palautukset, k\u00e4y osoitteessa <a href=\"https:\/\/gretasexylingerie.com\/fi\/palautuskaytanto\/\"><span class=\"s1\">palautusk\u00e4yt\u00e4nt\u00f6<\/span><\/a>&nbsp;Lis\u00e4tietoja.<\/p>\n\n\n\n<p>7. Jos haluat tiet\u00e4\u00e4 enemm\u00e4n usein kysyttyj\u00e4 kysymyksi\u00e4, k\u00e4y osoitteessa <a href=\"https:\/\/gretasexylingerie.com\/fi\/asiakas-apua\/\"><span class=\"s1\">Asiakastuki<\/span><\/a>.<\/p>\n\n\n\n<figure class=\"wp-block-table\"><table><tbody><tr><td colspan=\"4\">Sivustokaavio (CM)<\/td><\/tr><tr><td>Koko<\/td><td>Rinnan alla<\/td><td>Kupin korkeus<\/td><td>Vy\u00f6t\u00e4r\u00f6<\/td><\/tr><tr><td>S<\/td><td>66-67<\/td><td>14<\/td><td>64-74<\/td><\/tr><tr><td>M<\/td><td>70-80<\/td><td>15<\/td><td>68-78<\/td><\/tr><tr><td>L<\/td><td>75-84<\/td><td>16<\/td><td>72-82<\/td><\/tr><tr><td>XL<\/td><td>78-88<\/td><td>17<\/td><td>76-86<\/td><\/tr><tr><td colspan=\"4\">Sivustokaavio (INCH)<\/td><\/tr><tr><td>Koko<\/td><td>Rinnan alla<\/td><td>Kupin korkeus<\/td><td>Vy\u00f6t\u00e4r\u00f6<\/td><\/tr><tr><td>S<\/td><td>26.4-30.4<\/td><td>5.6<\/td><td>25.6-29.9<\/td><\/tr><tr><td>M<\/td><td>28-32<\/td><td>6<\/td><td>27.2-31.2<\/td><\/tr><tr><td>L<\/td><td>29.6-33.7<\/td><td>6.4<\/td><td>28.8-32.8<\/td><\/tr><tr><td>XL<\/td><td>31.2-35.2<\/td><td>6.8<\/td><td>30.4-34.4<\/td><\/tr><tr><td colspan=\"4\">Huomautus: 1. Eri kokoisissa, paikoissa ja kankaissa voi olla 1-2 cm poikkeamaa. Kokotaulukko on vain viitteellinen, sill\u00e4 voi olla pieni\u00e4 eroja saamasi kanssa. 2. On olemassa 3 erilaista joustavuutta: korkea elastisuus (kaksipuolisesti venytetty), keskijoustavuus (yksipuolinen venytetty) ja ei-elastinen (ei voi venytt\u00e4\u00e4). 3.V\u00e4ri voi olla vaaleampi tai tummempi eri PC-n\u00e4yt\u00f6n vuoksi. 4.Pese k\u00e4sin 30-asteisessa vedess\u00e4, ripusta kuivumaan varjossa, est\u00e4 valkaisu. 5. Yksityiskohdissa ja kuvioissa saattaa olla hieman eroja.<\/td><\/tr><\/tbody><\/table><\/figure>","protected":false},"excerpt":{"rendered":"<p>Eritt\u00e4in ylelliset kaksinkertaiset olkahihnat, 6-osaiset rintaliivihousut! T\u00e4ss\u00e4 alusasusetiss\u00e4 on t\u00e4ysi valikoima alusasutarvikkeita! Pehme\u00e4 ja hengitt\u00e4v\u00e4 verkkokangas, saatavana 5 v\u00e4riss\u00e4. K\u00e4yt\u00e4 joustavaa nauhaa koristeluun ja lis\u00e4varusteisiin.<\/p>","protected":false},"featured_media":29207,"template":"","meta":[],"product_brand":[],"product_cat":[368,374,369,367],"product_tag":[],"class_list":{"0":"post-29177","1":"product","2":"type-product","3":"status-publish","4":"has-post-thumbnail","6":"product_cat-bra-panty-set","7":"product_cat-wholesale-garter-belt-set","8":"product_cat-wholesale-lace-bra-and-panty-sets","9":"product_cat-sexy-lingerie","10":"pa_color-black","11":"pa_color-orange-red","12":"pa_color-sea-green-women-sexy-lingerie","13":"pa_cup-full-cup","14":"pa_size-wholesale-large-size-women-sexy-lingerie","15":"pa_size-wholesale-medium-size-women-sexy-lingerie","16":"pa_size-wholesale-small-size-sexy-lingerie","17":"pa_size-wholesale-extra-large-sexy-lingerie","19":"first","20":"instock","21":"taxable","22":"shipping-taxable","23":"purchasable","24":"product-type-variable"},"tiered_pricing_type":"fixed","tiered_pricing_fixed_rules":[],"tiered_pricing_product_settings":{"layout":"table","base_unit_name":{"singular":null,"plural":null},"default_variation":null},"tiered_pricing_minimum_quantity":null,"tiered_pricing_roles_data":{"default_wholesaler":{"product_id":29177,"role":"default_wholesaler","pricing_type":"flat","regular_price":null,"sale_price":null,"discount":null,"discount_type":"sale_price","tiered_pricing_type":"fixed","percentage_rules":[],"fixed_rules":{"2":"10.19","30":"8.79","500":"7.69"},"minimum":null},"dropshippinger":{"product_id":29177,"role":"dropshippinger","pricing_type":"flat","regular_price":null,"sale_price":null,"discount":null,"discount_type":"sale_price","tiered_pricing_type":"fixed","percentage_rules":[],"fixed_rules":{"1":"12.19","5":"10.19","20":"8.79"},"minimum":null}},"tiered_pricing_percentage_rules":[],"tiered_pricing_maximum_quantity":null,"tiered_pricing_quantity_step":null,"_links":{"self":[{"href":"https:\/\/gretasexylingerie.com\/fi\/wp-json\/wp\/v2\/product\/29177","targetHints":{"allow":["GET"]}}],"collection":[{"href":"https:\/\/gretasexylingerie.com\/fi\/wp-json\/wp\/v2\/product"}],"about":[{"href":"https:\/\/gretasexylingerie.com\/fi\/wp-json\/wp\/v2\/types\/product"}],"wp:featuredmedia":[{"embeddable":true,"href":"https:\/\/gretasexylingerie.com\/fi\/wp-json\/wp\/v2\/media\/29207"}],"wp:attachment":[{"href":"https:\/\/gretasexylingerie.com\/fi\/wp-json\/wp\/v2\/media?parent=29177"}],"wp:term":[{"taxonomy":"product_brand","embeddable":true,"href":"https:\/\/gretasexylingerie.com\/fi\/wp-json\/wp\/v2\/product_brand?post=29177"},{"taxonomy":"product_cat","embeddable":true,"href":"https:\/\/gretasexylingerie.com\/fi\/wp-json\/wp\/v2\/product_cat?post=29177"},{"taxonomy":"product_tag","embeddable":true,"href":"https:\/\/gretasexylingerie.com\/fi\/wp-json\/wp\/v2\/product_tag?post=29177"}],"curies":[{"name":"wp","href":"https:\/\/api.w.org\/{rel}","templated":true}]}}