{"id":51182,"date":"2024-07-15T12:38:30","date_gmt":"2024-07-15T04:38:30","guid":{"rendered":"https:\/\/gretasexylingerie.com\/?post_type=product&#038;p=51182"},"modified":"2024-07-15T13:00:00","modified_gmt":"2024-07-15T05:00:00","slug":"al-por-mayor-vestido-largo-de-rejilla-con-brillo-de-espectro","status":"publish","type":"product","link":"https:\/\/gretasexylingerie.com\/es\/products\/wholesale-spectrum-glow-long-fishnet-dress\/","title":{"rendered":"Vestido Largo De Rejilla Spectrum Glow al por mayor"},"content":{"rendered":"<p><strong>Paleta de ne\u00f3n v\u00edvido<\/strong>: Este vestido, lleno de un espectro de tonos ne\u00f3n, muestra una combinaci\u00f3n din\u00e1mica de colores que fluyen perfectamente a lo largo de su longitud, ofreciendo un impacto visual sorprendente.<\/p>\n\n\n\n<p><strong>Dise\u00f1o largo y elegante<\/strong>: El estilo largo y amplio de este vestido de rejilla a\u00f1ade un toque de glamour y sofisticaci\u00f3n, haci\u00e9ndolo adecuado para eventos nocturnos o para un uso atrevido durante el d\u00eda.<\/p>\n\n\n\n<p><strong>Ajuste que se adapta al cuerpo<\/strong>: Dise\u00f1ado para abrazar las curvas con delicadeza, este dise\u00f1o de rejilla no solo favorece la figura sino que tambi\u00e9n permite transpirabilidad y comodidad, gracias a su material el\u00e1stico.<\/p>\n\n\n\n<p><strong>Versatilidad din\u00e1mica<\/strong>: Ya sea que se use sobre un vestido interior simple o se use solo para una apariencia atrevida, este <strong>vestido largo de rejilla<\/strong> ofrece m\u00faltiples opciones de estilo, lo que lo convierte en una adici\u00f3n vers\u00e1til a cualquier guardarropa de moda.<\/p>\n\n\n\n<p><strong>Venta al por menor sin esfuerzo<\/strong>: Suministrado a trav\u00e9s de nuestro <a href=\"https:\/\/gretasexylingerie.com\/es\/servicio-de-venta-de-lenceria\/\">servicio de env\u00edo directo<\/a>, esta impresionante pieza se puede agregar a su colecci\u00f3n sin la molestia de manipulaci\u00f3n y almacenamiento, lo que garantiza que pueda ofrecer a sus clientes estilos de tendencia sin esfuerzo.<\/p>\n\n\n\n<p>Deslumbra a tu clientela con el <strong>Vestido largo de rejilla Spectrum Glow<\/strong>. Ideal para quienes no tienen miedo de destacarse y expresarse a trav\u00e9s de una moda vibrante e impactante. Agregue esta pieza llamativa a su tienda hoy y deje que sus clientes brillen con todo el espectro de estilos. Con\u00e9ctese con Greta Sexy Lingerie para una integraci\u00f3n perfecta y comience a hacer una declaraci\u00f3n audaz ahora.<\/p>","protected":false},"excerpt":{"rendered":"<p>Abraza la vitalidad de nuestra <strong>vestido de red de ne\u00f3n<\/strong>, un espect\u00e1culo de larga duraci\u00f3n que combina el encanto de un patr\u00f3n de rejilla con un derroche de colores del arco iris. Este <strong>mono completo sexy<\/strong> El vestido est\u00e1 dise\u00f1ado para llamar la atenci\u00f3n y cautivar la atenci\u00f3n en cualquier reuni\u00f3n social.<\/p>","protected":false},"featured_media":51177,"template":"","meta":[],"product_brand":[],"product_cat":[405,406,404],"product_tag":[],"class_list":{"0":"post-51182","1":"product","2":"type-product","3":"status-publish","4":"has-post-thumbnail","6":"product_cat-wholesale-bodystocking","7":"product_cat-wholesale-fishnet-dress","8":"product_cat-sexy-stocking","10":"first","11":"instock","12":"taxable","13":"shipping-taxable","14":"purchasable","15":"product-type-simple"},"tiered_pricing_type":"fixed","tiered_pricing_fixed_rules":[],"tiered_pricing_product_settings":{"layout":"default","base_unit_name":{"singular":null,"plural":null},"default_variation":null},"tiered_pricing_minimum_quantity":null,"tiered_pricing_roles_data":[],"tiered_pricing_percentage_rules":[],"tiered_pricing_maximum_quantity":null,"tiered_pricing_quantity_step":null,"_links":{"self":[{"href":"https:\/\/gretasexylingerie.com\/es\/wp-json\/wp\/v2\/product\/51182","targetHints":{"allow":["GET"]}}],"collection":[{"href":"https:\/\/gretasexylingerie.com\/es\/wp-json\/wp\/v2\/product"}],"about":[{"href":"https:\/\/gretasexylingerie.com\/es\/wp-json\/wp\/v2\/types\/product"}],"wp:featuredmedia":[{"embeddable":true,"href":"https:\/\/gretasexylingerie.com\/es\/wp-json\/wp\/v2\/media\/51177"}],"wp:attachment":[{"href":"https:\/\/gretasexylingerie.com\/es\/wp-json\/wp\/v2\/media?parent=51182"}],"wp:term":[{"taxonomy":"product_brand","embeddable":true,"href":"https:\/\/gretasexylingerie.com\/es\/wp-json\/wp\/v2\/product_brand?post=51182"},{"taxonomy":"product_cat","embeddable":true,"href":"https:\/\/gretasexylingerie.com\/es\/wp-json\/wp\/v2\/product_cat?post=51182"},{"taxonomy":"product_tag","embeddable":true,"href":"https:\/\/gretasexylingerie.com\/es\/wp-json\/wp\/v2\/product_tag?post=51182"}],"curies":[{"name":"Gracias","href":"https:\/\/api.w.org\/{rel}","templated":true}]}}