{"id":51050,"date":"2024-04-24T20:44:27","date_gmt":"2024-04-24T12:44:27","guid":{"rendered":"https:\/\/gretasexylingerie.com\/?post_type=product&#038;p=51050"},"modified":"2024-04-25T16:35:55","modified_gmt":"2024-04-25T08:35:55","slug":"al-por-mayor-conjunto-de-sujecion-de-seda-romantico-con-cuello","status":"publish","type":"product","link":"https:\/\/gretasexylingerie.com\/es\/products\/wholesale-romantic-silk-restraint-set-with-collar\/","title":{"rendered":"Conjunto de sujeci\u00f3n de seda rom\u00e1ntico al por mayor con cuello"},"content":{"rendered":"<p><strong>Presentaci\u00f3n elegante<\/strong>: Confeccionado con suntuosa seda y adornado con divertidos volantes, este <strong>bonito subcuello<\/strong> y el juego de pu\u00f1os ofrece una deliciosa alternativa a las restricciones tradicionales, combinando est\u00e9tica con placer.<\/p>\n\n\n\n<p><strong>Detalles encantadores<\/strong>: Cada pieza est\u00e1 adornada con un acento en forma de coraz\u00f3n, que simboliza la confianza y el afecto inherentes a cada intercambio consensual. El contraste del rojo intenso y el negro a\u00f1ade una dimensi\u00f3n visualmente impactante.<\/p>\n\n\n\n<p><strong>Comodidad en la restricci\u00f3n<\/strong>: La suavidad del material de seda garantiza un uso c\u00f3modo, mientras que el dise\u00f1o resistente de los sistemas de sujeci\u00f3n garantiza fiabilidad sin sacrificar el estilo, lo que los hace perfectos para <strong>sujeciones de mu\u00f1eca de seda<\/strong>.<\/p>\n\n\n\n<p><strong>Uso vers\u00e1til<\/strong>: Ya sea que se use para una noche divertida o como una declaraci\u00f3n de moda, este conjunto es lo suficientemente vers\u00e1til como para adaptarse a diversos escenarios y preferencias.<\/p>\n\n\n\n<p><strong>Ventas perfectas<\/strong>: Disponible a trav\u00e9s de nuestro <a href=\"https:\/\/gretasexylingerie.com\/es\/servicio-de-venta-de-lenceria\/\">servicio de env\u00edo directo<\/a>, este conjunto es una adici\u00f3n sencilla a su inventario, lo que permite una manera sencilla de satisfacer a aquellos que buscan una introducci\u00f3n suave al juego de restricci\u00f3n.<\/p>\n\n\n\n<p>Mejora tu colecci\u00f3n con este encantador <strong>conjunto de collar y esposas<\/strong>, perfecto para parejas que exploran un lado m\u00e1s suave del dominio y la sumisi\u00f3n. Con\u00e9ctese con Greta Sexy Lingerie para brindarles a sus clientes una atractiva combinaci\u00f3n de comodidad y control.<\/p>","protected":false},"excerpt":{"rendered":"<p>Invoca una combinaci\u00f3n de belleza y moderaci\u00f3n con este lujoso <strong>conjunto de collar y esposas<\/strong>. Con delicada seda y detalles encantadores, este conjunto est\u00e1 dise\u00f1ado para quienes aprecian un enfoque m\u00e1s suave y sensual de la sumisi\u00f3n.<\/p>","protected":false},"featured_media":51039,"template":"","meta":[],"product_brand":[],"product_cat":[1059,1066],"product_tag":[],"class_list":{"0":"post-51050","1":"product","2":"type-product","3":"status-publish","4":"has-post-thumbnail","6":"product_cat-wholesale-bondage-equipment","7":"product_cat-handcuffs-bondage-collars-ankle-strap","8":"pa_color-black","9":"pa_size-free","11":"first","12":"instock","13":"taxable","14":"shipping-taxable","15":"purchasable","16":"product-type-variable"},"tiered_pricing_type":"fixed","tiered_pricing_fixed_rules":[],"tiered_pricing_product_settings":{"layout":"default","base_unit_name":{"singular":null,"plural":null},"default_variation":null},"tiered_pricing_minimum_quantity":null,"tiered_pricing_roles_data":[],"tiered_pricing_percentage_rules":[],"tiered_pricing_maximum_quantity":null,"tiered_pricing_quantity_step":null,"_links":{"self":[{"href":"https:\/\/gretasexylingerie.com\/es\/wp-json\/wp\/v2\/product\/51050","targetHints":{"allow":["GET"]}}],"collection":[{"href":"https:\/\/gretasexylingerie.com\/es\/wp-json\/wp\/v2\/product"}],"about":[{"href":"https:\/\/gretasexylingerie.com\/es\/wp-json\/wp\/v2\/types\/product"}],"wp:featuredmedia":[{"embeddable":true,"href":"https:\/\/gretasexylingerie.com\/es\/wp-json\/wp\/v2\/media\/51039"}],"wp:attachment":[{"href":"https:\/\/gretasexylingerie.com\/es\/wp-json\/wp\/v2\/media?parent=51050"}],"wp:term":[{"taxonomy":"product_brand","embeddable":true,"href":"https:\/\/gretasexylingerie.com\/es\/wp-json\/wp\/v2\/product_brand?post=51050"},{"taxonomy":"product_cat","embeddable":true,"href":"https:\/\/gretasexylingerie.com\/es\/wp-json\/wp\/v2\/product_cat?post=51050"},{"taxonomy":"product_tag","embeddable":true,"href":"https:\/\/gretasexylingerie.com\/es\/wp-json\/wp\/v2\/product_tag?post=51050"}],"curies":[{"name":"Gracias","href":"https:\/\/api.w.org\/{rel}","templated":true}]}}