{"id":50935,"date":"2024-04-20T21:25:57","date_gmt":"2024-04-20T13:25:57","guid":{"rendered":"https:\/\/gretasexylingerie.com\/?post_type=product&#038;p=50935"},"modified":"2024-04-20T21:42:45","modified_gmt":"2024-04-20T13:42:45","slug":"conjunto-de-lenceria-de-encaje-con-adornos-de-plumas-enigmaticos-al-por-mayor","status":"publish","type":"product","link":"https:\/\/gretasexylingerie.com\/es\/products\/wholesale-enigmatic-feather-trimmed-lace-lingerie-set\/","title":{"rendered":"Conjunto De Lencer\u00eda Enigm\u00e1tico De Encaje Con Adornos De Plumas Al Por Mayor"},"content":{"rendered":"<p><strong>Acentos de plumas de lujo<\/strong>: El <strong>conjunto de lencer\u00eda de plumas<\/strong> aporta un toque de glamour teatral a la lencer\u00eda cl\u00e1sica, con delicadas plumas que susurran contra la piel, creando un aura de m\u00edstica.<\/p>\n\n\n\n<p><strong>Detalles relucientes<\/strong>: Este conjunto pertenece a nuestro <strong>brillantes conjuntos de sujetador y bragas<\/strong>, que muestra una exquisita artesan\u00eda en encaje y adornos brillantes que captan la luz y la vista.<\/p>\n\n\n\n<p><strong>Silueta esculpida<\/strong>: El <strong>conjunto de sujetador de encaje negro de talle alto<\/strong> est\u00e1 dise\u00f1ado para esculpir y realzar la figura, con la braga de cintura alta proporcionando un contorno elegante y el sujetador ofreciendo realce y apoyo.<\/p>\n\n\n\n<p><strong>Elegancia atemporal<\/strong>: Con su cl\u00e1sico encaje negro, este conjunto trasciende las tendencias y garantiza que seguir\u00e1 siendo una pieza clave en cualquier colecci\u00f3n de ropa \u00edntima en los a\u00f1os venideros.<\/p>\n\n\n\n<p><strong>Encanto dram\u00e1tico<\/strong>: Perfecto para aquellos que desean hacer una declaraci\u00f3n con su atuendo boudoir, este conjunto promete un impacto visual inolvidable, desde la c\u00e1mara privada hasta el centro de atenci\u00f3n del escenario.<\/p>\n\n\n\n<p>Selecciona el <strong>Conjunto de lencer\u00eda Enigmatic de encaje con ribete de plumas<\/strong> para tu boutique, y ofrece a tus clientes una pieza tan cautivadora como lujosa. Disponible a trav\u00e9s de nuestro <a href=\"https:\/\/gretasexylingerie.com\/es\/servicio-de-venta-de-lenceria\/\">servicio de env\u00edo directo<\/a>, atienda los gustos refinados de su clientela sin las complejidades de la gesti\u00f3n de inventario. Invita la elegancia a tu colecci\u00f3n hoy.<\/p>\n\n\n\n<figure class=\"wp-block-table\">\n<table>\n<tbody>\n<tr>\n<td class=\"has-text-align-center\" colspan=\"7\" data-align=\"center\"><strong>Tabla de tallas (CM)<\/strong><\/td>\n<\/tr>\n<tr>\n<td class=\"has-text-align-center\" data-align=\"center\"><strong>Tama\u00f1o<\/strong><\/td>\n<td class=\"has-text-align-center\" data-align=\"center\"><strong>Altura de la copa (cm)<\/strong><\/td>\n<td class=\"has-text-align-center\" data-align=\"center\"><strong>Bajo busto (cm)<\/strong><\/td>\n<td class=\"has-text-align-center\" data-align=\"center\"><strong>Cintura de liga (cm)<\/strong><\/td>\n<td class=\"has-text-align-center\" data-align=\"center\"><strong>Cintura de las bragas (cm)<\/strong><\/td>\n<td class=\"has-text-align-center\" data-align=\"center\"><strong>Longitud de las bragas (cm)<\/strong><\/td>\n<\/tr>\n<tr>\n<td class=\"has-text-align-center\" data-align=\"center\">S<\/td>\n<td class=\"has-text-align-center\" data-align=\"center\">15<\/td>\n<td class=\"has-text-align-center\" data-align=\"center\">64-90<\/td>\n<td class=\"has-text-align-center\" data-align=\"center\">66-78<\/td>\n<td class=\"has-text-align-center\" data-align=\"center\">66-86<\/td>\n<td class=\"has-text-align-center\" data-align=\"center\">21<\/td>\n<\/tr>\n<tr>\n<td class=\"has-text-align-center\" data-align=\"center\">METRO<\/td>\n<td class=\"has-text-align-center\" data-align=\"center\">16<\/td>\n<td class=\"has-text-align-center\" data-align=\"center\">68-94<\/td>\n<td class=\"has-text-align-center\" data-align=\"center\">68-80<\/td>\n<td class=\"has-text-align-center\" data-align=\"center\">68-90<\/td>\n<td class=\"has-text-align-center\" data-align=\"center\">22<\/td>\n<\/tr>\n<tr>\n<td class=\"has-text-align-center\" data-align=\"center\">L<\/td>\n<td class=\"has-text-align-center\" data-align=\"center\">17<\/td>\n<td class=\"has-text-align-center\" data-align=\"center\">72-98<\/td>\n<td class=\"has-text-align-center\" data-align=\"center\">70-82<\/td>\n<td class=\"has-text-align-center\" data-align=\"center\">72-94<\/td>\n<td class=\"has-text-align-center\" data-align=\"center\">23<\/td>\n<\/tr>\n<\/tbody>\n<\/table>\n<\/figure>\n\n\n\n<figure class=\"wp-block-table\">\n<table>\n<tbody>\n<tr>\n<td class=\"has-text-align-center\" colspan=\"7\" data-align=\"center\"><strong>Tabla de tallas (pulgadas)<\/strong><\/td>\n<\/tr>\n<tr>\n<td class=\"has-text-align-center\" data-align=\"center\"><strong>Tama\u00f1o<\/strong><\/td>\n<td class=\"has-text-align-center\" data-align=\"center\"><strong>Altura de la copa (pulg.)<\/strong><\/td>\n<td class=\"has-text-align-center\" data-align=\"center\"><strong>Debajo del busto (pulg.)<\/strong><\/td>\n<td class=\"has-text-align-center\" data-align=\"center\"><strong>Cintura de liga (pulg.)<\/strong><\/td>\n<td class=\"has-text-align-center\" data-align=\"center\"><strong>Cintura de bragas (pulg.)<\/strong><\/td>\n<td class=\"has-text-align-center\" data-align=\"center\"><strong>Longitud de las bragas (pulg.)<\/strong><\/td>\n<\/tr>\n<tr>\n<td class=\"has-text-align-center\" data-align=\"center\">S<\/td>\n<td class=\"has-text-align-center\" data-align=\"center\">5.9<\/td>\n<td class=\"has-text-align-center\" data-align=\"center\">25.2-35.4<\/td>\n<td class=\"has-text-align-center\" data-align=\"center\">26.0-30.7<\/td>\n<td class=\"has-text-align-center\" data-align=\"center\">26.0-33.9<\/td>\n<td class=\"has-text-align-center\" data-align=\"center\">8.3<\/td>\n<\/tr>\n<tr>\n<td class=\"has-text-align-center\" data-align=\"center\">METRO<\/td>\n<td class=\"has-text-align-center\" data-align=\"center\">6.3<\/td>\n<td class=\"has-text-align-center\" data-align=\"center\">26.8-37.0<\/td>\n<td class=\"has-text-align-center\" data-align=\"center\">26.8-31.5<\/td>\n<td class=\"has-text-align-center\" data-align=\"center\">26.8-35.4<\/td>\n<td class=\"has-text-align-center\" data-align=\"center\">8.7<\/td>\n<\/tr>\n<tr>\n<td class=\"has-text-align-center\" data-align=\"center\">L<\/td>\n<td class=\"has-text-align-center\" data-align=\"center\">6.7<\/td>\n<td class=\"has-text-align-center\" data-align=\"center\">28.3-38.6<\/td>\n<td class=\"has-text-align-center\" data-align=\"center\">27.6-32.3<\/td>\n<td class=\"has-text-align-center\" data-align=\"center\">28.3-37.0<\/td>\n<td class=\"has-text-align-center\" data-align=\"center\">9.1<\/td>\n<\/tr>\n<\/tbody>\n<\/table>\n<\/figure>","protected":false},"excerpt":{"rendered":"<p>Disfrute de la opulencia de nuestra <strong>conjunto de lencer\u00eda de plumas<\/strong>, donde los lujosos detalles se combinan con la elegancia atemporal. Este <strong>conjunto de sujetador de encaje negro de talle alto<\/strong> est\u00e1 adornado con detalles de plumas, fusionando sofisticaci\u00f3n con un toque coqueto.<\/p>","protected":false},"featured_media":50929,"template":"","meta":[],"product_brand":[],"product_cat":[368,369,367],"product_tag":[507,861,875,865],"class_list":{"0":"post-50935","1":"product","2":"type-product","3":"status-publish","4":"has-post-thumbnail","6":"product_cat-bra-panty-set","7":"product_cat-wholesale-lace-bra-and-panty-sets","8":"product_cat-sexy-lingerie","9":"product_tag-three-pcs-set","10":"product_tag-brunette-lingerie","11":"product_tag-lace-sexy-lingerie","12":"product_tag-sexy-skimpy-lingerie","13":"pa_color-black","14":"pa_size-wholesale-large-size-women-sexy-lingerie","15":"pa_size-wholesale-medium-size-women-sexy-lingerie","16":"pa_size-wholesale-small-size-sexy-lingerie","18":"first","19":"instock","20":"taxable","21":"shipping-taxable","22":"purchasable","23":"product-type-variable"},"tiered_pricing_type":"fixed","tiered_pricing_fixed_rules":[],"tiered_pricing_product_settings":{"layout":"table","base_unit_name":{"singular":null,"plural":null},"default_variation":null},"tiered_pricing_minimum_quantity":null,"tiered_pricing_roles_data":[],"tiered_pricing_percentage_rules":[],"tiered_pricing_maximum_quantity":null,"tiered_pricing_quantity_step":null,"_links":{"self":[{"href":"https:\/\/gretasexylingerie.com\/es\/wp-json\/wp\/v2\/product\/50935","targetHints":{"allow":["GET"]}}],"collection":[{"href":"https:\/\/gretasexylingerie.com\/es\/wp-json\/wp\/v2\/product"}],"about":[{"href":"https:\/\/gretasexylingerie.com\/es\/wp-json\/wp\/v2\/types\/product"}],"wp:featuredmedia":[{"embeddable":true,"href":"https:\/\/gretasexylingerie.com\/es\/wp-json\/wp\/v2\/media\/50929"}],"wp:attachment":[{"href":"https:\/\/gretasexylingerie.com\/es\/wp-json\/wp\/v2\/media?parent=50935"}],"wp:term":[{"taxonomy":"product_brand","embeddable":true,"href":"https:\/\/gretasexylingerie.com\/es\/wp-json\/wp\/v2\/product_brand?post=50935"},{"taxonomy":"product_cat","embeddable":true,"href":"https:\/\/gretasexylingerie.com\/es\/wp-json\/wp\/v2\/product_cat?post=50935"},{"taxonomy":"product_tag","embeddable":true,"href":"https:\/\/gretasexylingerie.com\/es\/wp-json\/wp\/v2\/product_tag?post=50935"}],"curies":[{"name":"Gracias","href":"https:\/\/api.w.org\/{rel}","templated":true}]}}