{"id":50917,"date":"2024-04-20T21:24:47","date_gmt":"2024-04-20T13:24:47","guid":{"rendered":"https:\/\/gretasexylingerie.com\/?post_type=product&#038;p=50917"},"modified":"2024-04-20T21:39:10","modified_gmt":"2024-04-20T13:39:10","slug":"al-por-mayor-conjunto-de-sujetador-y-bragas-push-up-con-encanto-nautico","status":"publish","type":"product","link":"https:\/\/gretasexylingerie.com\/es\/products\/wholesale-nautical-charm-push-up-bra-and-panties-set\/","title":{"rendered":"Venta al por mayor Conjunto de sujetador y bragas push-up con encanto n\u00e1utico"},"content":{"rendered":"<p><strong>Elegancia mar\u00edtima<\/strong>: El profundo tono azul marino de este <strong>conjunto de sujetador azul<\/strong> recuerda a las profundidades oce\u00e1nicas, ofreciendo una sensaci\u00f3n de misterio y aventura con cada pieza.<\/p>\n\n\n\n<p><strong>Elevaci\u00f3n y encanto<\/strong>: El <strong>sujetador push-up<\/strong> Cuenta con copas que brindan una elevaci\u00f3n y forma excepcionales, asegurando una silueta impresionante debajo de cualquier prenda.<\/p>\n\n\n\n<p><strong>V\u00ednculo de belleza<\/strong>: intrigante <strong>bragas sujetador atado<\/strong> Presentan detalles de inspiraci\u00f3n n\u00e1utica, con lazos en forma de cuerda que piden ser desenredados, agregando un elemento interactivo al conjunto.<\/p>\n\n\n\n<p><strong>Ropa interior como ropa de abrigo<\/strong>: Suficientemente vers\u00e1til para usar en capas o como piezas independientes, el dise\u00f1o de este conjunto se presta a una multitud de estilos, desde el boudoir hasta la calle principal.<\/p>\n\n\n\n<p><strong>Detalles sofisticados<\/strong>: Los herrajes en tono dorado a\u00f1aden un toque de clase a la tela azul marino, mientras que los paneles transparentes estrat\u00e9gicos juegan un juego de revelar y ocultar.<\/p>\n\n\n\n<p>Lleva tu boutique hacia nuevos horizontes con nuestra <strong>conjunto de ropa interior con sujetador push-up<\/strong>. Ofrezca esta fantas\u00eda mar\u00edtima a quienes aprecian el encanto del azul profundo, junto con el deseo de un dise\u00f1o divertido pero sofisticado. Disponible ahora a trav\u00e9s de nuestro <a href=\"https:\/\/gretasexylingerie.com\/es\/servicio-de-venta-de-lenceria\/\">servicio de env\u00edo directo<\/a>, este set puede ser tuyo para presentarlo sin pedido m\u00ednimo. Traza un rumbo hacia la elegancia elevada y el orden hoy.<\/p>\n\n\n\n<figure class=\"wp-block-table\">\n<table>\n<tbody>\n<tr>\n<td class=\"has-text-align-center\" colspan=\"6\" data-align=\"center\"><strong>Tabla de tallas (CM)<\/strong><\/td>\n<\/tr>\n<tr>\n<td class=\"has-text-align-center\" data-align=\"center\"><strong>Tama\u00f1o<\/strong><\/td>\n<td class=\"has-text-align-center\" data-align=\"center\"><strong>Busto (cm)<\/strong><\/td>\n<td class=\"has-text-align-center\" data-align=\"center\"><strong>Longitud (cm)<\/strong><\/td>\n<td class=\"has-text-align-center\" data-align=\"center\"><strong>Cintura (cm)<\/strong><\/td>\n<td class=\"has-text-align-center\" data-align=\"center\"><strong>Longitud de los pantalones (cm)<\/strong><\/td>\n<td class=\"has-text-align-center\" data-align=\"center\"><strong>Cintura de la Liga (cm)<\/strong><\/td>\n<\/tr>\n<tr>\n<td class=\"has-text-align-center\" data-align=\"center\">S<\/td>\n<td class=\"has-text-align-center\" data-align=\"center\">68-86<\/td>\n<td class=\"has-text-align-center\" data-align=\"center\">15.5<\/td>\n<td class=\"has-text-align-center\" data-align=\"center\">68-96<\/td>\n<td class=\"has-text-align-center\" data-align=\"center\">24.5<\/td>\n<td class=\"has-text-align-center\" data-align=\"center\">64-86<\/td>\n<\/tr>\n<tr>\n<td class=\"has-text-align-center\" data-align=\"center\">METRO<\/td>\n<td class=\"has-text-align-center\" data-align=\"center\">72-90<\/td>\n<td class=\"has-text-align-center\" data-align=\"center\">16.5<\/td>\n<td class=\"has-text-align-center\" data-align=\"center\">72-100<\/td>\n<td class=\"has-text-align-center\" data-align=\"center\">25.5<\/td>\n<td class=\"has-text-align-center\" data-align=\"center\">68-90<\/td>\n<\/tr>\n<tr>\n<td class=\"has-text-align-center\" data-align=\"center\">L<\/td>\n<td class=\"has-text-align-center\" data-align=\"center\">76-94<\/td>\n<td class=\"has-text-align-center\" data-align=\"center\">17.5<\/td>\n<td class=\"has-text-align-center\" data-align=\"center\">76-104<\/td>\n<td class=\"has-text-align-center\" data-align=\"center\">26.5<\/td>\n<td class=\"has-text-align-center\" data-align=\"center\">72-94<\/td>\n<\/tr>\n<\/tbody>\n<\/table>\n<\/figure>\n\n\n\n<figure class=\"wp-block-table\">\n<table>\n<tbody>\n<tr>\n<td class=\"has-text-align-center\" colspan=\"6\" data-align=\"center\"><strong>Tabla de tallas (pulgadas)<\/strong><\/td>\n<\/tr>\n<tr>\n<td class=\"has-text-align-center\" data-align=\"center\"><strong>Tama\u00f1o<\/strong><\/td>\n<td class=\"has-text-align-center\" data-align=\"center\"><strong>Busto (en)<\/strong><\/td>\n<td class=\"has-text-align-center\" data-align=\"center\"><strong>Longitud (pulg.)<\/strong><\/td>\n<td class=\"has-text-align-center\" data-align=\"center\"><strong>Cintura (pulg.)<\/strong><\/td>\n<td class=\"has-text-align-center\" data-align=\"center\"><strong>Longitud de los pantalones (pulg.)<\/strong><\/td>\n<td class=\"has-text-align-center\" data-align=\"center\"><strong>Cintura de la liga (pulg.)<\/strong><\/td>\n<\/tr>\n<tr>\n<td class=\"has-text-align-center\" data-align=\"center\">S<\/td>\n<td class=\"has-text-align-center\" data-align=\"center\">26.8-33.9<\/td>\n<td class=\"has-text-align-center\" data-align=\"center\">6.1<\/td>\n<td class=\"has-text-align-center\" data-align=\"center\">26.8-37.8<\/td>\n<td class=\"has-text-align-center\" data-align=\"center\">9.6<\/td>\n<td class=\"has-text-align-center\" data-align=\"center\">25.2-33.9<\/td>\n<\/tr>\n<tr>\n<td class=\"has-text-align-center\" data-align=\"center\">METRO<\/td>\n<td class=\"has-text-align-center\" data-align=\"center\">28.3-35.4<\/td>\n<td class=\"has-text-align-center\" data-align=\"center\">6.5<\/td>\n<td class=\"has-text-align-center\" data-align=\"center\">28.3-39.4<\/td>\n<td class=\"has-text-align-center\" data-align=\"center\">10.0<\/td>\n<td class=\"has-text-align-center\" data-align=\"center\">26.8-35.4<\/td>\n<\/tr>\n<tr>\n<td class=\"has-text-align-center\" data-align=\"center\">L<\/td>\n<td class=\"has-text-align-center\" data-align=\"center\">29.9-37.0<\/td>\n<td class=\"has-text-align-center\" data-align=\"center\">6.9<\/td>\n<td class=\"has-text-align-center\" data-align=\"center\">29.9-40.9<\/td>\n<td class=\"has-text-align-center\" data-align=\"center\">10.4<\/td>\n<td class=\"has-text-align-center\" data-align=\"center\">28.3-37.0<\/td>\n<\/tr>\n<\/tbody>\n<\/table>\n<\/figure>","protected":false},"excerpt":{"rendered":"<p>Emb\u00e1rcate en un mar de estilo con este atractivo <strong>conjunto de sujetador azul<\/strong>, con un dise\u00f1o push-up que eleva y acent\u00faa. Este <strong>bragas sujetador atado<\/strong> La combinaci\u00f3n es una celebraci\u00f3n de la forma y la funci\u00f3n.<\/p>","protected":false},"featured_media":50916,"template":"","meta":[],"product_brand":[],"product_cat":[368,367,375],"product_tag":[868,448,518],"class_list":{"0":"post-50917","1":"product","2":"type-product","3":"status-publish","4":"has-post-thumbnail","6":"product_cat-bra-panty-set","7":"product_cat-sexy-lingerie","8":"product_cat-whoelsale-sheer-bra-and-panty-sets","9":"product_tag-4-piece-lingerie-set","10":"product_tag-wholesale-elegant-sexy-lingerie","11":"product_tag-mesh-lingerie","12":"pa_color-blue-women-sexy-lingerie","13":"pa_size-wholesale-large-size-women-sexy-lingerie","14":"pa_size-wholesale-medium-size-women-sexy-lingerie","15":"pa_size-wholesale-small-size-sexy-lingerie","17":"first","18":"instock","19":"taxable","20":"shipping-taxable","21":"purchasable","22":"product-type-variable"},"tiered_pricing_type":"fixed","tiered_pricing_fixed_rules":[],"tiered_pricing_product_settings":{"layout":"table","base_unit_name":{"singular":null,"plural":null},"default_variation":null},"tiered_pricing_minimum_quantity":null,"tiered_pricing_roles_data":[],"tiered_pricing_percentage_rules":[],"tiered_pricing_maximum_quantity":null,"tiered_pricing_quantity_step":null,"_links":{"self":[{"href":"https:\/\/gretasexylingerie.com\/es\/wp-json\/wp\/v2\/product\/50917","targetHints":{"allow":["GET"]}}],"collection":[{"href":"https:\/\/gretasexylingerie.com\/es\/wp-json\/wp\/v2\/product"}],"about":[{"href":"https:\/\/gretasexylingerie.com\/es\/wp-json\/wp\/v2\/types\/product"}],"wp:featuredmedia":[{"embeddable":true,"href":"https:\/\/gretasexylingerie.com\/es\/wp-json\/wp\/v2\/media\/50916"}],"wp:attachment":[{"href":"https:\/\/gretasexylingerie.com\/es\/wp-json\/wp\/v2\/media?parent=50917"}],"wp:term":[{"taxonomy":"product_brand","embeddable":true,"href":"https:\/\/gretasexylingerie.com\/es\/wp-json\/wp\/v2\/product_brand?post=50917"},{"taxonomy":"product_cat","embeddable":true,"href":"https:\/\/gretasexylingerie.com\/es\/wp-json\/wp\/v2\/product_cat?post=50917"},{"taxonomy":"product_tag","embeddable":true,"href":"https:\/\/gretasexylingerie.com\/es\/wp-json\/wp\/v2\/product_tag?post=50917"}],"curies":[{"name":"Gracias","href":"https:\/\/api.w.org\/{rel}","templated":true}]}}