{"id":50761,"date":"2024-04-16T16:48:25","date_gmt":"2024-04-16T08:48:25","guid":{"rendered":"https:\/\/gretasexylingerie.com\/?post_type=product&#038;p=50761"},"modified":"2024-04-17T01:50:26","modified_gmt":"2024-04-16T17:50:26","slug":"al-por-mayor-conjunto-de-sujetador-y-bragas-transparentes-con-sombra-delicada","status":"publish","type":"product","link":"https:\/\/gretasexylingerie.com\/es\/products\/wholesale-delicate-shadow-sheer-bra-and-panty-set\/","title":{"rendered":"Venta al por mayor Conjunto de sujetador y panty transparente Delicate Shadow"},"content":{"rendered":"<p><strong>Susurros de encaje<\/strong>: El <strong>conjuntos de ropa interior de encaje para mujer<\/strong> Ofrecemos capturar un equilibrio de audacia y gracia, con el fino borde de encaje a\u00f1adiendo un toque de belleza cl\u00e1sica a la atrevida tela transparente.<\/p>\n\n\n\n<p><strong>Translucidez ingeniosa<\/strong>: Este exquisito conjunto presenta un sujetador y una braga transparentes que juegan con la visibilidad, ofreciendo una mirada tentadora al mismo tiempo que brindan una cobertura elegante, encarnando el encanto de <strong>bonitos conjuntos de lencer\u00eda<\/strong>.<\/p>\n\n\n\n<p><strong>Silueta contorneada<\/strong>: La cuidadosa construcci\u00f3n del sujetador realza la forma natural, mientras que el dise\u00f1o de la braga alarga y favorece, asegurando comodidad sin comprometer el atractivo de la lencer\u00eda.<\/p>\n\n\n\n<p><strong>Detalles divertidos de tul<\/strong>: Un coqueto volante de tul a\u00f1ade un toque divertido al conjunto, creando una interacci\u00f3n din\u00e1mica de texturas y formas que seguramente atraer\u00e1.<\/p>\n\n\n\n<p><strong>El sue\u00f1o del minorista<\/strong>: Equipe su boutique con este encantador conjunto, f\u00e1cilmente abastecido con nuestros <a href=\"https:\/\/gretasexylingerie.com\/es\/servicio-de-venta-de-lenceria\/\">servicio de env\u00edo directo<\/a>, ofreciendo el encanto de la lencer\u00eda de lujo sin la necesidad de mantener un inventario.<\/p>\n\n\n\n<p>Invita a tus clientas a vestirse con la elegancia de nuestro conjunto de brasier y braguitas transparentes Shadow. Perfectos para quienes buscan un toque de misterio en su comodidad, estos conjuntos son un lienzo para la expresi\u00f3n personal. As\u00f3ciese con Greta Sexy Lingerie para obtener lencer\u00eda que habla en suaves susurros de encanto y sofisticaci\u00f3n.<\/p>\n\n\n\n<figure class=\"wp-block-table\">\n<table>\n<tbody>\n<tr>\n<td class=\"has-text-align-center\" colspan=\"6\" data-align=\"center\"><strong>Tabla de tallas (CM)<\/strong><\/td>\n<\/tr>\n<tr>\n<td class=\"has-text-align-center\" data-align=\"center\"><strong>Tama\u00f1o<\/strong><\/td>\n<td class=\"has-text-align-center\" data-align=\"center\"><strong>Busto (cm)<\/strong><\/td>\n<td class=\"has-text-align-center\" data-align=\"center\"><strong>Longitud (cm)<\/strong><\/td>\n<td class=\"has-text-align-center\" data-align=\"center\"><strong>Cintura (cm)<\/strong><\/td>\n<td class=\"has-text-align-center\" data-align=\"center\"><strong>Longitud de los pantalones (cm)<\/strong><\/td>\n<td class=\"has-text-align-center\" data-align=\"center\"><strong>Cintura de la Liga (cm)<\/strong><\/td>\n<\/tr>\n<tr>\n<td class=\"has-text-align-center\" data-align=\"center\">S<\/td>\n<td class=\"has-text-align-center\" data-align=\"center\">64-90<\/td>\n<td class=\"has-text-align-center\" data-align=\"center\">17<\/td>\n<td class=\"has-text-align-center\" data-align=\"center\">68-90<\/td>\n<td class=\"has-text-align-center\" data-align=\"center\">22<\/td>\n<td class=\"has-text-align-center\" data-align=\"center\">60-86<\/td>\n<\/tr>\n<tr>\n<td class=\"has-text-align-center\" data-align=\"center\">METRO<\/td>\n<td class=\"has-text-align-center\" data-align=\"center\">68-94<\/td>\n<td class=\"has-text-align-center\" data-align=\"center\">18<\/td>\n<td class=\"has-text-align-center\" data-align=\"center\">72-94<\/td>\n<td class=\"has-text-align-center\" data-align=\"center\">23<\/td>\n<td class=\"has-text-align-center\" data-align=\"center\">64-90<\/td>\n<\/tr>\n<tr>\n<td class=\"has-text-align-center\" data-align=\"center\">L<\/td>\n<td class=\"has-text-align-center\" data-align=\"center\">72-98<\/td>\n<td class=\"has-text-align-center\" data-align=\"center\">19<\/td>\n<td class=\"has-text-align-center\" data-align=\"center\">76-98<\/td>\n<td class=\"has-text-align-center\" data-align=\"center\">24<\/td>\n<td class=\"has-text-align-center\" data-align=\"center\">68-94<\/td>\n<\/tr>\n<\/tbody>\n<\/table>\n<\/figure>","protected":false},"excerpt":{"rendered":"<p>Descubra la esencia de la belleza discreta con este <strong>sujetadores transparentes y bragas<\/strong> Conjunto, una mezcla perfecta de delicado encaje y delicadeza transparente. Este conjunto es la quintaesencia de <strong>bonitos conjuntos de lencer\u00eda<\/strong>, ofreciendo un susurro de elegancia con cada capa.<\/p>","protected":false},"featured_media":50740,"template":"","meta":[],"product_brand":[],"product_cat":[368,374,367,375],"product_tag":[868,452,541,875,446],"class_list":{"0":"post-50761","1":"product","2":"type-product","3":"status-publish","4":"has-post-thumbnail","6":"product_cat-bra-panty-set","7":"product_cat-wholesale-garter-belt-set","8":"product_cat-sexy-lingerie","9":"product_cat-whoelsale-sheer-bra-and-panty-sets","10":"product_tag-4-piece-lingerie-set","11":"product_tag-wholesale-boudoir-lingerie","12":"product_tag-fishnet-lingerie","13":"product_tag-lace-sexy-lingerie","14":"product_tag-wholesale-sexy-see-through-lingerie","15":"pa_color-black","16":"pa_color-red-women-sexy-lingerie","17":"pa_size-wholesale-large-size-women-sexy-lingerie","18":"pa_size-wholesale-medium-size-women-sexy-lingerie","19":"pa_size-wholesale-small-size-sexy-lingerie","21":"first","22":"instock","23":"taxable","24":"shipping-taxable","25":"purchasable","26":"product-type-variable"},"tiered_pricing_type":"fixed","tiered_pricing_fixed_rules":[],"tiered_pricing_product_settings":{"layout":"table","base_unit_name":{"singular":null,"plural":null},"default_variation":null},"tiered_pricing_minimum_quantity":null,"tiered_pricing_roles_data":[],"tiered_pricing_percentage_rules":[],"tiered_pricing_maximum_quantity":null,"tiered_pricing_quantity_step":null,"_links":{"self":[{"href":"https:\/\/gretasexylingerie.com\/es\/wp-json\/wp\/v2\/product\/50761","targetHints":{"allow":["GET"]}}],"collection":[{"href":"https:\/\/gretasexylingerie.com\/es\/wp-json\/wp\/v2\/product"}],"about":[{"href":"https:\/\/gretasexylingerie.com\/es\/wp-json\/wp\/v2\/types\/product"}],"wp:featuredmedia":[{"embeddable":true,"href":"https:\/\/gretasexylingerie.com\/es\/wp-json\/wp\/v2\/media\/50740"}],"wp:attachment":[{"href":"https:\/\/gretasexylingerie.com\/es\/wp-json\/wp\/v2\/media?parent=50761"}],"wp:term":[{"taxonomy":"product_brand","embeddable":true,"href":"https:\/\/gretasexylingerie.com\/es\/wp-json\/wp\/v2\/product_brand?post=50761"},{"taxonomy":"product_cat","embeddable":true,"href":"https:\/\/gretasexylingerie.com\/es\/wp-json\/wp\/v2\/product_cat?post=50761"},{"taxonomy":"product_tag","embeddable":true,"href":"https:\/\/gretasexylingerie.com\/es\/wp-json\/wp\/v2\/product_tag?post=50761"}],"curies":[{"name":"Gracias","href":"https:\/\/api.w.org\/{rel}","templated":true}]}}