{"id":50657,"date":"2024-04-16T16:43:07","date_gmt":"2024-04-16T08:43:07","guid":{"rendered":"https:\/\/gretasexylingerie.com\/?post_type=product&#038;p=50657"},"modified":"2024-04-17T01:25:36","modified_gmt":"2024-04-16T17:25:36","slug":"al-por-mayor-conjunto-de-lenceria-balconette-transparente-susurro-lavanda","status":"publish","type":"product","link":"https:\/\/gretasexylingerie.com\/es\/products\/wholesale-lavender-whisper-sheer-balconette-lingerie-set\/","title":{"rendered":"Conjunto De Lencer\u00eda Balconette Transparente Lavender Whisper al por mayor"},"content":{"rendered":"<p><strong>Fantas\u00eda floral<\/strong>: El intrincado patr\u00f3n de encaje floral transparente adorna delicadamente el sujetador y las bragas, ofreciendo una visi\u00f3n de romance y arte que convierte el cuerpo en un jard\u00edn de belleza et\u00e9rea.<\/p>\n\n\n\n<p><strong>Charm de lavanda dulce<\/strong>: Envuelto en un suave tono p\u00farpura, este conjunto de lencer\u00eda irradia una sensaci\u00f3n de tranquila sofisticaci\u00f3n, lo que permite una narrativa de lencer\u00eda divertida pero serena.<\/p>\n\n\n\n<p><strong>Brillo del balc\u00f3n<\/strong>: La estructura del sujetador balconette ofrece un abrazo estimulante, mostrando una silueta favorecedora sin dejar de ser fiel a la comodidad que se espera de la lencer\u00eda lujosa.<\/p>\n\n\n\n<p><strong>Transparencia sutil<\/strong>: Este <strong>lencer\u00eda floral transparente<\/strong> El conjunto es un testimonio del encanto de lo que se ve y lo que no se ve, con su tejido transl\u00facido actuando como un velo de m\u00edstica.<\/p>\n\n\n\n<p><strong>Excelencia del conjunto<\/strong>: Ofrecido con nuestro eficiente <a href=\"https:\/\/gretasexylingerie.com\/es\/servicio-de-venta-de-lenceria\/\">servicio de env\u00edo directo<\/a>, este juego es muy f\u00e1cil de almacenar, satisfaciendo el deseo de elegancia de su clientela sin la carga del exceso de inventario.<\/p>\n\n\n\n<p>A\u00f1ade a tu colecci\u00f3n el conjunto de lencer\u00eda balconette transparente Lavender Whisper y observa c\u00f3mo transforma tus deseos en realidad. Con\u00e9ctese con Greta Sexy Lingerie para adquirir este conjunto, donde cada pieza habla mucho a trav\u00e9s del lenguaje del encaje y el lujo.<\/p>\n\n\n\n<figure class=\"wp-block-table\">\n<table>\n<tbody>\n<tr>\n<td class=\"has-text-align-center\" colspan=\"6\" data-align=\"center\"><strong>Tabla de tallas (CM)<\/strong><\/td>\n<\/tr>\n<tr>\n<td class=\"has-text-align-center\" data-align=\"center\"><strong>Tama\u00f1o<\/strong><\/td>\n<td class=\"has-text-align-center\" data-align=\"center\"><strong>Busto (cm)<\/strong><\/td>\n<td class=\"has-text-align-center\" data-align=\"center\"><strong>Longitud (cm)<\/strong><\/td>\n<td class=\"has-text-align-center\" data-align=\"center\"><strong>Cintura (cm)<\/strong><\/td>\n<td class=\"has-text-align-center\" data-align=\"center\"><strong>Longitud de los pantalones (cm)<\/strong><\/td>\n<td class=\"has-text-align-center\" data-align=\"center\"><strong>Cintura de liga (cm)<\/strong><\/td>\n<\/tr>\n<tr>\n<td class=\"has-text-align-center\" data-align=\"center\">S<\/td>\n<td class=\"has-text-align-center\" data-align=\"center\">64<\/td>\n<td class=\"has-text-align-center\" data-align=\"center\">13<\/td>\n<td class=\"has-text-align-center\" data-align=\"center\">72<\/td>\n<td class=\"has-text-align-center\" data-align=\"center\">19.5<\/td>\n<td class=\"has-text-align-center\" data-align=\"center\">62<\/td>\n<\/tr>\n<tr>\n<td class=\"has-text-align-center\" data-align=\"center\">METRO<\/td>\n<td class=\"has-text-align-center\" data-align=\"center\">68<\/td>\n<td class=\"has-text-align-center\" data-align=\"center\">14<\/td>\n<td class=\"has-text-align-center\" data-align=\"center\">76<\/td>\n<td class=\"has-text-align-center\" data-align=\"center\">20.5<\/td>\n<td class=\"has-text-align-center\" data-align=\"center\">64<\/td>\n<\/tr>\n<tr>\n<td class=\"has-text-align-center\" data-align=\"center\">L<\/td>\n<td class=\"has-text-align-center\" data-align=\"center\">72<\/td>\n<td class=\"has-text-align-center\" data-align=\"center\">15<\/td>\n<td class=\"has-text-align-center\" data-align=\"center\">80<\/td>\n<td class=\"has-text-align-center\" data-align=\"center\">21.5<\/td>\n<td class=\"has-text-align-center\" data-align=\"center\">68<\/td>\n<\/tr>\n<\/tbody>\n<\/table>\n<\/figure>\n\n\n\n<figure class=\"wp-block-table\">\n<table>\n<tbody>\n<tr>\n<td class=\"has-text-align-center\" colspan=\"6\" data-align=\"center\"><strong>Tabla de tallas (pulgadas)<\/strong><\/td>\n<\/tr>\n<tr>\n<td class=\"has-text-align-center\" data-align=\"center\"><strong>Tama\u00f1o<\/strong><\/td>\n<td class=\"has-text-align-center\" data-align=\"center\"><strong>Busto (en)<\/strong><\/td>\n<td class=\"has-text-align-center\" data-align=\"center\"><strong>Longitud (pulg.)<\/strong><\/td>\n<td class=\"has-text-align-center\" data-align=\"center\"><strong>Cintura (pulg.)<\/strong><\/td>\n<td class=\"has-text-align-center\" data-align=\"center\"><strong>Longitud de los pantalones (pulg.)<\/strong><\/td>\n<td class=\"has-text-align-center\" data-align=\"center\"><strong>Cintura de liga (pulg.)<\/strong><\/td>\n<\/tr>\n<tr>\n<td class=\"has-text-align-center\" data-align=\"center\">S<\/td>\n<td class=\"has-text-align-center\" data-align=\"center\">25.20<\/td>\n<td class=\"has-text-align-center\" data-align=\"center\">5.12<\/td>\n<td class=\"has-text-align-center\" data-align=\"center\">28.35<\/td>\n<td class=\"has-text-align-center\" data-align=\"center\">7.68<\/td>\n<td class=\"has-text-align-center\" data-align=\"center\">24.41<\/td>\n<\/tr>\n<tr>\n<td class=\"has-text-align-center\" data-align=\"center\">METRO<\/td>\n<td class=\"has-text-align-center\" data-align=\"center\">26.77<\/td>\n<td class=\"has-text-align-center\" data-align=\"center\">5.51<\/td>\n<td class=\"has-text-align-center\" data-align=\"center\">29.92<\/td>\n<td class=\"has-text-align-center\" data-align=\"center\">8.07<\/td>\n<td class=\"has-text-align-center\" data-align=\"center\">25.20<\/td>\n<\/tr>\n<tr>\n<td class=\"has-text-align-center\" data-align=\"center\">L<\/td>\n<td class=\"has-text-align-center\" data-align=\"center\">28.35<\/td>\n<td class=\"has-text-align-center\" data-align=\"center\">5.91<\/td>\n<td class=\"has-text-align-center\" data-align=\"center\">31.50<\/td>\n<td class=\"has-text-align-center\" data-align=\"center\">8.46<\/td>\n<td class=\"has-text-align-center\" data-align=\"center\">26.77<\/td>\n<\/tr>\n<\/tbody>\n<\/table>\n<\/figure>","protected":false},"excerpt":{"rendered":"<p>Invoca un toque de gracia con nuestra <strong>conjunto de sujetador y ropa interior morado<\/strong>, con delicados detalles florales que florecen sobre un lienzo de tela transparente. Este <strong>conjunto de sujetador y braguita balconette<\/strong> es una mezcla po\u00e9tica de apoyo y encanto, dise\u00f1ada para una elegancia discreta.<\/p>","protected":false},"featured_media":50641,"template":"","meta":[],"product_brand":[],"product_cat":[368,369,367],"product_tag":[507,452,528,875,453,865],"class_list":{"0":"post-50657","1":"product","2":"type-product","3":"status-publish","4":"has-post-thumbnail","6":"product_cat-bra-panty-set","7":"product_cat-wholesale-lace-bra-and-panty-sets","8":"product_cat-sexy-lingerie","9":"product_tag-three-pcs-set","10":"product_tag-wholesale-boudoir-lingerie","11":"product_tag-halter-lingerie","12":"product_tag-lace-sexy-lingerie","13":"product_tag-wholesale-sexy-naughty-lingerie","14":"product_tag-sexy-skimpy-lingerie","15":"pa_color-purple-women-sexy-lingerie","16":"pa_size-wholesale-large-size-women-sexy-lingerie","17":"pa_size-wholesale-medium-size-women-sexy-lingerie","18":"pa_size-wholesale-small-size-sexy-lingerie","20":"first","21":"instock","22":"taxable","23":"shipping-taxable","24":"purchasable","25":"product-type-variable"},"tiered_pricing_type":"fixed","tiered_pricing_fixed_rules":[],"tiered_pricing_product_settings":{"layout":"table","base_unit_name":{"singular":null,"plural":null},"default_variation":null},"tiered_pricing_minimum_quantity":null,"tiered_pricing_roles_data":[],"tiered_pricing_percentage_rules":[],"tiered_pricing_maximum_quantity":null,"tiered_pricing_quantity_step":null,"_links":{"self":[{"href":"https:\/\/gretasexylingerie.com\/es\/wp-json\/wp\/v2\/product\/50657","targetHints":{"allow":["GET"]}}],"collection":[{"href":"https:\/\/gretasexylingerie.com\/es\/wp-json\/wp\/v2\/product"}],"about":[{"href":"https:\/\/gretasexylingerie.com\/es\/wp-json\/wp\/v2\/types\/product"}],"wp:featuredmedia":[{"embeddable":true,"href":"https:\/\/gretasexylingerie.com\/es\/wp-json\/wp\/v2\/media\/50641"}],"wp:attachment":[{"href":"https:\/\/gretasexylingerie.com\/es\/wp-json\/wp\/v2\/media?parent=50657"}],"wp:term":[{"taxonomy":"product_brand","embeddable":true,"href":"https:\/\/gretasexylingerie.com\/es\/wp-json\/wp\/v2\/product_brand?post=50657"},{"taxonomy":"product_cat","embeddable":true,"href":"https:\/\/gretasexylingerie.com\/es\/wp-json\/wp\/v2\/product_cat?post=50657"},{"taxonomy":"product_tag","embeddable":true,"href":"https:\/\/gretasexylingerie.com\/es\/wp-json\/wp\/v2\/product_tag?post=50657"}],"curies":[{"name":"Gracias","href":"https:\/\/api.w.org\/{rel}","templated":true}]}}