{"id":50630,"date":"2024-04-16T16:41:51","date_gmt":"2024-04-16T08:41:51","guid":{"rendered":"https:\/\/gretasexylingerie.com\/?post_type=product&#038;p=50630"},"modified":"2024-04-17T01:21:48","modified_gmt":"2024-04-16T17:21:48","slug":"al-por-mayor-encantador-peluche-de-encaje-con-cuello-halter","status":"publish","type":"product","link":"https:\/\/gretasexylingerie.com\/es\/products\/wholesale-enchante-halter-neck-lace-teddy\/","title":{"rendered":"Peluche De Encaje Con Cuello Halter Enchante al por mayor"},"content":{"rendered":"<p><strong>Elegancia de encaje atemporal<\/strong>: Adopte el romance cl\u00e1sico con el encaje intrincadamente estampado que adorna este peluche, creando una silueta llamativa que es a la vez sofisticada y seductora.<\/p>\n\n\n\n<p><strong>Sofisticaci\u00f3n cabestro<\/strong>: El escote halter a\u00f1ade un elemento de gracia atemporal, proporcionando un realce favorecedor y enfatizando los hombros, mientras que el lazo en la espalda garantiza un ajuste perfecto para cada figura.<\/p>\n\n\n\n<p><strong>Espalda abierta atrevida<\/strong>: Una espectacular espalda abierta ofrece un contraste audaz con el frente de cobertura total, d\u00e1ndole a este <strong>mono con espalda abierta<\/strong> un equilibrio entre revelar y ocultar que seguramente atraer\u00e1.<\/p>\n\n\n\n<p><strong>Peplum alegr\u00eda<\/strong>: Un peplum suavemente ondulado en la cintura a\u00f1ade un estilo coqueto, cayendo suavemente en cascada sobre las caderas para realzar el encanto femenino de la prenda.<\/p>\n\n\n\n<p><strong>Opciones coloridas<\/strong>: Ya sea que sus clientes prefieran la pura elegancia del negro, la pureza del blanco o la pasi\u00f3n del rojo, este osito de peluche est\u00e1 dise\u00f1ado para satisfacer su estado de \u00e1nimo y sus preferencias.<\/p>\n\n\n\n<p><strong>Integraci\u00f3n minorista perfecta<\/strong>: Cada variaci\u00f3n de color de este <strong>traje de encaje de peluche<\/strong> est\u00e1 listo para encantar a sus clientes, todo con la comodidad de nuestro <a href=\"https:\/\/gretasexylingerie.com\/es\/servicio-de-venta-de-lenceria\/\">servicio de env\u00edo directo<\/a>, lo que garantiza que pueda ofrecer estas impresionantes piezas sin preocuparse por los niveles de stock o los pedidos m\u00ednimos.<\/p>\n\n\n\n<p>Eleve sus ofertas con el peluche de encaje con cuello halter Enchante, una declaraci\u00f3n de belleza para cualquier ocasi\u00f3n \u00edntima. Haga su pedido ahora y cautive a su clientela con la ingeniosa combinaci\u00f3n de encaje y dise\u00f1o, disponible a trav\u00e9s de Greta Sexy Lingerie. Donde cada pieza es m\u00e1s que lencer\u00eda, es una expresi\u00f3n personal.<\/p>\n\n\n\n<figure class=\"wp-block-table\">\n<table>\n<tbody>\n<tr>\n<td class=\"has-text-align-center\" colspan=\"5\" data-align=\"center\"><strong>Tabla de tallas (CM)<\/strong><\/td>\n<\/tr>\n<tr>\n<td class=\"has-text-align-center\" data-align=\"center\"><strong>Tama\u00f1o<\/strong><\/td>\n<td class=\"has-text-align-center\" data-align=\"center\"><strong>Busto (cm)<\/strong><\/td>\n<td class=\"has-text-align-center\" data-align=\"center\"><strong>Longitud (cm)<\/strong><\/td>\n<td class=\"has-text-align-center\" data-align=\"center\"><strong>Cintura (cm)<\/strong><\/td>\n<td class=\"has-text-align-center\" data-align=\"center\"><strong>Circunferencia de la cadera (cm)<\/strong><\/td>\n<\/tr>\n<tr>\n<td class=\"has-text-align-center\" data-align=\"center\">S<\/td>\n<td class=\"has-text-align-center\" data-align=\"center\">68<\/td>\n<td class=\"has-text-align-center\" data-align=\"center\">61<\/td>\n<td class=\"has-text-align-center\" data-align=\"center\">68<\/td>\n<td class=\"has-text-align-center\" data-align=\"center\">72<\/td>\n<\/tr>\n<tr>\n<td class=\"has-text-align-center\" data-align=\"center\">METRO<\/td>\n<td class=\"has-text-align-center\" data-align=\"center\">72<\/td>\n<td class=\"has-text-align-center\" data-align=\"center\">63<\/td>\n<td class=\"has-text-align-center\" data-align=\"center\">72<\/td>\n<td class=\"has-text-align-center\" data-align=\"center\">76<\/td>\n<\/tr>\n<tr>\n<td class=\"has-text-align-center\" data-align=\"center\">L<\/td>\n<td class=\"has-text-align-center\" data-align=\"center\">76<\/td>\n<td class=\"has-text-align-center\" data-align=\"center\">65<\/td>\n<td class=\"has-text-align-center\" data-align=\"center\">76<\/td>\n<td class=\"has-text-align-center\" data-align=\"center\">80<\/td>\n<\/tr>\n<\/tbody>\n<\/table>\n<\/figure>\n\n\n\n<figure class=\"wp-block-table\">\n<table>\n<tbody>\n<tr>\n<td class=\"has-text-align-center\" colspan=\"5\" data-align=\"center\"><strong>Tabla de tallas (pulgadas)<\/strong><\/td>\n<\/tr>\n<tr>\n<td class=\"has-text-align-center\" data-align=\"center\"><strong>Tama\u00f1o<\/strong><\/td>\n<td class=\"has-text-align-center\" data-align=\"center\"><strong>Busto (en)<\/strong><\/td>\n<td class=\"has-text-align-center\" data-align=\"center\"><strong>Longitud (pulg.)<\/strong><\/td>\n<td class=\"has-text-align-center\" data-align=\"center\"><strong>Cintura (pulg.)<\/strong><\/td>\n<td class=\"has-text-align-center\" data-align=\"center\"><strong>Circunferencia de la cadera (pulg.)<\/strong><\/td>\n<\/tr>\n<tr>\n<td class=\"has-text-align-center\" data-align=\"center\">S<\/td>\n<td class=\"has-text-align-center\" data-align=\"center\">26.77<\/td>\n<td class=\"has-text-align-center\" data-align=\"center\">24.02<\/td>\n<td class=\"has-text-align-center\" data-align=\"center\">26.77<\/td>\n<td class=\"has-text-align-center\" data-align=\"center\">28.35<\/td>\n<\/tr>\n<tr>\n<td class=\"has-text-align-center\" data-align=\"center\">METRO<\/td>\n<td class=\"has-text-align-center\" data-align=\"center\">28.35<\/td>\n<td class=\"has-text-align-center\" data-align=\"center\">24.80<\/td>\n<td class=\"has-text-align-center\" data-align=\"center\">28.35<\/td>\n<td class=\"has-text-align-center\" data-align=\"center\">29.92<\/td>\n<\/tr>\n<tr>\n<td class=\"has-text-align-center\" data-align=\"center\">L<\/td>\n<td class=\"has-text-align-center\" data-align=\"center\">29.92<\/td>\n<td class=\"has-text-align-center\" data-align=\"center\">25.59<\/td>\n<td class=\"has-text-align-center\" data-align=\"center\">29.92<\/td>\n<td class=\"has-text-align-center\" data-align=\"center\">31.50<\/td>\n<\/tr>\n<\/tbody>\n<\/table>\n<\/figure>","protected":false},"excerpt":{"rendered":"<p>body, una pieza que entrelaza elegancia y encanto. El <strong>traje de encaje de peluche<\/strong> est\u00e1 dise\u00f1ado para favorecer con su espalda abierta y delicados detalles de encaje, ofrecido en colores esenciales de negro, blanco y rojo.<\/p>","protected":false},"featured_media":50610,"template":"","meta":[],"product_brand":[],"product_cat":[397,367,395],"product_tag":[870,528,875,864,866,862],"class_list":{"0":"post-50630","1":"product","2":"type-product","3":"status-publish","4":"has-post-thumbnail","6":"product_cat-wholesale-sexy-lace-teddy","7":"product_cat-sexy-lingerie","8":"product_cat-sexy-teddy-suit","9":"product_tag-floral-lingerie","10":"product_tag-halter-lingerie","11":"product_tag-lace-sexy-lingerie","12":"product_tag-sexy-petite-lingerie","13":"product_tag-sexy-romper-lingerie","14":"product_tag-sexy-silk-lingerie","15":"pa_color-black","16":"pa_color-red-women-sexy-lingerie","17":"pa_color-white","18":"pa_size-wholesale-large-size-women-sexy-lingerie","19":"pa_size-wholesale-medium-size-women-sexy-lingerie","20":"pa_size-wholesale-small-size-sexy-lingerie","22":"first","23":"instock","24":"taxable","25":"shipping-taxable","26":"purchasable","27":"product-type-variable"},"tiered_pricing_type":"fixed","tiered_pricing_fixed_rules":[],"tiered_pricing_product_settings":{"layout":"table","base_unit_name":{"singular":null,"plural":null},"default_variation":null},"tiered_pricing_minimum_quantity":null,"tiered_pricing_roles_data":[],"tiered_pricing_percentage_rules":[],"tiered_pricing_maximum_quantity":null,"tiered_pricing_quantity_step":null,"_links":{"self":[{"href":"https:\/\/gretasexylingerie.com\/es\/wp-json\/wp\/v2\/product\/50630","targetHints":{"allow":["GET"]}}],"collection":[{"href":"https:\/\/gretasexylingerie.com\/es\/wp-json\/wp\/v2\/product"}],"about":[{"href":"https:\/\/gretasexylingerie.com\/es\/wp-json\/wp\/v2\/types\/product"}],"wp:featuredmedia":[{"embeddable":true,"href":"https:\/\/gretasexylingerie.com\/es\/wp-json\/wp\/v2\/media\/50610"}],"wp:attachment":[{"href":"https:\/\/gretasexylingerie.com\/es\/wp-json\/wp\/v2\/media?parent=50630"}],"wp:term":[{"taxonomy":"product_brand","embeddable":true,"href":"https:\/\/gretasexylingerie.com\/es\/wp-json\/wp\/v2\/product_brand?post=50630"},{"taxonomy":"product_cat","embeddable":true,"href":"https:\/\/gretasexylingerie.com\/es\/wp-json\/wp\/v2\/product_cat?post=50630"},{"taxonomy":"product_tag","embeddable":true,"href":"https:\/\/gretasexylingerie.com\/es\/wp-json\/wp\/v2\/product_tag?post=50630"}],"curies":[{"name":"Gracias","href":"https:\/\/api.w.org\/{rel}","templated":true}]}}