{"id":50591,"date":"2024-04-16T16:39:38","date_gmt":"2024-04-16T08:39:38","guid":{"rendered":"https:\/\/gretasexylingerie.com\/?post_type=product&#038;p=50591"},"modified":"2024-04-17T01:07:02","modified_gmt":"2024-04-16T17:07:02","slug":"venta-al-por-mayor-trio-de-lenceria-con-sujetador-y-tirantes-de-encaje-intrigante","status":"publish","type":"product","link":"https:\/\/gretasexylingerie.com\/es\/products\/wholesale-intrigue-lace-bra-and-suspender-lingerie-trio\/","title":{"rendered":"Tr\u00edo De Lencer\u00eda Con Tirantes Y Sujetador De Encaje Intrigue Al Por Mayor"},"content":{"rendered":"<p><strong>Encaje elegante<\/strong>: El sujetador y las bragas est\u00e1n adornados con encaje de primera calidad, lo que ofrece una sensaci\u00f3n de lujo y un atractivo visual intrincado. Los patrones precisos y los delicados bordes festoneados de este <strong>conjunto de ropa interior y sujetador de encaje<\/strong> acentuar la belleza y la sofisticaci\u00f3n.<\/p>\n\n\n\n<p><strong>Gracia coordinada<\/strong>: Un liguero a juego complementa el conjunto, con correas ajustables que mantienen todo en su lugar y a\u00f1aden una dimensi\u00f3n extra de atractivo al conjunto.<\/p>\n\n\n\n<p><strong>Tr\u00edo de encanto<\/strong>: Como un <strong>lenceria de tres piezas<\/strong> conjunto, proporciona una apariencia completa, armoniosa y cuidadosamente dise\u00f1ada, desde las copas con aros de apoyo hasta el favorecedor tirante de cintura alta.<\/p>\n\n\n\n<p><strong>Apelaci\u00f3n eterna<\/strong>: El cl\u00e1sico esquema de color negro y el dise\u00f1o atemporal hacen de este conjunto un elemento b\u00e1sico para cualquier colecci\u00f3n de ropa \u00edntima, perfecto para ocasiones especiales o para agregar un toque de lujo al d\u00eda a d\u00eda.<\/p>\n\n\n\n<p><strong>Integraci\u00f3n perfecta<\/strong>: Disponible a trav\u00e9s de nuestro <a href=\"https:\/\/gretasexylingerie.com\/es\/servicio-de-venta-de-lenceria\/\">servicio de env\u00edo directo<\/a>, este conjunto combina comodidad y clase. Los minoristas pueden ofrecer este exquisito tr\u00edo sin preocuparse por los niveles de existencias o las cantidades m\u00ednimas de pedido.<\/p>\n\n\n\n<p>Elija una variedad de gustos exquisitos con el tr\u00edo de lencer\u00eda con tirantes y sujetador de encaje Intrigue y ofrezca a sus clientes lo \u00faltimo en lencer\u00eda de lujo. Perfecto para regalar o para un capricho personal, este conjunto espera ser un elemento destacado en el guardarropa de cualquier amante de la lencer\u00eda. As\u00f3ciese con Greta Sexy Lingerie para disfrutar de una elegancia natural y un estilo incomparable.<\/p>\n\n\n\n<figure class=\"wp-block-table\"><table><tbody><tr><td colspan=\"6\"><strong>Tabla de tallas (CM)<\/strong><\/td><\/tr><tr><td><strong>Tama\u00f1o<\/strong><\/td><td><strong>Busto (cm)<\/strong><\/td><td><strong>Longitud (cm)<\/strong><\/td><td><strong>Cintura (cm)<\/strong><\/td><td><strong>Longitud de los pantalones (cm)<\/strong><\/td><td><strong>Cintura de la Liga (cm)<\/strong><\/td><\/tr><tr><td>S<\/td><td>66-86<\/td><td>14<\/td><td>68-96<\/td><td>23<\/td><td>62-86<\/td><\/tr><tr><td>METRO<\/td><td>70-90<\/td><td>15<\/td><td>72-100<\/td><td>24<\/td><td>66-90<\/td><\/tr><tr><td>L<\/td><td>74-94<\/td><td>16<\/td><td>76-104<\/td><td>25<\/td><td>70-94<\/td><\/tr><\/tbody><\/table><\/figure>\n\n\n\n<figure class=\"wp-block-table\"><table><tbody><tr><td colspan=\"6\"><strong>Tabla de tallas (pulgadas)<\/strong><\/td><\/tr><tr><td><strong>Tama\u00f1o<\/strong><\/td><td><strong>Busto (en)<\/strong><\/td><td><strong>Longitud (pulg.)<\/strong><\/td><td><strong>Cintura (pulg.)<\/strong><\/td><td><strong>Longitud de los pantalones (pulg.)<\/strong><\/td><td><strong>Cintura de la liga (pulg.)<\/strong><\/td><\/tr><tr><td>S<\/td><td>26-33.9<\/td><td>5.5<\/td><td>26.8-37.8<\/td><td>9.1<\/td><td>24.4-33.9<\/td><\/tr><tr><td>METRO<\/td><td>27.6-35.4<\/td><td>5.9<\/td><td>28.3-39.4<\/td><td>9.4<\/td><td>26-35.4<\/td><\/tr><tr><td>L<\/td><td>29.1-37<\/td><td>6.3<\/td><td>29.9-41<\/td><td>9.8<\/td><td>27.6-37<\/td><\/tr><\/tbody><\/table><\/figure>","protected":false},"excerpt":{"rendered":"<p>Ad\u00e9ntrate en un mundo de refinada sensualidad con nuestros <strong>conjunto de ropa interior y sujetador de encaje<\/strong>. este exquisito <strong>lenceria de tres piezas<\/strong> La colecci\u00f3n, completa con un liguero, est\u00e1 dise\u00f1ada para aquellos que aprecian la elegancia en cada capa.<\/p>","protected":false},"featured_media":50583,"template":"","meta":[],"product_brand":[],"product_cat":[368,369,367],"product_tag":[507,452,861,875,865],"class_list":{"0":"post-50591","1":"product","2":"type-product","3":"status-publish","4":"has-post-thumbnail","6":"product_cat-bra-panty-set","7":"product_cat-wholesale-lace-bra-and-panty-sets","8":"product_cat-sexy-lingerie","9":"product_tag-three-pcs-set","10":"product_tag-wholesale-boudoir-lingerie","11":"product_tag-brunette-lingerie","12":"product_tag-lace-sexy-lingerie","13":"product_tag-sexy-skimpy-lingerie","14":"pa_color-black","15":"pa_size-wholesale-large-size-women-sexy-lingerie","16":"pa_size-wholesale-medium-size-women-sexy-lingerie","17":"pa_size-wholesale-small-size-sexy-lingerie","19":"first","20":"instock","21":"taxable","22":"shipping-taxable","23":"purchasable","24":"product-type-variable"},"tiered_pricing_type":"fixed","tiered_pricing_fixed_rules":[],"tiered_pricing_product_settings":{"layout":"table","base_unit_name":{"singular":null,"plural":null},"default_variation":null},"tiered_pricing_minimum_quantity":null,"tiered_pricing_roles_data":[],"tiered_pricing_percentage_rules":[],"tiered_pricing_maximum_quantity":null,"tiered_pricing_quantity_step":null,"_links":{"self":[{"href":"https:\/\/gretasexylingerie.com\/es\/wp-json\/wp\/v2\/product\/50591","targetHints":{"allow":["GET"]}}],"collection":[{"href":"https:\/\/gretasexylingerie.com\/es\/wp-json\/wp\/v2\/product"}],"about":[{"href":"https:\/\/gretasexylingerie.com\/es\/wp-json\/wp\/v2\/types\/product"}],"wp:featuredmedia":[{"embeddable":true,"href":"https:\/\/gretasexylingerie.com\/es\/wp-json\/wp\/v2\/media\/50583"}],"wp:attachment":[{"href":"https:\/\/gretasexylingerie.com\/es\/wp-json\/wp\/v2\/media?parent=50591"}],"wp:term":[{"taxonomy":"product_brand","embeddable":true,"href":"https:\/\/gretasexylingerie.com\/es\/wp-json\/wp\/v2\/product_brand?post=50591"},{"taxonomy":"product_cat","embeddable":true,"href":"https:\/\/gretasexylingerie.com\/es\/wp-json\/wp\/v2\/product_cat?post=50591"},{"taxonomy":"product_tag","embeddable":true,"href":"https:\/\/gretasexylingerie.com\/es\/wp-json\/wp\/v2\/product_tag?post=50591"}],"curies":[{"name":"Gracias","href":"https:\/\/api.w.org\/{rel}","templated":true}]}}