{"id":50573,"date":"2024-04-16T16:38:35","date_gmt":"2024-04-16T08:38:35","guid":{"rendered":"https:\/\/gretasexylingerie.com\/?post_type=product&#038;p=50573"},"modified":"2024-04-17T00:54:38","modified_gmt":"2024-04-16T16:54:38","slug":"al-por-mayor-conjunto-de-camisola-de-encaje-de-lunares-de-medianoche","status":"publish","type":"product","link":"https:\/\/gretasexylingerie.com\/es\/products\/wholesale-midnight-polka-dot-lace-chemise-set\/","title":{"rendered":"Conjunto De Camis\u00f3n De Encaje De Lunares De Medianoche al por mayor"},"content":{"rendered":"<p><strong>Sofisticaci\u00f3n moteada<\/strong>: Esta camisola presenta un encantador patr\u00f3n de lunares esparcidos sobre un fondo transparente, lo que le da un toque divertido pero elegante al cl\u00e1sico. <strong>camisa negra<\/strong>.<\/p>\n\n\n\n<p><strong>Abrazo de encaje<\/strong>: Mangas largas adornadas con encaje que caen en cascada con gracia, brindando un toque de elegancia y una textura suave que contrasta maravillosamente con la tela transparente de la camisola.<\/p>\n\n\n\n<p><strong>Estilo femenino<\/strong>: El corpi\u00f1o ajustado se ensancha en una falda delicada, lo que permite una silueta favorecedora y libre, que encarna la esencia de la feminidad en cada detalle.<\/p>\n\n\n\n<p><strong>Zorra vers\u00e1til<\/strong>: Ya sea como una capa \u00edntima o como una seductora pieza independiente, este conjunto de camisola se adapta a la ocasi\u00f3n, garantizando versatilidad junto con su impresionante dise\u00f1o.<\/p>\n\n\n\n<p><strong>Asociaci\u00f3n perfecta<\/strong>: Listo para unirse a su l\u00ednea de productos, este conjunto de lencer\u00eda llega a usted a trav\u00e9s de nuestro <a href=\"https:\/\/gretasexylingerie.com\/es\/servicio-de-venta-de-lenceria\/\">servicio de env\u00edo directo<\/a>, lo que facilita la oferta a sus clientes sin preocuparse por los requisitos m\u00ednimos de pedido.<\/p>\n\n\n\n<p>Introduzca un toque de elegancia divertida a su selecci\u00f3n con nuestro conjunto de camisola de encaje de lunares Midnight. Es la combinaci\u00f3n perfecta de cobertura y revelaci\u00f3n, dise\u00f1ada para quienes aman superponer su encanto. Comun\u00edquese con Greta Sexy Lingerie hoy y perm\u00edtanos ayudarlo a darle un toque de sofisticaci\u00f3n caprichosa a las veladas de sus clientes.<\/p>\n\n\n\n<figure class=\"wp-block-table\">\n<table>\n<tbody>\n<tr>\n<td class=\"has-text-align-center\" colspan=\"4\" data-align=\"center\"><strong>Tabla de tallas (CM)<\/strong><\/td>\n<\/tr>\n<tr>\n<td class=\"has-text-align-center\" data-align=\"center\"><strong>Tama\u00f1o<\/strong><\/td>\n<td class=\"has-text-align-center\" data-align=\"center\"><strong>Busto (cm)<\/strong><\/td>\n<td class=\"has-text-align-center\" data-align=\"center\"><strong>Longitud (cm)<\/strong><\/td>\n<td class=\"has-text-align-center\" data-align=\"center\"><strong>Cintura (cm)<\/strong><\/td>\n<\/tr>\n<tr>\n<td class=\"has-text-align-center\" data-align=\"center\">S<\/td>\n<td class=\"has-text-align-center\" data-align=\"center\">64<\/td>\n<td class=\"has-text-align-center\" data-align=\"center\">50<\/td>\n<td class=\"has-text-align-center\" data-align=\"center\">68<\/td>\n<\/tr>\n<tr>\n<td class=\"has-text-align-center\" data-align=\"center\">METRO<\/td>\n<td class=\"has-text-align-center\" data-align=\"center\">68<\/td>\n<td class=\"has-text-align-center\" data-align=\"center\">51<\/td>\n<td class=\"has-text-align-center\" data-align=\"center\">72<\/td>\n<\/tr>\n<tr>\n<td class=\"has-text-align-center\" data-align=\"center\">L<\/td>\n<td class=\"has-text-align-center\" data-align=\"center\">72<\/td>\n<td class=\"has-text-align-center\" data-align=\"center\">52<\/td>\n<td class=\"has-text-align-center\" data-align=\"center\">76<\/td>\n<\/tr>\n<\/tbody>\n<\/table>\n<\/figure>\n\n\n\n<figure class=\"wp-block-table\">\n<table>\n<tbody>\n<tr>\n<td class=\"has-text-align-center\" colspan=\"4\" data-align=\"center\"><strong>Tabla de tallas (pulgadas)<\/strong><\/td>\n<\/tr>\n<tr>\n<td class=\"has-text-align-center\" data-align=\"center\"><strong>Tama\u00f1o<\/strong><\/td>\n<td class=\"has-text-align-center\" data-align=\"center\"><strong>Busto (en)<\/strong><\/td>\n<td class=\"has-text-align-center\" data-align=\"center\"><strong>Longitud (pulg.)<\/strong><\/td>\n<td class=\"has-text-align-center\" data-align=\"center\"><strong>Cintura (pulg.)<\/strong><\/td>\n<\/tr>\n<tr>\n<td class=\"has-text-align-center\" data-align=\"center\">S<\/td>\n<td class=\"has-text-align-center\" data-align=\"center\">25.20<\/td>\n<td class=\"has-text-align-center\" data-align=\"center\">19.69<\/td>\n<td class=\"has-text-align-center\" data-align=\"center\">26.77<\/td>\n<\/tr>\n<tr>\n<td class=\"has-text-align-center\" data-align=\"center\">METRO<\/td>\n<td class=\"has-text-align-center\" data-align=\"center\">26.77<\/td>\n<td class=\"has-text-align-center\" data-align=\"center\">20.08<\/td>\n<td class=\"has-text-align-center\" data-align=\"center\">28.35<\/td>\n<\/tr>\n<tr>\n<td class=\"has-text-align-center\" data-align=\"center\">L<\/td>\n<td class=\"has-text-align-center\" data-align=\"center\">28.35<\/td>\n<td class=\"has-text-align-center\" data-align=\"center\">20.47<\/td>\n<td class=\"has-text-align-center\" data-align=\"center\">29.92<\/td>\n<\/tr>\n<\/tbody>\n<\/table>\n<\/figure>","protected":false},"excerpt":{"rendered":"<p>Envu\u00e9lvete en el misterio de la noche con esto <strong>camisola negra larga<\/strong> colocar. Adornado con divertidos lunares y encaje envolvente, este <strong>camisola de encaje de manga larga<\/strong> ofrece un encanto coqueto que tiene un atractivo atemporal<\/p>","protected":false},"featured_media":50559,"template":"","meta":[],"product_brand":[],"product_cat":[394,422,367],"product_tag":[507,446,866,865],"class_list":{"0":"post-50573","1":"product","2":"type-product","3":"status-publish","4":"has-post-thumbnail","6":"product_cat-wholesale-mesh-chemise","7":"product_cat-sexy-chemise","8":"product_cat-sexy-lingerie","9":"product_tag-three-pcs-set","10":"product_tag-wholesale-sexy-see-through-lingerie","11":"product_tag-sexy-romper-lingerie","12":"product_tag-sexy-skimpy-lingerie","13":"pa_color-black","14":"pa_size-wholesale-large-size-women-sexy-lingerie","15":"pa_size-wholesale-medium-size-women-sexy-lingerie","16":"pa_size-wholesale-small-size-sexy-lingerie","18":"first","19":"instock","20":"taxable","21":"shipping-taxable","22":"purchasable","23":"product-type-variable"},"tiered_pricing_type":"fixed","tiered_pricing_fixed_rules":[],"tiered_pricing_product_settings":{"layout":"table","base_unit_name":{"singular":null,"plural":null},"default_variation":null},"tiered_pricing_minimum_quantity":null,"tiered_pricing_roles_data":[],"tiered_pricing_percentage_rules":[],"tiered_pricing_maximum_quantity":null,"tiered_pricing_quantity_step":null,"_links":{"self":[{"href":"https:\/\/gretasexylingerie.com\/es\/wp-json\/wp\/v2\/product\/50573","targetHints":{"allow":["GET"]}}],"collection":[{"href":"https:\/\/gretasexylingerie.com\/es\/wp-json\/wp\/v2\/product"}],"about":[{"href":"https:\/\/gretasexylingerie.com\/es\/wp-json\/wp\/v2\/types\/product"}],"wp:featuredmedia":[{"embeddable":true,"href":"https:\/\/gretasexylingerie.com\/es\/wp-json\/wp\/v2\/media\/50559"}],"wp:attachment":[{"href":"https:\/\/gretasexylingerie.com\/es\/wp-json\/wp\/v2\/media?parent=50573"}],"wp:term":[{"taxonomy":"product_brand","embeddable":true,"href":"https:\/\/gretasexylingerie.com\/es\/wp-json\/wp\/v2\/product_brand?post=50573"},{"taxonomy":"product_cat","embeddable":true,"href":"https:\/\/gretasexylingerie.com\/es\/wp-json\/wp\/v2\/product_cat?post=50573"},{"taxonomy":"product_tag","embeddable":true,"href":"https:\/\/gretasexylingerie.com\/es\/wp-json\/wp\/v2\/product_tag?post=50573"}],"curies":[{"name":"Gracias","href":"https:\/\/api.w.org\/{rel}","templated":true}]}}