{"id":50527,"date":"2024-04-16T16:36:46","date_gmt":"2024-04-16T08:36:46","guid":{"rendered":"https:\/\/gretasexylingerie.com\/?post_type=product&#038;p=50527"},"modified":"2024-04-17T00:41:06","modified_gmt":"2024-04-16T16:41:06","slug":"al-por-mayor-conjunto-de-lenceria-de-liga-de-encaje-transparente","status":"publish","type":"product","link":"https:\/\/gretasexylingerie.com\/es\/products\/wholesale-sheer-lace-garter-lingerie-ensemble\/","title":{"rendered":"Conjunto De Lencer\u00eda De Liga De Encaje Transparente al por mayor"},"content":{"rendered":"<p><strong>Encanto transparente<\/strong>: El <strong>sujetador y panty transparentes<\/strong> Est\u00e1n elaborados con encajes intrincados, que ofrecen una visi\u00f3n de un mundo de seducci\u00f3n elegante y al mismo tiempo mantienen un aire de gracia refinada.<\/p>\n\n\n\n<p><strong>Color para cada estado de \u00e1nimo<\/strong>: Con una paleta que va desde la pureza del blanco hasta la intensidad del negro, el romance del rojo, la alegr\u00eda del amarillo y el tono natural del bisque, hay un tono que se adapta a cada estilo y preferencia personal.<\/p>\n\n\n\n<p><strong>Encaje en plena floraci\u00f3n<\/strong>: Los patrones de encaje floral florecen en la tela, brindando un fest\u00edn visual de dise\u00f1o y textura que es tan agradable al tacto como a la vista.<\/p>\n\n\n\n<p><strong>Tirantes que atraen<\/strong>: El liguero a juego no es solo un gui\u00f1o al glamour vintage, sino tambi\u00e9n una pieza funcional que a\u00f1ade una capa extra de atractivo a todo el conjunto.<\/p>\n\n\n\n<p><strong>Servicio perfecto<\/strong>: Este exquisito conjunto de lencer\u00eda est\u00e1 disponible para ordenar a trav\u00e9s de nuestro <a href=\"https:\/\/gretasexylingerie.com\/es\/servicio-de-venta-de-lenceria\/\">servicio de env\u00edo directo<\/a>, lo que garantiza un proceso de compra fluido desde nuestro almac\u00e9n hasta el caj\u00f3n de su cliente sin cantidad m\u00ednima de pedido, perfecto para almacenar una variedad de colores.<\/p>\n\n\n\n<p>Crea una exhibici\u00f3n impresionante con este <strong>conjunto de lencer\u00eda con liga de encaje transparente<\/strong>, ofreciendo un sabor de opulencia y la promesa de encanto. As\u00f3ciese con Greta Sexy Lingerie para obtener una selecci\u00f3n que rezuma lujo en cada hilo. A\u00f1ade esta pieza imprescindible a tu oferta y cautiva a tus clientes con el encanto del encaje.<\/p>\n\n\n\n<figure class=\"wp-block-table\">\n<table>\n<tbody>\n<tr>\n<td class=\"has-text-align-center\" data-align=\"center\" colspan=\"7\"><strong>Tabla de tallas (CM)<\/strong><\/td>\n<\/tr>\n<tr>\n<td class=\"has-text-align-center\" data-align=\"center\"><strong>Tama\u00f1o<\/strong><\/td>\n<td class=\"has-text-align-center\" data-align=\"center\"><strong>Bajo pecho (cm)<\/strong><\/td>\n<td class=\"has-text-align-center\" data-align=\"center\"><strong>Altura de la copa (cm)<\/strong><\/td>\n<td class=\"has-text-align-center\" data-align=\"center\"><strong>Cintura (cm)<\/strong><\/td>\n<td class=\"has-text-align-center\" data-align=\"center\"><strong>Cintura (cm)<\/strong><\/td>\n<td class=\"has-text-align-center\" data-align=\"center\"><strong>Longitud (cm)<\/strong><\/td>\n<td class=\"has-text-align-center\" data-align=\"center\"><strong>Peso (cm)<\/strong><\/td>\n<\/tr>\n<tr>\n<td class=\"has-text-align-center\" data-align=\"center\">S<\/td>\n<td class=\"has-text-align-center\" data-align=\"center\">69-86<\/td>\n<td class=\"has-text-align-center\" data-align=\"center\">14.6<\/td>\n<td class=\"has-text-align-center\" data-align=\"center\">62<\/td>\n<td class=\"has-text-align-center\" data-align=\"center\">69<\/td>\n<td class=\"has-text-align-center\" data-align=\"center\">21<\/td>\n<td class=\"has-text-align-center\" data-align=\"center\">113<\/td>\n<\/tr>\n<tr>\n<td class=\"has-text-align-center\" data-align=\"center\">METRO<\/td>\n<td class=\"has-text-align-center\" data-align=\"center\">73-90<\/td>\n<td class=\"has-text-align-center\" data-align=\"center\">15.5<\/td>\n<td class=\"has-text-align-center\" data-align=\"center\">66<\/td>\n<td class=\"has-text-align-center\" data-align=\"center\">73<\/td>\n<td class=\"has-text-align-center\" data-align=\"center\">22<\/td>\n<td class=\"has-text-align-center\" data-align=\"center\">115<\/td>\n<\/tr>\n<tr>\n<td class=\"has-text-align-center\" data-align=\"center\">L<\/td>\n<td class=\"has-text-align-center\" data-align=\"center\">77-94<\/td>\n<td class=\"has-text-align-center\" data-align=\"center\">16.5<\/td>\n<td class=\"has-text-align-center\" data-align=\"center\">70<\/td>\n<td class=\"has-text-align-center\" data-align=\"center\">77<\/td>\n<td class=\"has-text-align-center\" data-align=\"center\">23<\/td>\n<td class=\"has-text-align-center\" data-align=\"center\">117<\/td>\n<\/tr>\n<\/tbody>\n<\/table>\n<\/figure>\n\n\n\n<figure class=\"wp-block-table\">\n<table>\n<tbody>\n<tr>\n<td class=\"has-text-align-center\" data-align=\"center\" colspan=\"7\"><strong>Tabla de tallas (pulgadas)<\/strong><\/td>\n<\/tr>\n<tr>\n<td class=\"has-text-align-center\" data-align=\"center\"><strong>Tama\u00f1o<\/strong><\/td>\n<td class=\"has-text-align-center\" data-align=\"center\"><strong>Bajo pecho (pulg.)<\/strong><\/td>\n<td class=\"has-text-align-center\" data-align=\"center\"><strong>Altura de la copa (pulg.)<\/strong><\/td>\n<td class=\"has-text-align-center\" data-align=\"center\"><strong>Pretina (pulg.)<\/strong><\/td>\n<td class=\"has-text-align-center\" data-align=\"center\"><strong>Cintura (pulg.)<\/strong><\/td>\n<td class=\"has-text-align-center\" data-align=\"center\"><strong>Longitud (pulg.)<\/strong><\/td>\n<td class=\"has-text-align-center\" data-align=\"center\"><strong>En peso)<\/strong><\/td>\n<\/tr>\n<tr>\n<td class=\"has-text-align-center\" data-align=\"center\">S<\/td>\n<td class=\"has-text-align-center\" data-align=\"center\">27.17-33.86<\/td>\n<td class=\"has-text-align-center\" data-align=\"center\">5.75<\/td>\n<td class=\"has-text-align-center\" data-align=\"center\">24.41<\/td>\n<td class=\"has-text-align-center\" data-align=\"center\">27.17<\/td>\n<td class=\"has-text-align-center\" data-align=\"center\">8.27<\/td>\n<td class=\"has-text-align-center\" data-align=\"center\">44.49<\/td>\n<\/tr>\n<tr>\n<td class=\"has-text-align-center\" data-align=\"center\">METRO<\/td>\n<td class=\"has-text-align-center\" data-align=\"center\">28.74-35.43<\/td>\n<td class=\"has-text-align-center\" data-align=\"center\">6.10<\/td>\n<td class=\"has-text-align-center\" data-align=\"center\">25.98<\/td>\n<td class=\"has-text-align-center\" data-align=\"center\">28.74<\/td>\n<td class=\"has-text-align-center\" data-align=\"center\">8.66<\/td>\n<td class=\"has-text-align-center\" data-align=\"center\">45.28<\/td>\n<\/tr>\n<tr>\n<td class=\"has-text-align-center\" data-align=\"center\">L<\/td>\n<td class=\"has-text-align-center\" data-align=\"center\">30.31-37.01<\/td>\n<td class=\"has-text-align-center\" data-align=\"center\">6.50<\/td>\n<td class=\"has-text-align-center\" data-align=\"center\">27.56<\/td>\n<td class=\"has-text-align-center\" data-align=\"center\">30.31<\/td>\n<td class=\"has-text-align-center\" data-align=\"center\">9.06<\/td>\n<td class=\"has-text-align-center\" data-align=\"center\">46.06<\/td>\n<\/tr>\n<\/tbody>\n<\/table>\n<\/figure>","protected":false},"excerpt":{"rendered":"<p>Del\u00e9itese con el delicado arte de nuestro <strong>conjunto de sujetador panty elegante<\/strong>, que presenta un conjunto transparente adornado con encaje que aporta un toque de sofisticaci\u00f3n a cualquier colecci\u00f3n \u00edntima. Este <strong>conjunto de liga de encaje<\/strong> es una celebraci\u00f3n de la belleza cl\u00e1sica y el encanto moderno.<\/p>","protected":false},"featured_media":50516,"template":"","meta":[],"product_brand":[],"product_cat":[368,367,375],"product_tag":[507,452,875,524,446,865],"class_list":{"0":"post-50527","1":"product","2":"type-product","3":"status-publish","4":"has-post-thumbnail","6":"product_cat-bra-panty-set","7":"product_cat-sexy-lingerie","8":"product_cat-whoelsale-sheer-bra-and-panty-sets","9":"product_tag-three-pcs-set","10":"product_tag-wholesale-boudoir-lingerie","11":"product_tag-lace-sexy-lingerie","12":"product_tag-metal-lingerie","13":"product_tag-wholesale-sexy-see-through-lingerie","14":"product_tag-sexy-skimpy-lingerie","15":"pa_color-bisque-women-sexy-lingerie","16":"pa_color-black","17":"pa_color-red-women-sexy-lingerie","18":"pa_color-white","19":"pa_color-yellow","20":"pa_size-wholesale-large-size-women-sexy-lingerie","21":"pa_size-wholesale-medium-size-women-sexy-lingerie","22":"pa_size-wholesale-small-size-sexy-lingerie","24":"first","25":"instock","26":"taxable","27":"shipping-taxable","28":"purchasable","29":"product-type-variable"},"tiered_pricing_type":"fixed","tiered_pricing_fixed_rules":[],"tiered_pricing_product_settings":{"layout":"table","base_unit_name":{"singular":null,"plural":null},"default_variation":null},"tiered_pricing_minimum_quantity":null,"tiered_pricing_roles_data":[],"tiered_pricing_percentage_rules":[],"tiered_pricing_maximum_quantity":null,"tiered_pricing_quantity_step":null,"_links":{"self":[{"href":"https:\/\/gretasexylingerie.com\/es\/wp-json\/wp\/v2\/product\/50527","targetHints":{"allow":["GET"]}}],"collection":[{"href":"https:\/\/gretasexylingerie.com\/es\/wp-json\/wp\/v2\/product"}],"about":[{"href":"https:\/\/gretasexylingerie.com\/es\/wp-json\/wp\/v2\/types\/product"}],"wp:featuredmedia":[{"embeddable":true,"href":"https:\/\/gretasexylingerie.com\/es\/wp-json\/wp\/v2\/media\/50516"}],"wp:attachment":[{"href":"https:\/\/gretasexylingerie.com\/es\/wp-json\/wp\/v2\/media?parent=50527"}],"wp:term":[{"taxonomy":"product_brand","embeddable":true,"href":"https:\/\/gretasexylingerie.com\/es\/wp-json\/wp\/v2\/product_brand?post=50527"},{"taxonomy":"product_cat","embeddable":true,"href":"https:\/\/gretasexylingerie.com\/es\/wp-json\/wp\/v2\/product_cat?post=50527"},{"taxonomy":"product_tag","embeddable":true,"href":"https:\/\/gretasexylingerie.com\/es\/wp-json\/wp\/v2\/product_tag?post=50527"}],"curies":[{"name":"Gracias","href":"https:\/\/api.w.org\/{rel}","templated":true}]}}