{"id":50340,"date":"2024-03-29T20:28:04","date_gmt":"2024-03-29T12:28:04","guid":{"rendered":"https:\/\/gretasexylingerie.com\/?post_type=product&#038;p=50340"},"modified":"2024-03-29T21:29:45","modified_gmt":"2024-03-29T13:29:45","slug":"al-por-mayor-conjunto-de-lenceria-con-arnes-de-cadena-de-tiras","status":"publish","type":"product","link":"https:\/\/gretasexylingerie.com\/es\/products\/wholesale-strappy-chain-harness-lingerie-set\/","title":{"rendered":"Conjunto De Lencer\u00eda De Arn\u00e9s De Cadena De Tiras al por mayor"},"content":{"rendered":"<p><strong>Geometr\u00eda Sensual<\/strong>: Este conjunto es una clase magistral de encanto vanguardista, con sus correas geom\u00e9tricas de cuero y cadenas interconectadas que crean un impacto visual impresionante.<\/p>\n\n\n\n<p><strong>Majestad Met\u00e1lica<\/strong>: El sujetador con arn\u00e9s de cadena no es s\u00f3lo un accesorio; es la pieza central, dise\u00f1ada para brillar con movimiento y cautivar con su intrincado dise\u00f1o.<\/p>\n\n\n\n<p><strong>Cuero de lujo<\/strong>: Elaborada por expertos con cuero flexible, cada correa de este <strong>lencer\u00eda de arn\u00e9s de cuerpo de cuero<\/strong> El conjunto envuelve la forma en lujo, prometiendo comodidad y gran dramatismo.<\/p>\n\n\n\n<p><strong>Libera la confianza<\/strong>: M\u00e1s que lencer\u00eda, este conjunto es una pieza llamativa que permite a quienes lo usan abrazar su personalidad m\u00e1s segura y audaz.<\/p>\n\n\n\n<p><strong>Mostrar con orgullo<\/strong>: Ofrecido como parte de nuestro completo <a href=\"https:\/\/gretasexylingerie.com\/es\/servicio-de-venta-de-lenceria\/\">servicio de env\u00edo directo<\/a>, este conjunto es imprescindible para cualquier boutique que busque ofrecer lo m\u00e1ximo en dise\u00f1o de lencer\u00eda contempor\u00e1nea sin cantidades m\u00ednimas de pedido.<\/p>\n\n\n\n<p>Crea una colecci\u00f3n que hable de moda intr\u00e9pida con nuestro <strong>conjunto de lencer\u00eda con tiras<\/strong>. Invite a sus clientes a envolverse en el arte de la seducci\u00f3n con este exclusivo conjunto de arn\u00e9s de cadena. Con Greta Sexy Lingerie, cada pieza es una promesa de innovaci\u00f3n e intriga. Abastecete ahora y deja que tus clientes se conviertan en artesanos de su propio encanto.<\/p>","protected":false},"excerpt":{"rendered":"<p>Esculpe una silueta atrevida con este <strong>conjunto de lencer\u00eda con tiras<\/strong>, adornado con un sujetador tipo arn\u00e9s de cadena en cascada. Esta lencer\u00eda con arn\u00e9s corporal de cuero es una sinfon\u00eda de l\u00edneas atrevidas y detalles met\u00e1licos, dise\u00f1ada para quienes son el centro de atenci\u00f3n.<\/p>","protected":false},"featured_media":50334,"template":"","meta":[],"product_brand":[],"product_cat":[380,377,367,1059,1060],"product_tag":[452,448,453,504],"class_list":{"0":"post-50340","1":"product","2":"type-product","3":"status-publish","4":"has-post-thumbnail","6":"product_cat-wholesale-harness-bra-and-panty-set","7":"product_cat-harness-lingerie","8":"product_cat-sexy-lingerie","9":"product_cat-wholesale-bondage-equipment","10":"product_cat-wholesale-bondage-lingerie","11":"product_tag-wholesale-boudoir-lingerie","12":"product_tag-wholesale-elegant-sexy-lingerie","13":"product_tag-wholesale-sexy-naughty-lingerie","14":"product_tag-ultra-sexy","15":"pa_color-black","16":"pa_size-free","18":"first","19":"instock","20":"taxable","21":"shipping-taxable","22":"purchasable","23":"product-type-variable"},"tiered_pricing_type":"fixed","tiered_pricing_fixed_rules":[],"tiered_pricing_product_settings":{"layout":"table","base_unit_name":{"singular":null,"plural":null},"default_variation":null},"tiered_pricing_minimum_quantity":null,"tiered_pricing_roles_data":[],"tiered_pricing_percentage_rules":[],"tiered_pricing_maximum_quantity":null,"tiered_pricing_quantity_step":null,"_links":{"self":[{"href":"https:\/\/gretasexylingerie.com\/es\/wp-json\/wp\/v2\/product\/50340","targetHints":{"allow":["GET"]}}],"collection":[{"href":"https:\/\/gretasexylingerie.com\/es\/wp-json\/wp\/v2\/product"}],"about":[{"href":"https:\/\/gretasexylingerie.com\/es\/wp-json\/wp\/v2\/types\/product"}],"wp:featuredmedia":[{"embeddable":true,"href":"https:\/\/gretasexylingerie.com\/es\/wp-json\/wp\/v2\/media\/50334"}],"wp:attachment":[{"href":"https:\/\/gretasexylingerie.com\/es\/wp-json\/wp\/v2\/media?parent=50340"}],"wp:term":[{"taxonomy":"product_brand","embeddable":true,"href":"https:\/\/gretasexylingerie.com\/es\/wp-json\/wp\/v2\/product_brand?post=50340"},{"taxonomy":"product_cat","embeddable":true,"href":"https:\/\/gretasexylingerie.com\/es\/wp-json\/wp\/v2\/product_cat?post=50340"},{"taxonomy":"product_tag","embeddable":true,"href":"https:\/\/gretasexylingerie.com\/es\/wp-json\/wp\/v2\/product_tag?post=50340"}],"curies":[{"name":"Gracias","href":"https:\/\/api.w.org\/{rel}","templated":true}]}}