{"id":50302,"date":"2024-03-29T20:25:55","date_gmt":"2024-03-29T12:25:55","guid":{"rendered":"https:\/\/gretasexylingerie.com\/?post_type=product&#038;p=50302"},"modified":"2024-03-29T21:08:09","modified_gmt":"2024-03-29T13:08:09","slug":"al-por-mayor-conjunto-de-vestido-de-lenceria-de-polipiel-rojo","status":"publish","type":"product","link":"https:\/\/gretasexylingerie.com\/es\/products\/wholesale-red-leatherette-lingerie-dress-ensemble\/","title":{"rendered":"Conjunto De Vestido De Lencer\u00eda De Polipiel Roja al por mayor"},"content":{"rendered":"<p><strong>Elegancia audaz<\/strong>: Este <strong>conjunto de vestido de lenceria<\/strong> irradia confianza con su acabado rojo brillante y su corte atrevido, dise\u00f1ado para resaltar las curvas y cautivar los sentidos.<\/p>\n\n\n\n<p><strong>Aspecto de cuero lujoso.<\/strong>: Elaborado con un material de cuero sint\u00e9tico de alta calidad, este conjunto ofrece el aspecto vanguardista del cuero con la comodidad de la lencer\u00eda, lo que lo convierte en una declaraci\u00f3n y un elemento b\u00e1sico.<\/p>\n\n\n\n<p><strong>Deslumbrante en rojo<\/strong>: El tono rojo vibrante de este conjunto es espectacular y garantiza que cualquiera que lo use ser\u00e1 el centro de atenci\u00f3n.<\/p>\n\n\n\n<p><strong>Versatilidad inigualable<\/strong>: Este conjunto de dos piezas es tan vers\u00e1til como vivaz, perfecto para un encuentro \u00edntimo o como prenda interior atrevida para una noche de fiesta.<\/p>\n\n\n\n<p><strong>Listo para el negocio<\/strong>: Dise\u00f1ado pensando en los minoristas, este conjunto es f\u00e1cil de almacenar y vender gracias a nuestra <a href=\"https:\/\/gretasexylingerie.com\/es\/servicio-de-venta-de-lenceria\/\">servicio de env\u00edo directo<\/a>, completo con opciones de marca personalizadas y sin cantidad m\u00ednima de pedido.<\/p>\n\n\n\n<p>Llamada a la acci\u00f3n:<br>Eleve su surtido con nuestro sorprendente <strong>conjunto de lenceria de cuero<\/strong> y deje que sus clientes disfruten de la combinaci\u00f3n definitiva de audacia y deleite. Con Greta Sexy Lingerie, no solo est\u00e1s vendiendo un conjunto; est\u00e1s ofreciendo una experiencia. Aprovecha el poder de atracci\u00f3n con nuestros conjuntos de alta calidad y deja que nuestros perfectos <a href=\"https:\/\/gretasexylingerie.com\/es\/lenceria-al-por-mayor\/\">servicio mayorista<\/a> apoyar el crecimiento de su negocio. Haga su pedido ahora y establezca el est\u00e1ndar de elegancia seductora.<\/p>","protected":false},"excerpt":{"rendered":"<p>Enciende la noche con este fuego <strong>conjunto de lenceria sexy rojo<\/strong>, una combinaci\u00f3n audaz de brillo similar al cuero y dise\u00f1o lujoso. Imprescindible para una tentadora colecci\u00f3n de lencer\u00eda de cuero, dise\u00f1ada para cautivar y seducir.<\/p>","protected":false},"featured_media":50296,"template":"","meta":[],"product_brand":[],"product_cat":[368,367],"product_tag":[448],"class_list":{"0":"post-50302","1":"product","2":"type-product","3":"status-publish","4":"has-post-thumbnail","6":"product_cat-bra-panty-set","7":"product_cat-sexy-lingerie","8":"product_tag-wholesale-elegant-sexy-lingerie","9":"pa_color-red-women-sexy-lingerie","10":"pa_size-free","12":"first","13":"instock","14":"taxable","15":"shipping-taxable","16":"purchasable","17":"product-type-variable"},"tiered_pricing_type":"fixed","tiered_pricing_fixed_rules":[],"tiered_pricing_product_settings":{"layout":"table","base_unit_name":{"singular":null,"plural":null},"default_variation":null},"tiered_pricing_minimum_quantity":null,"tiered_pricing_roles_data":[],"tiered_pricing_percentage_rules":[],"tiered_pricing_maximum_quantity":null,"tiered_pricing_quantity_step":null,"_links":{"self":[{"href":"https:\/\/gretasexylingerie.com\/es\/wp-json\/wp\/v2\/product\/50302","targetHints":{"allow":["GET"]}}],"collection":[{"href":"https:\/\/gretasexylingerie.com\/es\/wp-json\/wp\/v2\/product"}],"about":[{"href":"https:\/\/gretasexylingerie.com\/es\/wp-json\/wp\/v2\/types\/product"}],"wp:featuredmedia":[{"embeddable":true,"href":"https:\/\/gretasexylingerie.com\/es\/wp-json\/wp\/v2\/media\/50296"}],"wp:attachment":[{"href":"https:\/\/gretasexylingerie.com\/es\/wp-json\/wp\/v2\/media?parent=50302"}],"wp:term":[{"taxonomy":"product_brand","embeddable":true,"href":"https:\/\/gretasexylingerie.com\/es\/wp-json\/wp\/v2\/product_brand?post=50302"},{"taxonomy":"product_cat","embeddable":true,"href":"https:\/\/gretasexylingerie.com\/es\/wp-json\/wp\/v2\/product_cat?post=50302"},{"taxonomy":"product_tag","embeddable":true,"href":"https:\/\/gretasexylingerie.com\/es\/wp-json\/wp\/v2\/product_tag?post=50302"}],"curies":[{"name":"Gracias","href":"https:\/\/api.w.org\/{rel}","templated":true}]}}