{"id":50113,"date":"2024-03-25T13:27:00","date_gmt":"2024-03-25T05:27:00","guid":{"rendered":"https:\/\/gretasexylingerie.com\/?post_type=product&#038;p=50113"},"modified":"2024-03-25T23:22:49","modified_gmt":"2024-03-25T15:22:49","slug":"mascara-de-bondage-sexy-al-por-mayor-con-capucha-de-cuero-dominatrix","status":"publish","type":"product","link":"https:\/\/gretasexylingerie.com\/es\/products\/wholesale-sexy-bondage-mask-with-leather-dominatrix-hood\/","title":{"rendered":"M\u00e1scara de esclavitud sexy al por mayor con capucha de cuero Dominatrix"},"content":{"rendered":"<p><strong>Capucha con los ojos vendados de cuero negro<\/strong>: Confeccionada con cuero negro de primera calidad, esta capucha ofrece una experiencia inmersiva de privaci\u00f3n sensorial. Su elegante dise\u00f1o no s\u00f3lo realza los sentidos sino que tambi\u00e9n a\u00f1ade un toque de elegancia a tu <strong>m\u00e1scara de dominatriz de cuero<\/strong> recopilaci\u00f3n.<\/p>\n\n\n\n<p><strong>M\u00e1scara de ojos desmontable<\/strong>: El juego incluye una m\u00e1scara para los ojos desmontable, que permite niveles personalizables de control sensorial. Esta caracter\u00edstica vers\u00e1til es perfecta para aquellos que desean flexibilidad en su juego, lo que la convierte en una opci\u00f3n destacada para <strong>m\u00e1scara de esclavitud sexy<\/strong> entusiastas.<\/p>\n\n\n\n<p><strong>Cuello ajustable<\/strong>: El cuello ajustable garantiza un ajuste c\u00f3modo y seguro, mejorando la experiencia general. Decorado con remaches, a\u00f1ade un toque atrevido al conjunto y encarna la esencia de <strong>esclavitud de m\u00e1scara de gas<\/strong> est\u00e9tica.<\/p>\n\n\n\n<p><strong>Mordaza de boca redonda decorada con remaches<\/strong>: La mordaza redonda, adornada con remaches, ofrece atractivo est\u00e9tico y funcionalidad. Est\u00e1 dise\u00f1ado para mantener la boca abierta del usuario, a\u00f1adiendo un nivel de dominio y sumisi\u00f3n a la experiencia.<\/p>\n\n\n\n<p><strong>Durable y c\u00f3modo<\/strong>: Fabricado pensando en la durabilidad y la comodidad, este conjunto es adecuado para un uso prolongado durante las sesiones. El material de cuero de alta calidad garantiza longevidad y facilidad de mantenimiento.<\/p>\n\n\n\n<p><strong>Perfecto para entusiastas del BDSM<\/strong>: Este conjunto completo es ideal para los entusiastas del BDSM que buscan explorar la dominaci\u00f3n y la sumisi\u00f3n. Es imprescindible para cualquier colecci\u00f3n y ofrece una experiencia sofisticada e intensa.<\/p>","protected":false},"excerpt":{"rendered":"<p>Abraza el oscuro encanto de nuestra <strong>m\u00e1scara de esclavitud sexy<\/strong>, un conjunto completo que incluye una capucha de cuero negro con los ojos vendados, un antifaz, un collar y una mordaza redonda decorada con remaches.<\/p>","protected":false},"featured_media":50106,"template":"","meta":[],"product_brand":[],"product_cat":[1063,1059],"product_tag":[],"class_list":{"0":"post-50113","1":"product","2":"type-product","3":"status-publish","4":"has-post-thumbnail","6":"product_cat-wholesale-bdsm-mask-blindfold","7":"product_cat-wholesale-bondage-equipment","8":"pa_color-black","9":"pa_size-free","11":"first","12":"instock","13":"taxable","14":"shipping-taxable","15":"purchasable","16":"product-type-variable"},"tiered_pricing_type":"fixed","tiered_pricing_fixed_rules":[],"tiered_pricing_product_settings":{"layout":"table","base_unit_name":{"singular":null,"plural":null},"default_variation":null},"tiered_pricing_minimum_quantity":null,"tiered_pricing_roles_data":[],"tiered_pricing_percentage_rules":[],"tiered_pricing_maximum_quantity":null,"tiered_pricing_quantity_step":null,"_links":{"self":[{"href":"https:\/\/gretasexylingerie.com\/es\/wp-json\/wp\/v2\/product\/50113","targetHints":{"allow":["GET"]}}],"collection":[{"href":"https:\/\/gretasexylingerie.com\/es\/wp-json\/wp\/v2\/product"}],"about":[{"href":"https:\/\/gretasexylingerie.com\/es\/wp-json\/wp\/v2\/types\/product"}],"wp:featuredmedia":[{"embeddable":true,"href":"https:\/\/gretasexylingerie.com\/es\/wp-json\/wp\/v2\/media\/50106"}],"wp:attachment":[{"href":"https:\/\/gretasexylingerie.com\/es\/wp-json\/wp\/v2\/media?parent=50113"}],"wp:term":[{"taxonomy":"product_brand","embeddable":true,"href":"https:\/\/gretasexylingerie.com\/es\/wp-json\/wp\/v2\/product_brand?post=50113"},{"taxonomy":"product_cat","embeddable":true,"href":"https:\/\/gretasexylingerie.com\/es\/wp-json\/wp\/v2\/product_cat?post=50113"},{"taxonomy":"product_tag","embeddable":true,"href":"https:\/\/gretasexylingerie.com\/es\/wp-json\/wp\/v2\/product_tag?post=50113"}],"curies":[{"name":"Gracias","href":"https:\/\/api.w.org\/{rel}","templated":true}]}}