{"id":50075,"date":"2024-03-25T13:25:04","date_gmt":"2024-03-25T05:25:04","guid":{"rendered":"https:\/\/gretasexylingerie.com\/?post_type=product&#038;p=50075"},"modified":"2024-03-25T23:12:14","modified_gmt":"2024-03-25T15:12:14","slug":"al-por-mayor-juguete-flogger-de-latigo-de-cuero-sm","status":"publish","type":"product","link":"https:\/\/gretasexylingerie.com\/es\/products\/wholesale-sm-leather-whip-flogger-toy\/","title":{"rendered":"Juguete Flogger De L\u00e1tigo De Cuero SM al por mayor"},"content":{"rendered":"<p><strong>Mango trenzado para un mejor agarre<\/strong>: El mango meticulosamente trenzado no solo aumenta el atractivo est\u00e9tico de nuestro l\u00e1tigo sino que tambi\u00e9n proporciona un agarre mejorado para un control preciso. Este elemento de dise\u00f1o es crucial para quienes buscan la <strong>mejores juguetes de nalgadas<\/strong> que ofrecen estilo y funcionalidad.<\/p>\n\n\n\n<p><strong>Dise\u00f1o de l\u00e1tigo con borlas para uso din\u00e1mico<\/strong>: El extremo del l\u00e1tigo con borla introduce un uso din\u00e1mico y vers\u00e1til, permitiendo una variedad de sensaciones desde suaves caricias hasta impactos m\u00e1s intensos. Esta caracter\u00edstica la convierte en una opci\u00f3n popular entre los entusiastas que buscan <strong>juguetes flogger<\/strong> que puede satisfacer diversas preferencias.<\/p>\n\n\n\n<p><strong>Cuero PU de primera calidad para mayor durabilidad<\/strong>: Elaborado con cuero PU de alta calidad, este l\u00e1tigo est\u00e1 dise\u00f1ado para brindar durabilidad y longevidad. La elecci\u00f3n del material garantiza que el l\u00e1tigo pueda soportar un uso riguroso manteniendo su integridad y apariencia, lo que resulta atractivo para quienes buscan algo confiable. <strong>azotar cuero<\/strong> productos.<\/p>\n\n\n\n<p><strong>Disponible en colores llamativos<\/strong>: Ofrecido en un llamativo negro, as\u00ed como en una atrevida combinaci\u00f3n de rojo y negro, este l\u00e1tigo se adapta a diferentes gustos y estilos. Las opciones de color a\u00f1aden un elemento visual a la experiencia sensorial, haciendo que cada sesi\u00f3n sea \u00fanica y memorable.<\/p>\n\n\n\n<p><strong>Perfecto para juegos diversos<\/strong>: Ya sea para principiantes que exploran nuevas experiencias o para entusiastas experimentados que ampl\u00edan su colecci\u00f3n, este l\u00e1tigo de cuero se adapta a una amplia gama de escenarios de juego. Su versatilidad y calidad lo convierten en un imprescindible en cualquier colecci\u00f3n de <strong>juguetes de nalgadas<\/strong>.<\/p>\n\n\n\n<p>Entra en un mundo de sensaciones estimulantes con nuestro l\u00e1tigo de cuero SM. Su combinaci\u00f3n de estilo, funcionalidad y calidad artesanal lo convierte en una adici\u00f3n destacada a cualquier colecci\u00f3n. \u00a1Haz tu pedido ahora y ofrece a tus clientes la herramienta definitiva para la exploraci\u00f3n y el placer!<\/p>","protected":false},"excerpt":{"rendered":"<p>Desata la emoci\u00f3n con nuestro <strong>L\u00e1tigo de cuero SM<\/strong>, con un mango trenzado y un dise\u00f1o de l\u00e1tigo con borla, confeccionado con cuero PU de primera calidad en opciones de negro intenso y rojo y negro.<\/p>","protected":false},"featured_media":50067,"template":"","meta":[],"product_brand":[],"product_cat":[1059,1067],"product_tag":[],"class_list":{"0":"post-50075","1":"product","2":"type-product","3":"status-publish","4":"has-post-thumbnail","6":"product_cat-wholesale-bondage-equipment","7":"product_cat-wholesale-spanking-whips-paddles","8":"pa_color-black","9":"pa_color-red-women-sexy-lingerie","10":"pa_size-free","12":"first","13":"instock","14":"taxable","15":"shipping-taxable","16":"purchasable","17":"product-type-variable"},"tiered_pricing_type":"fixed","tiered_pricing_fixed_rules":[],"tiered_pricing_product_settings":{"layout":"table","base_unit_name":{"singular":null,"plural":null},"default_variation":null},"tiered_pricing_minimum_quantity":null,"tiered_pricing_roles_data":[],"tiered_pricing_percentage_rules":[],"tiered_pricing_maximum_quantity":null,"tiered_pricing_quantity_step":null,"_links":{"self":[{"href":"https:\/\/gretasexylingerie.com\/es\/wp-json\/wp\/v2\/product\/50075","targetHints":{"allow":["GET"]}}],"collection":[{"href":"https:\/\/gretasexylingerie.com\/es\/wp-json\/wp\/v2\/product"}],"about":[{"href":"https:\/\/gretasexylingerie.com\/es\/wp-json\/wp\/v2\/types\/product"}],"wp:featuredmedia":[{"embeddable":true,"href":"https:\/\/gretasexylingerie.com\/es\/wp-json\/wp\/v2\/media\/50067"}],"wp:attachment":[{"href":"https:\/\/gretasexylingerie.com\/es\/wp-json\/wp\/v2\/media?parent=50075"}],"wp:term":[{"taxonomy":"product_brand","embeddable":true,"href":"https:\/\/gretasexylingerie.com\/es\/wp-json\/wp\/v2\/product_brand?post=50075"},{"taxonomy":"product_cat","embeddable":true,"href":"https:\/\/gretasexylingerie.com\/es\/wp-json\/wp\/v2\/product_cat?post=50075"},{"taxonomy":"product_tag","embeddable":true,"href":"https:\/\/gretasexylingerie.com\/es\/wp-json\/wp\/v2\/product_tag?post=50075"}],"curies":[{"name":"Gracias","href":"https:\/\/api.w.org\/{rel}","templated":true}]}}