{"id":50040,"date":"2024-03-25T13:23:13","date_gmt":"2024-03-25T05:23:13","guid":{"rendered":"https:\/\/gretasexylingerie.com\/?post_type=product&#038;p=50040"},"modified":"2024-03-25T22:57:10","modified_gmt":"2024-03-25T14:57:10","slug":"al-por-mayor-collar-bondage-de-cuero-con-clips-para-pezones","status":"publish","type":"product","link":"https:\/\/gretasexylingerie.com\/es\/products\/wholesale-leather-bondage-collar-with-nipple-clips\/","title":{"rendered":"Collar Bondage De Cuero Al Por Mayor Con Pinzas Para Pezones"},"content":{"rendered":"<p><strong>Dise\u00f1o de una pieza<\/strong>: Este juego de collar SM y pinza para pezones ofrece un dise\u00f1o de una sola pieza sin costuras, lo que garantiza una est\u00e9tica cohesiva y potente. La integraci\u00f3n del collar con las pinzas para pezones a trav\u00e9s de una cadena de metal proporciona una l\u00ednea ininterrumpida de control y sensaci\u00f3n, lo que lo convierte en una opci\u00f3n perfecta para quienes adoptan un <strong>collar sumiso femenino<\/strong> role.<\/p>\n\n\n\n<p><strong>Collar de material PU<\/strong>: Elaborado con material de PU de alta calidad, el collar ofrece la apariencia lujosa del cuero y, al mismo tiempo, es duradero y c\u00f3modo para un uso prolongado. Su di\u00e1metro de 14,5 cm garantiza un ajuste perfecto para la mayor\u00eda, lo que lo convierte en un accesorio pr\u00e1ctico y elegante para el juego BDSM.<\/p>\n\n\n\n<p><strong>Clip de pez\u00f3n de cadena de metal<\/strong>: La cadena de metal de 37 cm de largo se conecta a clips para pezones y ofrece una presi\u00f3n ajustable para una variedad de sensaciones. Esta caracter\u00edstica est\u00e1 dirigida a los entusiastas de <strong>pez\u00f3n pinza para la ropa<\/strong> juego, proporcionando atractivo visual y versatilidad funcional.<\/p>\n\n\n\n<p><strong>Opciones de colores vibrantes<\/strong>: Con opciones en negro, rojo y rosa, este juego de clip para collar y pez\u00f3n puede adaptarse a preferencias personales o escenarios de juego, lo que permite la personalizaci\u00f3n en experiencias BDSM.<\/p>\n\n\n\n<p><strong>Perfecto para colecciones BDSM.<\/strong>: Ideal para a\u00f1adir un toque especial a cualquier colecci\u00f3n de BDSM, este conjunto atrae tanto a principiantes como a practicantes experimentados. Su dise\u00f1o \u00fanico y versatilidad funcional lo convierten en una incorporaci\u00f3n destacada, que ofrece a los usuarios una combinaci\u00f3n de estilo, control y exploraci\u00f3n sensorial.<\/p>\n\n\n\n<p>Mejora tu equipo BDSM con nuestro juego de collar bondage de cuero y pinza para pezones. Su dise\u00f1o \u00fanico de una sola pieza, sus materiales de calidad y sus caracter\u00edsticas funcionales lo convierten en una herramienta imprescindible para cualquiera que busque mejorar su juego sumiso o dominante. \u00a1Haz tu pedido ahora y ofrece a tus clientes un accesorio que combine un placer intenso con una est\u00e9tica llamativa!<\/p>","protected":false},"excerpt":{"rendered":"<p>Presentamos nuestro <strong>collar bondage de cuero<\/strong> con clips para pezones de cadena de metal integrados, un atrevido dise\u00f1o de una sola pieza para la mejor experiencia sumisa. Disponible en negro, rojo y rosa, combina estilo con placer intenso.<\/p>","protected":false},"featured_media":50027,"template":"","meta":[],"product_brand":[],"product_cat":[1059,1066,1062],"product_tag":[],"class_list":{"0":"post-50040","1":"product","2":"type-product","3":"status-publish","4":"has-post-thumbnail","6":"product_cat-wholesale-bondage-equipment","7":"product_cat-handcuffs-bondage-collars-ankle-strap","8":"product_cat-wholesale-labia-nipple-clamps","9":"pa_color-black","10":"pa_color-pink-women-sexy-lingerie","11":"pa_color-red-women-sexy-lingerie","12":"pa_size-free","14":"first","15":"instock","16":"taxable","17":"shipping-taxable","18":"purchasable","19":"product-type-variable"},"tiered_pricing_type":"fixed","tiered_pricing_fixed_rules":[],"tiered_pricing_product_settings":{"layout":"table","base_unit_name":{"singular":null,"plural":null},"default_variation":null},"tiered_pricing_minimum_quantity":null,"tiered_pricing_roles_data":[],"tiered_pricing_percentage_rules":[],"tiered_pricing_maximum_quantity":null,"tiered_pricing_quantity_step":null,"_links":{"self":[{"href":"https:\/\/gretasexylingerie.com\/es\/wp-json\/wp\/v2\/product\/50040","targetHints":{"allow":["GET"]}}],"collection":[{"href":"https:\/\/gretasexylingerie.com\/es\/wp-json\/wp\/v2\/product"}],"about":[{"href":"https:\/\/gretasexylingerie.com\/es\/wp-json\/wp\/v2\/types\/product"}],"wp:featuredmedia":[{"embeddable":true,"href":"https:\/\/gretasexylingerie.com\/es\/wp-json\/wp\/v2\/media\/50027"}],"wp:attachment":[{"href":"https:\/\/gretasexylingerie.com\/es\/wp-json\/wp\/v2\/media?parent=50040"}],"wp:term":[{"taxonomy":"product_brand","embeddable":true,"href":"https:\/\/gretasexylingerie.com\/es\/wp-json\/wp\/v2\/product_brand?post=50040"},{"taxonomy":"product_cat","embeddable":true,"href":"https:\/\/gretasexylingerie.com\/es\/wp-json\/wp\/v2\/product_cat?post=50040"},{"taxonomy":"product_tag","embeddable":true,"href":"https:\/\/gretasexylingerie.com\/es\/wp-json\/wp\/v2\/product_tag?post=50040"}],"curies":[{"name":"Gracias","href":"https:\/\/api.w.org\/{rel}","templated":true}]}}