{"id":49742,"date":"2024-02-28T18:13:39","date_gmt":"2024-02-28T10:13:39","guid":{"rendered":"https:\/\/gretasexylingerie.com\/?post_type=product&#038;p=49742"},"modified":"2024-03-01T23:57:41","modified_gmt":"2024-03-01T15:57:41","slug":"al-por-mayor-vestido-bondage-de-cuero","status":"publish","type":"product","link":"https:\/\/gretasexylingerie.com\/es\/products\/wholesale-leather-bondage-dress\/","title":{"rendered":"Vestido Bondage De Cuero Para Traje De Fiesta Kinky al por mayor"},"content":{"rendered":"<p><strong>Exquisita artesan\u00eda en cuero.<\/strong>: Este conjunto de lencer\u00eda est\u00e1 confeccionado con cuero de primera calidad y ofrece durabilidad y una sensaci\u00f3n de lujo. La calidad del material garantiza que cada pieza no s\u00f3lo luzca impresionante sino que tambi\u00e9n resista la intensidad de tus encuentros m\u00e1s apasionados.<\/p>\n\n\n\n<p><strong>Dise\u00f1o de falda con flecos<\/strong>: La falda con flecos agrega un elemento din\u00e1mico y t\u00e1ctil al conjunto, movi\u00e9ndose contigo para crear una exhibici\u00f3n llamativa. Este detalle es perfecto para quienes buscan agregar un toque de dramatismo y sensualidad a su <strong>trajes de dominatriz de cuero<\/strong>.<\/p>\n\n\n\n<p><strong>Sujetador Love Bondage<\/strong>: La pieza central de este conjunto, el sujetador love bondage, encapsula la esencia del control y el deseo. Su dise\u00f1o es a la vez provocativo y empoderador, lo que lo convierte en una pieza clave para cualquiera que busque llamar la atenci\u00f3n en un <strong>traje de fiesta rizado<\/strong>.<\/p>\n\n\n\n<p><strong>Opciones de colores vibrantes<\/strong>: Elija entre el encanto cl\u00e1sico del negro o la pasi\u00f3n ardiente del rojo. Cada color crea un ambiente diferente y permite la expresi\u00f3n personal dentro de tu atuendo de dominatriz o bondage.<\/p>\n\n\n\n<p><strong>Perfecto para eventos tem\u00e1ticos<\/strong>: Ya sea para una reuni\u00f3n privada o una fiesta p\u00fablica, este vestido bondage de cuero garantiza que ser\u00e1s el centro de atenci\u00f3n. Est\u00e1 dise\u00f1ado para aquellos que se atreven a destacar y abrazar su poder.<\/p>\n\n\n\n<p><strong>Vers\u00e1til y ajustable<\/strong>: Dise\u00f1ado para adaptarse a una variedad de tipos de cuerpo, este conjunto es tan vers\u00e1til como impresionante. Las caracter\u00edsticas ajustables garantizan comodidad sin sacrificar la est\u00e9tica audaz que define el conjunto.<\/p>\n\n\n\n<p>Abraza tu lado dominante con nuestro conjunto de lencer\u00eda bondage de cuero. Es m\u00e1s que s\u00f3lo ropa; es una armadura de confianza y atractivo. Haz tu pedido ahora y llama la atenci\u00f3n en tu pr\u00f3ximo evento con un conjunto tan inolvidable como<\/p>","protected":false},"excerpt":{"rendered":"<p>Llega al poder con nuestro <strong>vestido de cuero bondage<\/strong>, con falda con flecos y sujetador love bondage. Disponible en negro intenso y rojo apasionado, este conjunto es la declaraci\u00f3n definitiva para cualquier conjunto dominatriz.<\/p>","protected":false},"featured_media":49739,"template":"","meta":[],"product_brand":[],"product_cat":[1059,1060],"product_tag":[],"class_list":{"0":"post-49742","1":"product","2":"type-product","3":"status-publish","4":"has-post-thumbnail","6":"product_cat-wholesale-bondage-equipment","7":"product_cat-wholesale-bondage-lingerie","8":"pa_color-black","9":"pa_color-red-women-sexy-lingerie","11":"first","12":"instock","13":"taxable","14":"shipping-taxable","15":"purchasable","16":"product-type-variable"},"tiered_pricing_type":"fixed","tiered_pricing_fixed_rules":[],"tiered_pricing_product_settings":{"layout":"table","base_unit_name":{"singular":null,"plural":null},"default_variation":null},"tiered_pricing_minimum_quantity":null,"tiered_pricing_roles_data":[],"tiered_pricing_percentage_rules":[],"tiered_pricing_maximum_quantity":null,"tiered_pricing_quantity_step":null,"_links":{"self":[{"href":"https:\/\/gretasexylingerie.com\/es\/wp-json\/wp\/v2\/product\/49742","targetHints":{"allow":["GET"]}}],"collection":[{"href":"https:\/\/gretasexylingerie.com\/es\/wp-json\/wp\/v2\/product"}],"about":[{"href":"https:\/\/gretasexylingerie.com\/es\/wp-json\/wp\/v2\/types\/product"}],"wp:featuredmedia":[{"embeddable":true,"href":"https:\/\/gretasexylingerie.com\/es\/wp-json\/wp\/v2\/media\/49739"}],"wp:attachment":[{"href":"https:\/\/gretasexylingerie.com\/es\/wp-json\/wp\/v2\/media?parent=49742"}],"wp:term":[{"taxonomy":"product_brand","embeddable":true,"href":"https:\/\/gretasexylingerie.com\/es\/wp-json\/wp\/v2\/product_brand?post=49742"},{"taxonomy":"product_cat","embeddable":true,"href":"https:\/\/gretasexylingerie.com\/es\/wp-json\/wp\/v2\/product_cat?post=49742"},{"taxonomy":"product_tag","embeddable":true,"href":"https:\/\/gretasexylingerie.com\/es\/wp-json\/wp\/v2\/product_tag?post=49742"}],"curies":[{"name":"Gracias","href":"https:\/\/api.w.org\/{rel}","templated":true}]}}