{"id":49734,"date":"2024-02-28T18:13:13","date_gmt":"2024-02-28T10:13:13","guid":{"rendered":"https:\/\/gretasexylingerie.com\/?post_type=product&#038;p=49734"},"modified":"2024-03-01T23:50:39","modified_gmt":"2024-03-01T15:50:39","slug":"al-por-mayor-conjunto-de-arnes-de-sujetador-bondage","status":"publish","type":"product","link":"https:\/\/gretasexylingerie.com\/es\/products\/wholesale-bondage-bra-harness-set\/","title":{"rendered":"Conjunto De Arn\u00e9s De Sujetador Bondage Al Por Mayor Con Recortes De Telara\u00f1a"},"content":{"rendered":"<p><strong>Recortes vanguardistas de telara\u00f1a<\/strong>: Este conjunto de lencer\u00eda bondage de cuero lleva el atractivo al siguiente nivel con sus recortes de telara\u00f1a y ofrece un dise\u00f1o visualmente impresionante que es a la vez provocativo y art\u00edstico. Perfecto para quienes buscan <strong>ropa inspirada en bondage<\/strong> eso hace una declaraci\u00f3n.<\/p>\n\n\n\n<p><strong>Dise\u00f1o provocativo de entrepierna.<\/strong>: Dise\u00f1ado para aquellos que se atreven a explorar, el atrevido dise\u00f1o de la entrepierna a\u00f1ade un elemento de sorpresa y emoci\u00f3n, convirti\u00e9ndolo en una pieza destacada en cualquier <strong>ropa de bondage barata<\/strong> recopilaci\u00f3n. Est\u00e1 dise\u00f1ado para tentar e intrigar, superando los l\u00edmites de la lencer\u00eda tradicional.<\/p>\n\n\n\n<p><strong>Artesan\u00eda de cuero de lujo<\/strong>: Hecho de cuero de alta calidad, este juego combina la emoci\u00f3n de la est\u00e9tica bondage con el lujo de los materiales nobles. La textura y durabilidad del cuero garantizan que este conjunto no s\u00f3lo sea visualmente atractivo sino tambi\u00e9n un placer de llevar.<\/p>\n\n\n\n<p><strong>Opciones de colores vibrantes<\/strong>: Disponible en negro cl\u00e1sico y rojo intenso, este conjunto permite la expresi\u00f3n personal y la versatilidad. Ya sea que te atraiga la elegancia atemporal del negro o el atractivo apasionado del rojo, este conjunto satisface todos los estados de \u00e1nimo y fantas\u00edas.<\/p>\n\n\n\n<p><strong>Moda Bondage accesible<\/strong>: Este conjunto de lencer\u00eda es una celebraci\u00f3n de la moda bondage, haci\u00e9ndola accesible y asequible. Es perfecto para quienes buscan experimentar con su estilo o agregar un toque atrevido a su colecci\u00f3n de lencer\u00eda sin gastar mucho dinero.<\/p>\n\n\n\n<p>Sum\u00e9rgete en el mundo de la moda bondage con nuestro conjunto de lencer\u00eda bondage de cuero. Su dise\u00f1o \u00fanico y su lujo asequible lo convierten en una herramienta imprescindible para cualquiera que busque explorar sus l\u00edmites con confianza y estilo. \u00a1Ordene ahora y aporte un toque de emoci\u00f3n y atractivo a su colecci\u00f3n!<\/p>","protected":false},"excerpt":{"rendered":"<p>Desata deseos atrevidos con nuestros <strong>arn\u00e9s de sujetador bondage<\/strong> conjunto, que presenta atrevidos recortes de telara\u00f1a y un provocativo dise\u00f1o de entrepierna en llamativo negro y rojo.<\/p>","protected":false},"featured_media":49730,"template":"","meta":[],"product_brand":[],"product_cat":[1059,1060],"product_tag":[],"class_list":{"0":"post-49734","1":"product","2":"type-product","3":"status-publish","4":"has-post-thumbnail","6":"product_cat-wholesale-bondage-equipment","7":"product_cat-wholesale-bondage-lingerie","8":"pa_color-black","9":"pa_color-red-women-sexy-lingerie","11":"first","12":"instock","13":"taxable","14":"shipping-taxable","15":"purchasable","16":"product-type-variable"},"tiered_pricing_type":"fixed","tiered_pricing_fixed_rules":[],"tiered_pricing_product_settings":{"layout":"table","base_unit_name":{"singular":null,"plural":null},"default_variation":null},"tiered_pricing_minimum_quantity":null,"tiered_pricing_roles_data":[],"tiered_pricing_percentage_rules":[],"tiered_pricing_maximum_quantity":null,"tiered_pricing_quantity_step":null,"_links":{"self":[{"href":"https:\/\/gretasexylingerie.com\/es\/wp-json\/wp\/v2\/product\/49734","targetHints":{"allow":["GET"]}}],"collection":[{"href":"https:\/\/gretasexylingerie.com\/es\/wp-json\/wp\/v2\/product"}],"about":[{"href":"https:\/\/gretasexylingerie.com\/es\/wp-json\/wp\/v2\/types\/product"}],"wp:featuredmedia":[{"embeddable":true,"href":"https:\/\/gretasexylingerie.com\/es\/wp-json\/wp\/v2\/media\/49730"}],"wp:attachment":[{"href":"https:\/\/gretasexylingerie.com\/es\/wp-json\/wp\/v2\/media?parent=49734"}],"wp:term":[{"taxonomy":"product_brand","embeddable":true,"href":"https:\/\/gretasexylingerie.com\/es\/wp-json\/wp\/v2\/product_brand?post=49734"},{"taxonomy":"product_cat","embeddable":true,"href":"https:\/\/gretasexylingerie.com\/es\/wp-json\/wp\/v2\/product_cat?post=49734"},{"taxonomy":"product_tag","embeddable":true,"href":"https:\/\/gretasexylingerie.com\/es\/wp-json\/wp\/v2\/product_tag?post=49734"}],"curies":[{"name":"Gracias","href":"https:\/\/api.w.org\/{rel}","templated":true}]}}