{"id":49715,"date":"2024-02-28T18:11:58","date_gmt":"2024-02-28T10:11:58","guid":{"rendered":"https:\/\/gretasexylingerie.com\/?post_type=product&#038;p=49715"},"modified":"2024-03-01T23:35:16","modified_gmt":"2024-03-01T15:35:16","slug":"al-por-mayor-traje-sexy-bondage-de-cuero","status":"publish","type":"product","link":"https:\/\/gretasexylingerie.com\/es\/products\/wholesale-leather-bondage-sexy-outfit\/","title":{"rendered":"Traje Sexy De Bondage De Cuero En Estilo Cadena al por mayor"},"content":{"rendered":"<p><strong>Estilo de cadena atrevido<\/strong>: Esta exclusiva lencer\u00eda bondage de cuero lleva la sensualidad a nuevas alturas con sus intrincados detalles de cadena. Perfecto para quienes buscan expresar su estilo con confianza, encarna la esencia de <strong>ropa sexy dominatriz<\/strong>, ofreciendo un impacto visual inolvidable.<\/p>\n\n\n\n<p><strong>Dise\u00f1o provocativo de entrepierna.<\/strong>: Dise\u00f1ado para la aventura, el atrevido dise\u00f1o de la entrepierna invita a la intriga y la exploraci\u00f3n, lo que convierte a este conjunto en una opci\u00f3n destacada para cualquiera que busque agregar un toque especial a su guardarropa \u00edntimo. Es una declaraci\u00f3n audaz en el \u00e1mbito de <strong>ropa sexy rizada<\/strong>, dise\u00f1ado para tentar y provocar.<\/p>\n\n\n\n<p><strong>Artesan\u00eda de cuero de lujo<\/strong>: Hecho de cuero de alta calidad, este conjunto no solo luce impresionante sino que tambi\u00e9n se siente incre\u00edble en la piel. La durabilidad y comodidad del material garantizan que no sea s\u00f3lo una pieza visualmente atractiva sino tambi\u00e9n pr\u00e1ctica para diversas ocasiones.<\/p>\n\n\n\n<p><strong>Opciones de colores vibrantes<\/strong>: Disponible en negro cl\u00e1sico y rojo intenso, este conjunto te permite elegir el tono que mejor se adapta a tu estado de \u00e1nimo y entorno. Ya sea que te atraiga la elegancia atemporal del negro o el encanto apasionado del rojo, este conjunto sexy satisface tus deseos.<\/p>\n\n\n\n<p><strong>Atractivo vers\u00e1til<\/strong>: Ideal para quienes buscan explorar los l\u00edmites de su estilo, este conjunto es perfecto para fiestas tem\u00e1ticas, encuentros privados o como una declaraci\u00f3n de moda audaz. Su versatilidad lo convierte en una adici\u00f3n imprescindible a cualquier colecci\u00f3n que celebre la belleza de la moda inspirada en el bondage.<\/p>\n\n\n\n<p>Ad\u00e9ntrate en un mundo donde la moda se une a la fantas\u00eda con nuestra lencer\u00eda bondage de cuero. Es m\u00e1s que s\u00f3lo ropa; es una declaraci\u00f3n de fuerza, confianza y sensualidad sin complejos. \u00a1Haz tu pedido ahora y aprovecha el poder de tu encanto con un conjunto tan atrevido como t\u00fa!<\/p>","protected":false},"excerpt":{"rendered":"<p>Libera el encanto con nuestro <strong>traje sexy esclavitud<\/strong>, una atrevida pieza de lencer\u00eda de cuero que presenta un atrevido estilo de cadena y un provocativo dise\u00f1o en la entrepierna, disponible en negro y rojo.<\/p>","protected":false},"featured_media":49711,"template":"","meta":[],"product_brand":[],"product_cat":[1059,1060],"product_tag":[],"class_list":{"0":"post-49715","1":"product","2":"type-product","3":"status-publish","4":"has-post-thumbnail","6":"product_cat-wholesale-bondage-equipment","7":"product_cat-wholesale-bondage-lingerie","8":"pa_color-black","9":"pa_color-red-women-sexy-lingerie","11":"first","12":"instock","13":"taxable","14":"shipping-taxable","15":"purchasable","16":"product-type-variable"},"tiered_pricing_type":"fixed","tiered_pricing_fixed_rules":[],"tiered_pricing_product_settings":{"layout":"table","base_unit_name":{"singular":null,"plural":null},"default_variation":null},"tiered_pricing_minimum_quantity":null,"tiered_pricing_roles_data":[],"tiered_pricing_percentage_rules":[],"tiered_pricing_maximum_quantity":null,"tiered_pricing_quantity_step":null,"_links":{"self":[{"href":"https:\/\/gretasexylingerie.com\/es\/wp-json\/wp\/v2\/product\/49715","targetHints":{"allow":["GET"]}}],"collection":[{"href":"https:\/\/gretasexylingerie.com\/es\/wp-json\/wp\/v2\/product"}],"about":[{"href":"https:\/\/gretasexylingerie.com\/es\/wp-json\/wp\/v2\/types\/product"}],"wp:featuredmedia":[{"embeddable":true,"href":"https:\/\/gretasexylingerie.com\/es\/wp-json\/wp\/v2\/media\/49711"}],"wp:attachment":[{"href":"https:\/\/gretasexylingerie.com\/es\/wp-json\/wp\/v2\/media?parent=49715"}],"wp:term":[{"taxonomy":"product_brand","embeddable":true,"href":"https:\/\/gretasexylingerie.com\/es\/wp-json\/wp\/v2\/product_brand?post=49715"},{"taxonomy":"product_cat","embeddable":true,"href":"https:\/\/gretasexylingerie.com\/es\/wp-json\/wp\/v2\/product_cat?post=49715"},{"taxonomy":"product_tag","embeddable":true,"href":"https:\/\/gretasexylingerie.com\/es\/wp-json\/wp\/v2\/product_tag?post=49715"}],"curies":[{"name":"Gracias","href":"https:\/\/api.w.org\/{rel}","templated":true}]}}