{"id":49707,"date":"2024-02-28T18:11:28","date_gmt":"2024-02-28T10:11:28","guid":{"rendered":"https:\/\/gretasexylingerie.com\/?post_type=product&#038;p=49707"},"modified":"2024-03-01T23:26:34","modified_gmt":"2024-03-01T15:26:34","slug":"al-por-mayor-conjunto-de-ropa-interior-sexy-bondage","status":"publish","type":"product","link":"https:\/\/gretasexylingerie.com\/es\/products\/wholesale-sexy-bondage-underwear-set\/","title":{"rendered":"Conjunto de ropa interior Sexy Bondage al por mayor con cremallera met\u00e1lica"},"content":{"rendered":"<p><strong>Aberturas de cremallera met\u00e1lica<\/strong>: Aumente la emoci\u00f3n con cremalleras met\u00e1licas estrat\u00e9gicamente ubicadas en el pecho y la entrepierna, que ofrecen una combinaci\u00f3n de atractivo y accesibilidad. Este elemento de dise\u00f1o no s\u00f3lo a\u00f1ade un toque visual sino que tambi\u00e9n invita a la exploraci\u00f3n l\u00fadica, lo que lo convierte en una caracter\u00edstica destacada en <strong>servidumbre de cuero<\/strong> colecciones.<\/p>\n\n\n\n<p><strong>Ajustable para un ajuste perfecto<\/strong>: Adopte la comodidad sin sacrificar el estilo. El dise\u00f1o ajustable garantiza un ajuste ce\u00f1ido y favorecedor para una variedad de tipos de cuerpo, lo que permite a los usuarios sentirse seguros y en control, un aspecto clave de <strong>ropa de dominatriz femenina<\/strong>.<\/p>\n\n\n\n<p><strong>Elecci\u00f3n de colores llamativos<\/strong>: Disponible en los cl\u00e1sicos colores seductores de negro y rojo, este conjunto dice mucho sin decir una palabra. Ya sea que te atraiga el misterioso encanto del negro o la apasionada vitalidad del rojo, este conjunto de lencer\u00eda est\u00e1 dise\u00f1ado para adaptarse a tu estado de \u00e1nimo y tus deseos.<\/p>\n\n\n\n<p><strong>Construcci\u00f3n de cuero de calidad.<\/strong>: Elaborado con cuero de primera calidad, este juego es tan duradero como lujoso. La textura y la calidad del material mejoran la experiencia sensorial, prometiendo no s\u00f3lo un fest\u00edn visual sino tambi\u00e9n un deleite t\u00e1ctil.<\/p>\n\n\n\n<p><strong>Uso vers\u00e1til<\/strong>: Perfecto para esas noches especiales en casa o como una pieza atrevida debajo de un traje de noche, este conjunto de lencer\u00eda trasciende lo com\u00fan. Es adecuado para una variedad de escenarios, desde encuentros privados hasta fiestas tem\u00e1ticas, lo que lo convierte en una adici\u00f3n vers\u00e1til a cualquier guardarropa aventurero.<\/p>\n\n\n\n<p><strong>Empoderamiento en cada hilo<\/strong>: Este conjunto de lencer\u00eda es m\u00e1s que solo ropa; es una herramienta de empoderamiento. Dise\u00f1ado para la dominatriz moderna o cualquiera que busque explorar su din\u00e1mica de poder, es una celebraci\u00f3n de la fuerza, la confianza y la sensualidad.<\/p>\n\n\n\n<p>Entra en un mundo donde la fantas\u00eda y la realidad se confunden con nuestro sexy conjunto de ropa interior bondage. Ofreciendo atractivo est\u00e9tico y dise\u00f1o funcional, es una invitaci\u00f3n audaz a explorar sus deseos. \u00a1Ordene ahora y abrace el poder de la seducci\u00f3n con estilo y comodidad incomparables!<\/p>","protected":false},"excerpt":{"rendered":"<p>Desata deseos audaces con nuestro <strong>ropa interior sexy esclavitud<\/strong> conjunto, que presenta atrevidas aberturas de cremallera met\u00e1lica en el pecho y la entrepierna. Este dise\u00f1o ajustable est\u00e1 disponible en negro y rojo y encarna la esencia del poder y la seducci\u00f3n.<\/p>","protected":false},"featured_media":49704,"template":"","meta":[],"product_brand":[],"product_cat":[1059,1060],"product_tag":[],"class_list":{"0":"post-49707","1":"product","2":"type-product","3":"status-publish","4":"has-post-thumbnail","6":"product_cat-wholesale-bondage-equipment","7":"product_cat-wholesale-bondage-lingerie","8":"pa_color-black","9":"pa_color-red-women-sexy-lingerie","11":"first","12":"instock","13":"taxable","14":"shipping-taxable","15":"purchasable","16":"product-type-variable"},"tiered_pricing_type":"fixed","tiered_pricing_fixed_rules":[],"tiered_pricing_product_settings":{"layout":"table","base_unit_name":{"singular":null,"plural":null},"default_variation":null},"tiered_pricing_minimum_quantity":null,"tiered_pricing_roles_data":[],"tiered_pricing_percentage_rules":[],"tiered_pricing_maximum_quantity":null,"tiered_pricing_quantity_step":null,"_links":{"self":[{"href":"https:\/\/gretasexylingerie.com\/es\/wp-json\/wp\/v2\/product\/49707","targetHints":{"allow":["GET"]}}],"collection":[{"href":"https:\/\/gretasexylingerie.com\/es\/wp-json\/wp\/v2\/product"}],"about":[{"href":"https:\/\/gretasexylingerie.com\/es\/wp-json\/wp\/v2\/types\/product"}],"wp:featuredmedia":[{"embeddable":true,"href":"https:\/\/gretasexylingerie.com\/es\/wp-json\/wp\/v2\/media\/49704"}],"wp:attachment":[{"href":"https:\/\/gretasexylingerie.com\/es\/wp-json\/wp\/v2\/media?parent=49707"}],"wp:term":[{"taxonomy":"product_brand","embeddable":true,"href":"https:\/\/gretasexylingerie.com\/es\/wp-json\/wp\/v2\/product_brand?post=49707"},{"taxonomy":"product_cat","embeddable":true,"href":"https:\/\/gretasexylingerie.com\/es\/wp-json\/wp\/v2\/product_cat?post=49707"},{"taxonomy":"product_tag","embeddable":true,"href":"https:\/\/gretasexylingerie.com\/es\/wp-json\/wp\/v2\/product_tag?post=49707"}],"curies":[{"name":"Gracias","href":"https:\/\/api.w.org\/{rel}","templated":true}]}}