{"id":49700,"date":"2024-02-28T18:11:00","date_gmt":"2024-02-28T10:11:00","guid":{"rendered":"https:\/\/gretasexylingerie.com\/?post_type=product&#038;p=49700"},"modified":"2024-03-01T23:18:20","modified_gmt":"2024-03-01T15:18:20","slug":"al-por-mayor-kit-de-viaje-bondage-de-50-tonos","status":"publish","type":"product","link":"https:\/\/gretasexylingerie.com\/es\/products\/wholesale-50-shades-bondage-travel-kit\/","title":{"rendered":"Venta al por mayor Kit de viaje Bondage de 50 tonos con costuras coloridas"},"content":{"rendered":"<p><strong>Detalle de costuras coloridas.<\/strong>: Destaca con este equipo bondage de dise\u00f1o exclusivo, donde cada pieza se acent\u00faa con costuras vibrantes y coloridas. Este toque de color a\u00f1ade un toque divertido pero sofisticado a lo tradicional. <strong>juguetes sumisos dominantes<\/strong>, invitando a la exploraci\u00f3n con estilo.<\/p>\n\n\n\n<p><strong>Exquisito bolso tipo cubo para discreci\u00f3n<\/strong>: Perfecto para aventureros en movimiento, este juego viene en un exquisito bolso tipo cubo, que ofrece discreci\u00f3n y comodidad. Ya sea que est\u00e9s viajando o guardando tus secretos en casa, este <strong>kit de viaje de esclavitud<\/strong> garantiza que todo est\u00e9 perfectamente organizado y fuera de la vista.<\/p>\n\n\n\n<p><strong>Juego completo para juegos diversos<\/strong>: Con un remo de cuero, una venda para los ojos, una correa, esposas, tobilleras, collares y una cruz, este kit ofrece un espectro completo de posibilidades. Est\u00e1 dise\u00f1ado para aquellos que desean explorar la din\u00e1mica del poder y la rendici\u00f3n, ofreciendo herramientas para provocar gentilmente escenarios m\u00e1s intensos.<\/p>\n\n\n\n<p><strong>Artesan\u00eda de alta calidad<\/strong>: Cada pieza est\u00e1 elaborada con materiales de primera calidad, lo que garantiza durabilidad y comodidad. El cuero y los herrajes de alta calidad se seleccionan por su capacidad para resistir los rigores del juego apasionado, lo que hace de este kit una adici\u00f3n duradera a su colecci\u00f3n.<\/p>\n\n\n\n<p><strong>Negro cl\u00e1sico con un toque<\/strong>: La elegancia atemporal del cuero negro se actualiza con costuras coloridas, lo que convierte a este kit en una opci\u00f3n elegante para los entusiastas modernos. Es una combinaci\u00f3n perfecta de est\u00e9tica y funcionalidad, atractiva para quienes aprecian tanto el dise\u00f1o como el rendimiento.<\/p>\n\n\n\n<p><strong>Ideal para experimentar<\/strong>: Ya seas nuevo en el mundo del bondage o un jugador experimentado, este kit ofrece algo para todos. Es una invitaci\u00f3n a experimentar, explorar y elevar sus experiencias, haciendo de cada encuentro una oportunidad de descubrimiento.<\/p>\n\n\n\n<p>Ingrese a un mundo donde el control, la rendici\u00f3n y la exploraci\u00f3n sensorial convergen con nuestro kit de viaje bondage de 50 tonos. No se trata s\u00f3lo de las herramientas sino de las historias que inspiran. Ordene ahora y desbloquee un nuevo cap\u00edtulo de aventura, intimidad y placer.<\/p>","protected":false},"excerpt":{"rendered":"<p>Sum\u00e9rgete en las profundidades del deseo con nuestros <strong>Kit bondage 50 sombras de Grey<\/strong>, con costuras coloridas y un exquisito bolso tipo bombonera. Este conjunto completo incluye todos los elementos esenciales para una aventura atrevida, elaborado en negro cl\u00e1sico.<\/p>","protected":false},"featured_media":49698,"template":"","meta":[],"product_brand":[],"product_cat":[1059,1061],"product_tag":[],"class_list":{"0":"post-49700","1":"product","2":"type-product","3":"status-publish","4":"has-post-thumbnail","6":"product_cat-wholesale-bondage-equipment","7":"product_cat-wholesale-bondage-gear","8":"pa_color-black","10":"first","11":"instock","12":"taxable","13":"shipping-taxable","14":"purchasable","15":"product-type-variable"},"tiered_pricing_type":"fixed","tiered_pricing_fixed_rules":[],"tiered_pricing_product_settings":{"layout":"table","base_unit_name":{"singular":null,"plural":null},"default_variation":null},"tiered_pricing_minimum_quantity":null,"tiered_pricing_roles_data":[],"tiered_pricing_percentage_rules":[],"tiered_pricing_maximum_quantity":null,"tiered_pricing_quantity_step":null,"_links":{"self":[{"href":"https:\/\/gretasexylingerie.com\/es\/wp-json\/wp\/v2\/product\/49700","targetHints":{"allow":["GET"]}}],"collection":[{"href":"https:\/\/gretasexylingerie.com\/es\/wp-json\/wp\/v2\/product"}],"about":[{"href":"https:\/\/gretasexylingerie.com\/es\/wp-json\/wp\/v2\/types\/product"}],"wp:featuredmedia":[{"embeddable":true,"href":"https:\/\/gretasexylingerie.com\/es\/wp-json\/wp\/v2\/media\/49698"}],"wp:attachment":[{"href":"https:\/\/gretasexylingerie.com\/es\/wp-json\/wp\/v2\/media?parent=49700"}],"wp:term":[{"taxonomy":"product_brand","embeddable":true,"href":"https:\/\/gretasexylingerie.com\/es\/wp-json\/wp\/v2\/product_brand?post=49700"},{"taxonomy":"product_cat","embeddable":true,"href":"https:\/\/gretasexylingerie.com\/es\/wp-json\/wp\/v2\/product_cat?post=49700"},{"taxonomy":"product_tag","embeddable":true,"href":"https:\/\/gretasexylingerie.com\/es\/wp-json\/wp\/v2\/product_tag?post=49700"}],"curies":[{"name":"Gracias","href":"https:\/\/api.w.org\/{rel}","templated":true}]}}