{"id":49679,"date":"2024-02-28T18:09:33","date_gmt":"2024-02-28T10:09:33","guid":{"rendered":"https:\/\/gretasexylingerie.com\/?post_type=product&#038;p=49679"},"modified":"2024-03-01T23:03:29","modified_gmt":"2024-03-01T15:03:29","slug":"al-por-mayor-kit-de-bondage-rojo-con-lazo","status":"publish","type":"product","link":"https:\/\/gretasexylingerie.com\/es\/products\/wholesale-red-bondage-kit-with-bow\/","title":{"rendered":"Kit Bondage Rojo Con Lazo al por mayor"},"content":{"rendered":"<p><strong>Decoraciones de lazo de lujo<\/strong>: Eleva tu juego bondage con las exclusivas decoraciones de lazo de este juego, que a\u00f1aden un toque de elegancia y fantas\u00eda. Los lazos, combinados con cadenas de metal ba\u00f1adas en oro, ofrecen un contraste visual impresionante que atrae y emociona.<\/p>\n\n\n\n<p><strong>Conjunto vers\u00e1til para un juego mejorado<\/strong>: Este kit, que incluye piezas esenciales como una correa, esposas, tobilleras y collares, proporciona todo lo necesario para una experiencia satisfactoria. <strong>equipo de esclavitud ligero<\/strong> experiencia. Es perfecto para quienes buscan explorar sus l\u00edmites con estilo.<\/p>\n\n\n\n<p><strong>Rojo intenso y negro cl\u00e1sico<\/strong>: Disponible en rojo intenso y negro cl\u00e1sico, este conjunto se adapta a las preferencias y estados de \u00e1nimo personales. El rojo ofrece una audaz declaraci\u00f3n de pasi\u00f3n e intensidad, mientras que el negro irradia un encanto atemporal.<\/p>\n\n\n\n<p><strong>Materiales de alta calidad para mayor comodidad.<\/strong>: Elaborada pensando en la comodidad y la durabilidad, cada pieza de este <strong>juguete esclavo sexy<\/strong> El kit est\u00e1 dise\u00f1ado para un juego seguro y consensuado. Los materiales de alta calidad garantizan un ajuste c\u00f3modo para una variedad de tipos de cuerpo.<\/p>\n\n\n\n<p><strong>Cadena de metal chapada en oro para mayor durabilidad.<\/strong>: La cadena de metal chapada en oro no solo a\u00f1ade un toque lujoso sino que tambi\u00e9n garantiza durabilidad y resistencia. Est\u00e1 dise\u00f1ado para resistir los rigores del juego y ofrece belleza y confiabilidad.<\/p>\n\n\n\n<p><strong>Perfecto para principiantes y entusiastas<\/strong>: Ya sea que sea nuevo en el bondage o un entusiasta experimentado, este kit ofrece una deliciosa combinaci\u00f3n de est\u00e9tica y funcionalidad. Es una opci\u00f3n ideal para quienes buscan agregar un toque de lujo a sus exploraciones.<\/p>\n\n\n\n<p>Sum\u00e9rgete en el mundo del bondage con un kit que combina belleza, funcionalidad y comodidad. Nuestro kit de bondage rojo con lazo y cadena chapada en oro es m\u00e1s que un simple equipo; es una invitaci\u00f3n a explorar los deseos de una manera lujosa y segura. Ordene ahora y desbloquee nuevas dimensiones de placer y<\/p>","protected":false},"excerpt":{"rendered":"<p>Introduzca un elemento de moderaci\u00f3n lujosa con nuestro <strong>kit de esclavitud rojo<\/strong>, con adornos de lazo y cadenas de metal ba\u00f1adas en oro. Este juego incluye una correa, esposas, tobilleras y collares en un seductor rojo y un negro cl\u00e1sico.<\/p>","protected":false},"featured_media":49674,"template":"","meta":[],"product_brand":[],"product_cat":[1059,1061],"product_tag":[],"class_list":{"0":"post-49679","1":"product","2":"type-product","3":"status-publish","4":"has-post-thumbnail","6":"product_cat-wholesale-bondage-equipment","7":"product_cat-wholesale-bondage-gear","8":"pa_color-black","9":"pa_color-red-women-sexy-lingerie","11":"first","12":"instock","13":"taxable","14":"shipping-taxable","15":"purchasable","16":"product-type-variable"},"tiered_pricing_type":"fixed","tiered_pricing_fixed_rules":[],"tiered_pricing_product_settings":{"layout":"table","base_unit_name":{"singular":null,"plural":null},"default_variation":null},"tiered_pricing_minimum_quantity":null,"tiered_pricing_roles_data":[],"tiered_pricing_percentage_rules":[],"tiered_pricing_maximum_quantity":null,"tiered_pricing_quantity_step":null,"_links":{"self":[{"href":"https:\/\/gretasexylingerie.com\/es\/wp-json\/wp\/v2\/product\/49679","targetHints":{"allow":["GET"]}}],"collection":[{"href":"https:\/\/gretasexylingerie.com\/es\/wp-json\/wp\/v2\/product"}],"about":[{"href":"https:\/\/gretasexylingerie.com\/es\/wp-json\/wp\/v2\/types\/product"}],"wp:featuredmedia":[{"embeddable":true,"href":"https:\/\/gretasexylingerie.com\/es\/wp-json\/wp\/v2\/media\/49674"}],"wp:attachment":[{"href":"https:\/\/gretasexylingerie.com\/es\/wp-json\/wp\/v2\/media?parent=49679"}],"wp:term":[{"taxonomy":"product_brand","embeddable":true,"href":"https:\/\/gretasexylingerie.com\/es\/wp-json\/wp\/v2\/product_brand?post=49679"},{"taxonomy":"product_cat","embeddable":true,"href":"https:\/\/gretasexylingerie.com\/es\/wp-json\/wp\/v2\/product_cat?post=49679"},{"taxonomy":"product_tag","embeddable":true,"href":"https:\/\/gretasexylingerie.com\/es\/wp-json\/wp\/v2\/product_tag?post=49679"}],"curies":[{"name":"Gracias","href":"https:\/\/api.w.org\/{rel}","templated":true}]}}