{"id":49645,"date":"2024-02-28T18:07:03","date_gmt":"2024-02-28T10:07:03","guid":{"rendered":"https:\/\/gretasexylingerie.com\/?post_type=product&#038;p=49645"},"modified":"2024-03-01T22:38:30","modified_gmt":"2024-03-01T14:38:30","slug":"al-por-mayor-kit-de-sujecion-de-bondage-para-juego-de-enfermera","status":"publish","type":"product","link":"https:\/\/gretasexylingerie.com\/es\/products\/wholesale-nurse-play-bondage-restraint-kit\/","title":{"rendered":"Kit De Retenci\u00f3n De Bondage Para Enfermeras al por mayor"},"content":{"rendered":"<p><strong>Dise\u00f1o de juego de enfermera tem\u00e1tico<\/strong>: Sum\u00e9rgete en el juego de roles con un kit tan imaginativo como atractivo. El tema del juego de enfermeras a\u00f1ade un toque l\u00fadico pero provocativo al bondage tradicional, ofreciendo una forma \u00fanica de explorar las din\u00e1micas de cuidado y control en tus escenarios.<\/p>\n\n\n\n<p><strong>Cuero rojo vibrante<\/strong>: Cada pieza de este kit est\u00e1 confeccionada con cuero rojo vibrante, que simboliza la pasi\u00f3n y el poder. El color atrevido mejora la experiencia visual, haciendo que cada momento sea m\u00e1s intenso y cada toque m\u00e1s electrizante.<\/p>\n\n\n\n<p><strong>Opciones de sujeci\u00f3n integrales<\/strong>: De <strong>restricciones altas hasta las mu\u00f1ecas<\/strong> Hasta una hebilla cruzada vers\u00e1til, este kit proporciona un espectro completo de posibilidades de bondage. Est\u00e1 dise\u00f1ado tanto para principiantes como para usuarios experimentados y ofrece una variedad de intensidades y experiencias.<\/p>\n\n\n\n<p><strong>Artesan\u00eda de calidad<\/strong>: La durabilidad se combina con la comodidad con cuero y herrajes de alta calidad. Cada art\u00edculo est\u00e1 dise\u00f1ado para un ajuste seguro, lo que garantiza la seguridad y al mismo tiempo intensifica los sentidos. Este kit es un testimonio de la combinaci\u00f3n de est\u00e9tica y funcionalidad, lo que lo convierte en un elemento b\u00e1sico en cualquier <strong>Kit bondage 50 sombras de Grey<\/strong> recopilaci\u00f3n.<\/p>\n\n\n\n<p><strong>Explora con confianza<\/strong>: Ya sea que est\u00e9s experimentando con juegos de poder o profundizando tu conexi\u00f3n a trav\u00e9s del juego sensorial, este kit ofrece una forma segura y elegante de explorar tus l\u00edmites. La tem\u00e1tica del juego de enfermeras fomenta escenarios creativos, haciendo que cada sesi\u00f3n sea \u00fanica.<\/p>\n\n\n\n<p><strong>Almacenamiento y cuidado discretos<\/strong>: El dise\u00f1o cohesivo del kit no s\u00f3lo es visualmente atractivo sino tambi\u00e9n pr\u00e1ctico, y cada pieza se guarda f\u00e1cilmente o se muestra como una invitaci\u00f3n provocativa. Es una consideraci\u00f3n reflexiva para quienes valoran tanto la discreci\u00f3n como la accesibilidad.<\/p>\n\n\n\n<p>Entra en un mundo donde la fantas\u00eda se encuentra con la realidad con nuestro kit de sujeci\u00f3n para enfermeras. Este conjunto es m\u00e1s que un simple accesorio; es una puerta de entrada a nuevos niveles de intimidad y exploraci\u00f3n. Haz tu pedido ahora y transforma tus fantas\u00edas en experiencias inolvidables con un toque de seducci\u00f3n l\u00fadica.<\/p>","protected":false},"excerpt":{"rendered":"<p>Enciende tus fantas\u00edas con nuestro juego de enfermeras <strong>kit de sujeci\u00f3n de esclavitud<\/strong>, que presenta una colecci\u00f3n de paletas de cuero rojo, vendas para los ojos, correas, esposas, tobilleras, collares y hebillas cruzadas, dise\u00f1adas para hacer realidad tus fantas\u00edas de 50 sombras de grises.<\/p>","protected":false},"featured_media":49642,"template":"","meta":[],"product_brand":[],"product_cat":[1059,1061],"product_tag":[],"class_list":{"0":"post-49645","1":"product","2":"type-product","3":"status-publish","4":"has-post-thumbnail","6":"product_cat-wholesale-bondage-equipment","7":"product_cat-wholesale-bondage-gear","8":"pa_color-red-women-sexy-lingerie","10":"first","11":"instock","12":"taxable","13":"shipping-taxable","14":"purchasable","15":"product-type-variable"},"tiered_pricing_type":"fixed","tiered_pricing_fixed_rules":[],"tiered_pricing_product_settings":{"layout":"table","base_unit_name":{"singular":null,"plural":null},"default_variation":null},"tiered_pricing_minimum_quantity":null,"tiered_pricing_roles_data":[],"tiered_pricing_percentage_rules":[],"tiered_pricing_maximum_quantity":null,"tiered_pricing_quantity_step":null,"_links":{"self":[{"href":"https:\/\/gretasexylingerie.com\/es\/wp-json\/wp\/v2\/product\/49645","targetHints":{"allow":["GET"]}}],"collection":[{"href":"https:\/\/gretasexylingerie.com\/es\/wp-json\/wp\/v2\/product"}],"about":[{"href":"https:\/\/gretasexylingerie.com\/es\/wp-json\/wp\/v2\/types\/product"}],"wp:featuredmedia":[{"embeddable":true,"href":"https:\/\/gretasexylingerie.com\/es\/wp-json\/wp\/v2\/media\/49642"}],"wp:attachment":[{"href":"https:\/\/gretasexylingerie.com\/es\/wp-json\/wp\/v2\/media?parent=49645"}],"wp:term":[{"taxonomy":"product_brand","embeddable":true,"href":"https:\/\/gretasexylingerie.com\/es\/wp-json\/wp\/v2\/product_brand?post=49645"},{"taxonomy":"product_cat","embeddable":true,"href":"https:\/\/gretasexylingerie.com\/es\/wp-json\/wp\/v2\/product_cat?post=49645"},{"taxonomy":"product_tag","embeddable":true,"href":"https:\/\/gretasexylingerie.com\/es\/wp-json\/wp\/v2\/product_tag?post=49645"}],"curies":[{"name":"Gracias","href":"https:\/\/api.w.org\/{rel}","templated":true}]}}