{"id":49637,"date":"2024-02-28T18:06:36","date_gmt":"2024-02-28T10:06:36","guid":{"rendered":"https:\/\/gretasexylingerie.com\/?post_type=product&#038;p=49637"},"modified":"2024-03-01T22:15:19","modified_gmt":"2024-03-01T14:15:19","slug":"conjunto-de-sujetador-y-bragas-bondage-de-cuero-rizado-al-por-mayor","status":"publish","type":"product","link":"https:\/\/gretasexylingerie.com\/es\/products\/wholesale-kinky-leather-wear-bondage-bra-and-panty-set\/","title":{"rendered":"Venta al por mayor Kinky Leather Wear Bondage Bra y Panty Set"},"content":{"rendered":"<p><strong>Sujetador halter con cadena de metal<\/strong>: Este atrevido sujetador de cadena halter es la pieza central del conjunto, dise\u00f1ado para cautivar y seducir. Su construcci\u00f3n de cadena de metal no solo agrega una est\u00e9tica vanguardista sino que tambi\u00e9n garantiza durabilidad y una pizca de sensaci\u00f3n t\u00e1ctil y fr\u00eda contra la piel, perfecta para aquellos que buscan agregar un fuerte elemento visual a su <strong>esclavitud vestido sexy<\/strong> recopilaci\u00f3n.<\/p>\n\n\n\n<p><strong>Bragas de entrepierna hueca de amor<\/strong>: Complementando el sujetador, estas bragas presentan un dise\u00f1o \u00fanico de hueco de amor, que ofrece una apariencia divertida pero provocativa. El dise\u00f1o abierto invita a la imaginaci\u00f3n y la exploraci\u00f3n, lo que la convierte en una pieza destacada para cualquiera que busque un <strong>lindo traje de esclavitud<\/strong> con un giro atrevido.<\/p>\n\n\n\n<p><strong>Llamativo dise\u00f1o en negro y rojo.<\/strong>: El atrevido contraste de negro y rojo no solo significa pasi\u00f3n e intensidad, sino que tambi\u00e9n hace de este conjunto una opci\u00f3n visualmente impactante para aquellos que buscan hacer una declaraci\u00f3n. Es una combinaci\u00f3n ideal tanto para el atractivo est\u00e9tico como para la profundidad tem\u00e1tica de tu colecci\u00f3n de ropa bondage.<\/p>\n\n\n\n<p><strong>Atractivo vers\u00e1til<\/strong>: Ya sea para una noche especial, una fiesta tem\u00e1tica o una declaraci\u00f3n de moda audaz, este conjunto ofrece versatilidad. Est\u00e1 dise\u00f1ado para quienes aprecian la belleza de la est\u00e9tica bondage y buscan expresar su estilo de maneras \u00fanicas.<\/p>\n\n\n\n<p><strong>Construcci\u00f3n de alta calidad<\/strong>: Elaborado con atenci\u00f3n al detalle, este conjunto combina materiales de alta calidad con robustas cadenas de metal, lo que garantiza comodidad y estilo. La cuidadosa construcci\u00f3n significa que no se trata s\u00f3lo de apariencia; tambi\u00e9n se trata de brindar una experiencia segura y agradable.<\/p>\n\n\n\n<p><strong>Perfecto para entusiastas del bondage y personas vanguardistas<\/strong>: Ya sea que est\u00e9 profundamente arraigado en el estilo de vida bondage o simplemente est\u00e9 buscando un atuendo que rompa los l\u00edmites y llame la atenci\u00f3n, este conjunto est\u00e1 dise\u00f1ado para satisfacer sus necesidades. Es m\u00e1s que lencer\u00eda; es una declaraci\u00f3n de confianza y exploraci\u00f3n.<\/p>\n\n\n\n<p>Sum\u00e9rgete en el mundo del bondage con estilo y sensualidad con nuestro conjunto de sujetador y braguita bondage. Est\u00e1 dise\u00f1ado para emocionar y excitar, ofreciendo una combinaci\u00f3n perfecta de atractivo pervertido y estilo moderno. Haga su pedido ahora y entre en un reino donde la fantas\u00eda se convierte en moda.<\/p>","protected":false},"excerpt":{"rendered":"<p>Libera tus deseos internos con nuestro <strong>ropa de cuero rizado<\/strong> conjunto bondage, que presenta un sujetador halter con cadena de metal y bragas con entrepierna hueca en llamativos colores negro y rojo.<\/p>","protected":false},"featured_media":49632,"template":"","meta":[],"product_brand":[],"product_cat":[1059,1060],"product_tag":[],"class_list":{"0":"post-49637","1":"product","2":"type-product","3":"status-publish","4":"has-post-thumbnail","6":"product_cat-wholesale-bondage-equipment","7":"product_cat-wholesale-bondage-lingerie","8":"pa_color-black","9":"pa_color-red-women-sexy-lingerie","11":"first","12":"instock","13":"taxable","14":"shipping-taxable","15":"purchasable","16":"product-type-variable"},"tiered_pricing_type":"fixed","tiered_pricing_fixed_rules":[],"tiered_pricing_product_settings":{"layout":"table","base_unit_name":{"singular":null,"plural":null},"default_variation":null},"tiered_pricing_minimum_quantity":null,"tiered_pricing_roles_data":[],"tiered_pricing_percentage_rules":[],"tiered_pricing_maximum_quantity":null,"tiered_pricing_quantity_step":null,"_links":{"self":[{"href":"https:\/\/gretasexylingerie.com\/es\/wp-json\/wp\/v2\/product\/49637","targetHints":{"allow":["GET"]}}],"collection":[{"href":"https:\/\/gretasexylingerie.com\/es\/wp-json\/wp\/v2\/product"}],"about":[{"href":"https:\/\/gretasexylingerie.com\/es\/wp-json\/wp\/v2\/types\/product"}],"wp:featuredmedia":[{"embeddable":true,"href":"https:\/\/gretasexylingerie.com\/es\/wp-json\/wp\/v2\/media\/49632"}],"wp:attachment":[{"href":"https:\/\/gretasexylingerie.com\/es\/wp-json\/wp\/v2\/media?parent=49637"}],"wp:term":[{"taxonomy":"product_brand","embeddable":true,"href":"https:\/\/gretasexylingerie.com\/es\/wp-json\/wp\/v2\/product_brand?post=49637"},{"taxonomy":"product_cat","embeddable":true,"href":"https:\/\/gretasexylingerie.com\/es\/wp-json\/wp\/v2\/product_cat?post=49637"},{"taxonomy":"product_tag","embeddable":true,"href":"https:\/\/gretasexylingerie.com\/es\/wp-json\/wp\/v2\/product_tag?post=49637"}],"curies":[{"name":"Gracias","href":"https:\/\/api.w.org\/{rel}","templated":true}]}}