{"id":49549,"date":"2024-02-28T00:49:02","date_gmt":"2024-02-27T16:49:02","guid":{"rendered":"https:\/\/gretasexylingerie.com\/?post_type=product&#038;p=49549"},"modified":"2024-03-01T19:30:22","modified_gmt":"2024-03-01T11:30:22","slug":"venta-al-por-major-kit-dominatriz","status":"publish","type":"product","link":"https:\/\/gretasexylingerie.com\/es\/products\/wholesale-dominatrix-kit\/","title":{"rendered":"Kit Dominatrix al por mayor con decoraci\u00f3n de cadena de cuentas doradas"},"content":{"rendered":"<p><strong>Elegancia de cadena de cuentas de oro<\/strong>: A\u00f1ade un toque de lujo a tu juego bondage con cadenas de cuentas doradas que decoran cada pieza de este kit. Los detalles brillantes aportan un elemento de sofisticaci\u00f3n y atractivo visual, estableciendo este <strong>juguete sm gay<\/strong> colecci\u00f3n aparte del resto.<\/p>\n\n\n\n<p><strong>Colecci\u00f3n completa de esclavitud<\/strong>: Este conjunto es un tesoro escondido tanto para entusiastas como para principiantes, ya que incluye todos los elementos esenciales para una experiencia bondage completa. Desde el placer t\u00e1ctil del l\u00e1tigo de cuero hasta el control que brindan la correa y los collares, cada elemento promete mejorar tu juego.<\/p>\n\n\n\n<p><strong>Opciones de color vers\u00e1tiles<\/strong>: Disponible en negro cl\u00e1sico, rojo apasionado y verde vibrante, este kit ofrece la combinaci\u00f3n perfecta para cualquier estado de \u00e1nimo o preferencia. Cada color a\u00f1ade su propio car\u00e1cter a la experiencia bondage, ya sea que busques la elegancia del negro, la intensidad del rojo o la singularidad del verde.<\/p>\n\n\n\n<p><strong>Materiales de alta calidad<\/strong>: Elaborado con cuero PU de primera calidad y herrajes robustos, este kit est\u00e1 dise\u00f1ado para brindar durabilidad y comodidad. Los materiales se eligen no s\u00f3lo por su atractivo est\u00e9tico sino tambi\u00e9n por su capacidad para soportar los rigores del juego, garantizando una experiencia segura y agradable.<\/p>\n\n\n\n<p><strong>Perfecto para juegos diversos<\/strong>: Ya sea que est\u00e9s explorando la din\u00e1mica del poder y la sumisi\u00f3n, buscando agregar una nueva dimensi\u00f3n a tu juego de roles o simplemente buscando expandir tu colecci\u00f3n de <strong>correa y collar bondage<\/strong> conjuntos, este kit de dominatrix satisface una amplia gama de deseos y fantas\u00edas.<\/p>\n\n\n\n<p><strong>Almacenamiento discreto y conveniente<\/strong>: A pesar de su naturaleza integral, este juego es f\u00e1cil de almacenar y mantener, lo que garantiza que su espacio de juego permanezca organizado y su equipo est\u00e9 siempre listo para usar.<\/p>\n\n\n\n<p>Sum\u00e9rgete en las profundidades del deseo con nuestro kit dominatrix, una colecci\u00f3n que combina funcionalidad con belleza est\u00e9tica. Ya seas un practicante experimentado o nuevo en la escena, este kit ofrece todo lo necesario para explorar los l\u00edmites del placer y el poder. Ordene ahora y desbloquee un nuevo reino<\/p>","protected":false},"excerpt":{"rendered":"<p>Eleva tu colecci\u00f3n con nuestro <strong>kit dominatriz<\/strong>, adornado con cadenas de cuentas de oro. Este conjunto completo incluye un l\u00e1tigo de cuero, una venda para los ojos, una correa, esposas, tobilleras, collares, una hebilla cruzada y una mordaza, todo elaborado con PU y herrajes de alta calidad.<\/p>","protected":false},"featured_media":49538,"template":"","meta":[],"product_brand":[],"product_cat":[1059,1061],"product_tag":[],"class_list":{"0":"post-49549","1":"product","2":"type-product","3":"status-publish","4":"has-post-thumbnail","6":"product_cat-wholesale-bondage-equipment","7":"product_cat-wholesale-bondage-gear","8":"pa_color-black","9":"pa_color-green","10":"pa_color-red-women-sexy-lingerie","12":"first","13":"instock","14":"taxable","15":"shipping-taxable","16":"purchasable","17":"product-type-variable"},"tiered_pricing_type":"fixed","tiered_pricing_fixed_rules":[],"tiered_pricing_product_settings":{"layout":"table","base_unit_name":{"singular":null,"plural":null},"default_variation":null},"tiered_pricing_minimum_quantity":null,"tiered_pricing_roles_data":[],"tiered_pricing_percentage_rules":[],"tiered_pricing_maximum_quantity":null,"tiered_pricing_quantity_step":null,"_links":{"self":[{"href":"https:\/\/gretasexylingerie.com\/es\/wp-json\/wp\/v2\/product\/49549","targetHints":{"allow":["GET"]}}],"collection":[{"href":"https:\/\/gretasexylingerie.com\/es\/wp-json\/wp\/v2\/product"}],"about":[{"href":"https:\/\/gretasexylingerie.com\/es\/wp-json\/wp\/v2\/types\/product"}],"wp:featuredmedia":[{"embeddable":true,"href":"https:\/\/gretasexylingerie.com\/es\/wp-json\/wp\/v2\/media\/49538"}],"wp:attachment":[{"href":"https:\/\/gretasexylingerie.com\/es\/wp-json\/wp\/v2\/media?parent=49549"}],"wp:term":[{"taxonomy":"product_brand","embeddable":true,"href":"https:\/\/gretasexylingerie.com\/es\/wp-json\/wp\/v2\/product_brand?post=49549"},{"taxonomy":"product_cat","embeddable":true,"href":"https:\/\/gretasexylingerie.com\/es\/wp-json\/wp\/v2\/product_cat?post=49549"},{"taxonomy":"product_tag","embeddable":true,"href":"https:\/\/gretasexylingerie.com\/es\/wp-json\/wp\/v2\/product_tag?post=49549"}],"curies":[{"name":"Gracias","href":"https:\/\/api.w.org\/{rel}","templated":true}]}}