{"id":49522,"date":"2024-02-28T00:47:03","date_gmt":"2024-02-27T16:47:03","guid":{"rendered":"https:\/\/gretasexylingerie.com\/?post_type=product&#038;p=49522"},"modified":"2024-03-01T19:11:21","modified_gmt":"2024-03-01T11:11:21","slug":"al-por-mayor-equipo-de-esclavitud-profesional","status":"publish","type":"product","link":"https:\/\/gretasexylingerie.com\/es\/products\/wholesale-professional-bondage-equipment\/","title":{"rendered":"Equipo de Bondage profesional al por mayor con marco de cremallera met\u00e1lica"},"content":{"rendered":"<p><strong>Dise\u00f1o de marco de cremallera de metal.<\/strong>: En el coraz\u00f3n de este conjunto se encuentra el marco met\u00e1lico con cremallera, una piedra angular para aquellos que buscan traspasar los l\u00edmites y explorar dimensiones m\u00e1s profundas de moderaci\u00f3n y control. Este marco robusto est\u00e1 dise\u00f1ado para ofrecer durabilidad y versatilidad, lo que lo convierte en una pieza clave tanto para <strong>equipo de esclavitud en el hogar<\/strong> entusiastas y entornos profesionales.<\/p>\n\n\n\n<p><strong>Conjunto completo para juegos diversos<\/strong>: Este conjunto, que incluye una venda para los ojos, una correa, esposas, tobilleras, collares, una hebilla cruzada y una mordaza, ofrece un espectro completo de posibilidades. Cada pieza complementa la estructura met\u00e1lica, permitiendo una variedad de configuraciones y escenarios, desde una ligera moderaci\u00f3n hasta un posicionamiento m\u00e1s complejo.<\/p>\n\n\n\n<p><strong>Materiales de alta calidad<\/strong>: Confeccionado con cuero PU de primera calidad y con hardware de alta calidad, cada art\u00edculo de este conjunto est\u00e1 dise\u00f1ado para soportar los rigores del uso intenso y al mismo tiempo garantizar la comodidad. Los materiales se eligen no s\u00f3lo por su resistencia sino tambi\u00e9n por su atractivo t\u00e1ctil, que mejora la experiencia sensorial.<\/p>\n\n\n\n<p><strong>Llamativa est\u00e9tica en negro y rojo<\/strong>: La cl\u00e1sica combinaci\u00f3n de colores de negro y rojo no s\u00f3lo a\u00f1ade un elemento visualmente llamativo sino que tambi\u00e9n significa la intensidad y la pasi\u00f3n que puede aportar el juego bondage. Esta combinaci\u00f3n de colores est\u00e1 dise\u00f1ada para crear el ambiente y mejorar la experiencia.<\/p>\n\n\n\n<p><strong>Uso vers\u00e1til en todas las configuraciones<\/strong>: Ya sea para exploraci\u00f3n personal en casa o para uso profesional en una mazmorra, este conjunto satisface una amplia gama de necesidades. Es una opci\u00f3n ideal para quienes buscan invertir en <strong>femdom cbt juguetes<\/strong> y equipos que ofrecen rendimiento y atractivo est\u00e9tico.<\/p>\n\n\n\n<p><strong>Almacenamiento discreto y seguro<\/strong>: A pesar de su naturaleza integral, el juego est\u00e1 dise\u00f1ado para un f\u00e1cil almacenamiento, lo que garantiza que su espacio de juego permanezca organizado y su equipo se mantenga en perfectas condiciones. La naturaleza discreta de las soluciones de almacenamiento respeta la privacidad del usuario, facilitando su integraci\u00f3n en cualquier hogar o espacio profesional.<\/p>\n\n\n\n<p>Sum\u00e9rgete en las profundidades de tus deseos con nuestro juego de bondage con marco de metal. Dise\u00f1ado para aquellos que se toman en serio su juego, este conjunto combina funcionalidad con atractivo est\u00e9tico, ofreciendo una experiencia de nivel profesional accesible para uso dom\u00e9stico. \u00a1Ordene ahora y transforme su espacio en un reino de exploraci\u00f3n y satisfacci\u00f3n!<\/p>","protected":false},"excerpt":{"rendered":"<p>Eleva tu juego con nuestro <strong>equipo de esclavitud profesional<\/strong>, que presenta un marco de metal en negro y rojo, completo con PU y hardware de alta calidad para una experiencia inmersiva.<\/p>","protected":false},"featured_media":49514,"template":"","meta":[],"product_brand":[],"product_cat":[1059,1061],"product_tag":[],"class_list":{"0":"post-49522","1":"product","2":"type-product","3":"status-publish","4":"has-post-thumbnail","6":"product_cat-wholesale-bondage-equipment","7":"product_cat-wholesale-bondage-gear","8":"pa_color-black","9":"pa_color-red-women-sexy-lingerie","11":"first","12":"instock","13":"taxable","14":"shipping-taxable","15":"purchasable","16":"product-type-variable"},"tiered_pricing_type":"fixed","tiered_pricing_fixed_rules":[],"tiered_pricing_product_settings":{"layout":"table","base_unit_name":{"singular":null,"plural":null},"default_variation":null},"tiered_pricing_minimum_quantity":null,"tiered_pricing_roles_data":[],"tiered_pricing_percentage_rules":[],"tiered_pricing_maximum_quantity":null,"tiered_pricing_quantity_step":null,"_links":{"self":[{"href":"https:\/\/gretasexylingerie.com\/es\/wp-json\/wp\/v2\/product\/49522","targetHints":{"allow":["GET"]}}],"collection":[{"href":"https:\/\/gretasexylingerie.com\/es\/wp-json\/wp\/v2\/product"}],"about":[{"href":"https:\/\/gretasexylingerie.com\/es\/wp-json\/wp\/v2\/types\/product"}],"wp:featuredmedia":[{"embeddable":true,"href":"https:\/\/gretasexylingerie.com\/es\/wp-json\/wp\/v2\/media\/49514"}],"wp:attachment":[{"href":"https:\/\/gretasexylingerie.com\/es\/wp-json\/wp\/v2\/media?parent=49522"}],"wp:term":[{"taxonomy":"product_brand","embeddable":true,"href":"https:\/\/gretasexylingerie.com\/es\/wp-json\/wp\/v2\/product_brand?post=49522"},{"taxonomy":"product_cat","embeddable":true,"href":"https:\/\/gretasexylingerie.com\/es\/wp-json\/wp\/v2\/product_cat?post=49522"},{"taxonomy":"product_tag","embeddable":true,"href":"https:\/\/gretasexylingerie.com\/es\/wp-json\/wp\/v2\/product_tag?post=49522"}],"curies":[{"name":"Gracias","href":"https:\/\/api.w.org\/{rel}","templated":true}]}}