{"id":49494,"date":"2024-02-28T00:44:56","date_gmt":"2024-02-27T16:44:56","guid":{"rendered":"https:\/\/gretasexylingerie.com\/?post_type=product&#038;p=49494"},"modified":"2024-02-29T22:38:58","modified_gmt":"2024-02-29T14:38:58","slug":"conjunto-de-equipos-de-bondage-con-cadena-de-cuentas-con-incrustaciones-al-por-mayor","status":"publish","type":"product","link":"https:\/\/gretasexylingerie.com\/es\/products\/wholesale-inlaid-bead-chain-bondage-equipment-set\/","title":{"rendered":"Venta al por mayor de equipos de Bondage con cadena de cuentas con incrustaciones en cuero PU"},"content":{"rendered":"<p><strong>Exquisito detalle de cadena de cuentas con incrustaciones.<\/strong>: Eleva tu juego bondage con la elegancia \u00fanica de las cadenas de cuentas con incrustaciones. Esta caracter\u00edstica distintiva a\u00f1ade una dimensi\u00f3n t\u00e1ctil y visual a cada pieza, combinando el atractivo est\u00e9tico con las emocionantes sensaciones del equipo de bondage y disciplina.<\/p>\n\n\n\n<p><strong>Paleta de colores vers\u00e1til<\/strong>: Elija entre una variedad de colores intensos y profundos que incluyen el negro cl\u00e1sico, el marr\u00f3n terroso, el p\u00farpura majestuoso y el rojo intenso. Cada color est\u00e1 dise\u00f1ado para evocar un estado de \u00e1nimo y un entorno diferentes, lo que le permite personalizar su experiencia para que se ajuste a sus deseos.<\/p>\n\n\n\n<p><strong>Colecci\u00f3n completa para juegos diversos<\/strong>: Este conjunto est\u00e1 cuidadosamente compilado para incluir todos los elementos esenciales para una experiencia bondage satisfactoria. Desde el juego de impacto que permite la paleta de cuero hasta la privaci\u00f3n sensorial que ofrece la venda en los ojos, cada pieza contribuye a un entorno de juego vers\u00e1til y din\u00e1mico.<\/p>\n\n\n\n<p><strong>Materiales de primera calidad<\/strong>: Construido con cuero PU de alta calidad y adornado con herrajes de primera calidad, este conjunto promete durabilidad y comodidad. Los materiales se seleccionan por su capacidad para soportar un uso riguroso y al mismo tiempo mantener una sensaci\u00f3n de lujo en la piel.<\/p>\n\n\n\n<p><strong>Ideal para entusiastas de ABDL y BDSM<\/strong>: Ya sea que est\u00e9s explorando el juego de edades con <strong>Equipo de esclavitud ABDL<\/strong> o profundizar en los reinos del BDSM, este conjunto ofrece algo para cada nivel de inter\u00e9s y experiencia. Su versatilidad lo convierte en un complemento perfecto para cualquier colecci\u00f3n de <strong>juguetes de esclavitud<\/strong>.<\/p>\n\n\n\n<p><strong>Almacenamiento y cuidado discretos<\/strong>: Cada pieza de este exquisito juego est\u00e1 dise\u00f1ada para un f\u00e1cil cuidado y un almacenamiento discreto, lo que garantiza que los elementos esenciales de su tiempo de juego se mantengan en perfectas condiciones y se mantengan a salvo de miradas indiscretas.<\/p>\n\n\n\n<p>Sum\u00e9rgete en un mundo de moderaci\u00f3n sofisticada y placer sensual con nuestro conjunto de equipos de bondage con cadena de cuentas con incrustaciones. Su combinaci\u00f3n de materiales de alta calidad, dise\u00f1o meticuloso y funcionalidad vers\u00e1til la convierte en una colecci\u00f3n esencial para aquellos que buscan elevar su juego bondage. Haga su pedido ahora y experimente la fusi\u00f3n perfecta de lujo.<\/p>","protected":false},"excerpt":{"rendered":"<p>Sum\u00e9rgete en el encanto de nuestra <strong>equipo de esclavitud de cadena de cuentas con incrustaciones<\/strong> set, una lujosa colecci\u00f3n que incluye remo de cuero, venda para los ojos, correa, esposas, tobilleras, collares y hebilla cruzada. Elaborado con PU de alta calidad con hardware de primera calidad, disponible en negro, marr\u00f3n, morado y rojo.<\/p>","protected":false},"featured_media":49419,"template":"","meta":[],"product_brand":[],"product_cat":[1059,1061],"product_tag":[],"class_list":{"0":"post-49494","1":"product","2":"type-product","3":"status-publish","4":"has-post-thumbnail","6":"product_cat-wholesale-bondage-equipment","7":"product_cat-wholesale-bondage-gear","8":"pa_color-black","9":"pa_color-purple-women-sexy-lingerie","11":"first","12":"instock","13":"taxable","14":"shipping-taxable","15":"purchasable","16":"product-type-variable"},"tiered_pricing_type":"fixed","tiered_pricing_fixed_rules":[],"tiered_pricing_product_settings":{"layout":"table","base_unit_name":{"singular":null,"plural":null},"default_variation":null},"tiered_pricing_minimum_quantity":null,"tiered_pricing_roles_data":[],"tiered_pricing_percentage_rules":[],"tiered_pricing_maximum_quantity":null,"tiered_pricing_quantity_step":null,"_links":{"self":[{"href":"https:\/\/gretasexylingerie.com\/es\/wp-json\/wp\/v2\/product\/49494","targetHints":{"allow":["GET"]}}],"collection":[{"href":"https:\/\/gretasexylingerie.com\/es\/wp-json\/wp\/v2\/product"}],"about":[{"href":"https:\/\/gretasexylingerie.com\/es\/wp-json\/wp\/v2\/types\/product"}],"wp:featuredmedia":[{"embeddable":true,"href":"https:\/\/gretasexylingerie.com\/es\/wp-json\/wp\/v2\/media\/49419"}],"wp:attachment":[{"href":"https:\/\/gretasexylingerie.com\/es\/wp-json\/wp\/v2\/media?parent=49494"}],"wp:term":[{"taxonomy":"product_brand","embeddable":true,"href":"https:\/\/gretasexylingerie.com\/es\/wp-json\/wp\/v2\/product_brand?post=49494"},{"taxonomy":"product_cat","embeddable":true,"href":"https:\/\/gretasexylingerie.com\/es\/wp-json\/wp\/v2\/product_cat?post=49494"},{"taxonomy":"product_tag","embeddable":true,"href":"https:\/\/gretasexylingerie.com\/es\/wp-json\/wp\/v2\/product_tag?post=49494"}],"curies":[{"name":"Gracias","href":"https:\/\/api.w.org\/{rel}","templated":true}]}}