{"id":49205,"date":"2024-02-27T20:06:44","date_gmt":"2024-02-27T12:06:44","guid":{"rendered":"https:\/\/gretasexylingerie.com\/?post_type=product&#038;p=49205"},"modified":"2024-02-29T13:31:39","modified_gmt":"2024-02-29T05:31:39","slug":"al-por-mayor-kit-de-esclavitud-purpura","status":"publish","type":"product","link":"https:\/\/gretasexylingerie.com\/es\/products\/wholesale-purple-bondage-kit\/","title":{"rendered":"Kit De Bondage Morado Con Equipo De Cuero Al Por Mayor"},"content":{"rendered":"<p><strong>Est\u00e9tica con tem\u00e1tica de murci\u00e9lagos<\/strong>: Abraza la noche con un set que es tan misterioso como tentador. El dise\u00f1o con tem\u00e1tica de murci\u00e9lago a\u00f1ade un toque \u00fanico al bondage tradicional y ofrece un tel\u00f3n de fondo imaginativo para la exploraci\u00f3n y el juego. Este enfoque tem\u00e1tico es perfecto para parejas que buscan agregar un elemento narrativo a sus encuentros.<\/p>\n\n\n\n<p><strong>Llamativos contrastes de color<\/strong>: Con su vibrante dise\u00f1o contrastante en negro, rojo y negro y violeta, este kit destaca no solo por su calidad sino tambi\u00e9n por su estilo. Los colores atrevidos evocan una sensaci\u00f3n de pasi\u00f3n y profundidad, haciendo de cada pieza no s\u00f3lo una herramienta para encuadernar sino tambi\u00e9n una declaraci\u00f3n de deseo.<\/p>\n\n\n\n<p><strong>Conjunto introductorio completo<\/strong>: Ideal para principiantes, este <strong>kit de introducci\u00f3n a la servidumbre<\/strong> Incluye venda para los ojos, correa, esposas, tobilleras, collares, hebilla cruzada y mordaza. Proporciona todo lo necesario para explorar de forma segura la din\u00e1mica de la moderaci\u00f3n y la sumisi\u00f3n, lo que lo convierte en un punto de partida perfecto para aventureros curiosos.<\/p>\n\n\n\n<p><strong>PU y hardware de alta calidad<\/strong>: Elaborado con PU de primera calidad y hardware robusto, cada art\u00edculo del juego est\u00e1 dise\u00f1ado para brindar durabilidad y comodidad. Los materiales se seleccionan cuidadosamente para garantizar un ajuste seguro y c\u00f3modo, lo que permite sesiones de juego prolongadas sin comprometer la seguridad o la sensaci\u00f3n.<\/p>\n\n\n\n<p><strong>Uso vers\u00e1til<\/strong>: Ya sea que se sienta atra\u00eddo por la emoci\u00f3n psicol\u00f3gica de la privaci\u00f3n sensorial, el placer f\u00edsico de la restricci\u00f3n o el atractivo est\u00e9tico de un conjunto bien coordinado, este kit satisface una amplia gama de intereses y preferencias. Es una adici\u00f3n vers\u00e1til a cualquier <strong>equipo de esclavitud de cuero<\/strong> colecci\u00f3n, que ofrece numerosas posibilidades de exploraci\u00f3n.<\/p>\n\n\n\n<p><strong>Almacenamiento discreto y conveniente<\/strong>: El dise\u00f1o cohesivo del juego no solo es visualmente atractivo sino tambi\u00e9n pr\u00e1ctico, y cada pieza se guarda f\u00e1cilmente para mayor discreci\u00f3n. Es una consideraci\u00f3n reflexiva para quienes valoran la privacidad tanto como el placer.<\/p>\n\n\n\n<p>Entra en un mundo donde la fantas\u00eda y la realidad se confunden con nuestro kit bondage morado. Este conjunto es m\u00e1s que una simple introducci\u00f3n a la esclavitud; es una invitaci\u00f3n a explorar sus deseos en un entorno seguro y visualmente impresionante. \u00a1Haz tu pedido ahora y deja que la aventura comience con un toque de elegancia y misterio!<\/p>","protected":false},"excerpt":{"rendered":"<p>Descubra el encanto de nuestra <strong>kit de esclavitud p\u00farpura<\/strong>, un juego de fijaciones con tem\u00e1tica de murci\u00e9lago que fusiona herrajes de PU de alta calidad con llamativos contrastes negro-rojo y negro-p\u00farpura, dise\u00f1ado para quienes se aventuran en el mundo del bondage.<\/p>","protected":false},"featured_media":49198,"template":"","meta":[],"product_brand":[],"product_cat":[1059,1061],"product_tag":[],"class_list":{"0":"post-49205","1":"product","2":"type-product","3":"status-publish","4":"has-post-thumbnail","6":"product_cat-wholesale-bondage-equipment","7":"product_cat-wholesale-bondage-gear","8":"pa_color-black","9":"pa_color-purple-women-sexy-lingerie","11":"first","12":"instock","13":"taxable","14":"shipping-taxable","15":"purchasable","16":"product-type-variable"},"tiered_pricing_type":"fixed","tiered_pricing_fixed_rules":[],"tiered_pricing_product_settings":{"layout":"table","base_unit_name":{"singular":null,"plural":null},"default_variation":null},"tiered_pricing_minimum_quantity":null,"tiered_pricing_roles_data":[],"tiered_pricing_percentage_rules":[],"tiered_pricing_maximum_quantity":null,"tiered_pricing_quantity_step":null,"_links":{"self":[{"href":"https:\/\/gretasexylingerie.com\/es\/wp-json\/wp\/v2\/product\/49205","targetHints":{"allow":["GET"]}}],"collection":[{"href":"https:\/\/gretasexylingerie.com\/es\/wp-json\/wp\/v2\/product"}],"about":[{"href":"https:\/\/gretasexylingerie.com\/es\/wp-json\/wp\/v2\/types\/product"}],"wp:featuredmedia":[{"embeddable":true,"href":"https:\/\/gretasexylingerie.com\/es\/wp-json\/wp\/v2\/media\/49198"}],"wp:attachment":[{"href":"https:\/\/gretasexylingerie.com\/es\/wp-json\/wp\/v2\/media?parent=49205"}],"wp:term":[{"taxonomy":"product_brand","embeddable":true,"href":"https:\/\/gretasexylingerie.com\/es\/wp-json\/wp\/v2\/product_brand?post=49205"},{"taxonomy":"product_cat","embeddable":true,"href":"https:\/\/gretasexylingerie.com\/es\/wp-json\/wp\/v2\/product_cat?post=49205"},{"taxonomy":"product_tag","embeddable":true,"href":"https:\/\/gretasexylingerie.com\/es\/wp-json\/wp\/v2\/product_tag?post=49205"}],"curies":[{"name":"Gracias","href":"https:\/\/api.w.org\/{rel}","templated":true}]}}