{"id":49194,"date":"2024-02-27T20:06:00","date_gmt":"2024-02-27T12:06:00","guid":{"rendered":"https:\/\/gretasexylingerie.com\/?post_type=product&#038;p=49194"},"modified":"2024-02-29T13:13:34","modified_gmt":"2024-02-29T05:13:34","slug":"al-por-mayor-necesitas-un-kit-de-bondage-de-cuero","status":"publish","type":"product","link":"https:\/\/gretasexylingerie.com\/es\/products\/wholesale-you-need-leather-bondage-kit\/","title":{"rendered":"Venta al por mayor Todo lo que necesitas Kit de esclavitud de cuero colorido"},"content":{"rendered":"<p><strong>Decoraciones de lazo de diamante<\/strong>: Eleva tu experiencia bondage con los exclusivos detalles en forma de lazo de diamantes de este juego, que a\u00f1aden un toque de elegancia y fantas\u00eda a tu <strong>equipo de esclavitud y accesorios<\/strong>. Estos detalles brillantes invitan a una exploraci\u00f3n divertida pero lujosa de los deseos.<\/p>\n\n\n\n<p><strong>Selecci\u00f3n de colores vibrantes<\/strong>: Disponible en negro llamativo, verde exuberante y rosa divertido, este conjunto se adapta al estilo y preferencia personal, haciendo de cada sesi\u00f3n no solo una exploraci\u00f3n de los l\u00edmites f\u00edsicos sino tambi\u00e9n una declaraci\u00f3n de expresi\u00f3n personal.<\/p>\n\n\n\n<p><strong>Colecci\u00f3n completa de BDSM<\/strong>: Con elementos esenciales como una pala de cuero, una venda para los ojos, una correa, esposas, tobilleras, collares, hebilla cruzada y mordaza, este conjunto es un tesoro para las parejas que se aventuran en los reinos del BDSM. Est\u00e1 dise\u00f1ado para satisfacer las diversas necesidades tanto de principiantes como de entusiastas experimentados.<\/p>\n\n\n\n<p><strong>PU y hardware de primera calidad<\/strong>: Confeccionado con cuero PU de alta calidad complementado con herrajes de primer nivel, cada pieza de este conjunto promete durabilidad y comodidad. Los materiales se seleccionan cuidadosamente para garantizar que resistan la intensidad de sus encuentros manteniendo al mismo tiempo una sensaci\u00f3n de lujo.<\/p>\n\n\n\n<p><strong>Decorativo y Funcional<\/strong>: M\u00e1s all\u00e1 de su atractivo est\u00e9tico, los lazos de diamantes sirven como un delicioso contraste con el dominio inherente del conjunto, ofreciendo un recordatorio visual y t\u00e1ctil del equilibrio entre poder y alegr\u00eda en la din\u00e1mica BDSM.<\/p>\n\n\n\n<p><strong>Desbloquea infinitas posibilidades<\/strong>: Este <strong>todo lo que necesitas kit de esclavitud<\/strong> es m\u00e1s que una simple colecci\u00f3n de art\u00edculos; es una puerta de entrada a un mundo de exploraci\u00f3n, conexi\u00f3n y experiencias estimulantes. Invita a las parejas a comunicarse, experimentar y acercarse a trav\u00e9s de aventuras compartidas.<\/p>\n\n\n\n<p>Ingrese a un mundo donde el color, el lujo y el deseo se entrelazan con nuestro vibrante juego de bondage de cuero. Ya sea que est\u00e9 buscando agregar un toque de color a su colecci\u00f3n o embarcarse en un nuevo viaje de exploraci\u00f3n, este kit ofrece todo lo que necesita y m\u00e1s. \u00a1Haz tu pedido ahora y desbloquea un espectro de posibilidades divertidas!<\/p>","protected":false},"excerpt":{"rendered":"<p>Introduzca un espectro de juego con nuestro <strong>todo lo que necesitas kit de esclavitud<\/strong>, un vibrante conjunto de cuero adornado con lazos de diamantes, que fusiona el lujo con la emoci\u00f3n del BDSM.<\/p>","protected":false},"featured_media":49190,"template":"","meta":[],"product_brand":[],"product_cat":[1059,1061],"product_tag":[],"class_list":{"0":"post-49194","1":"product","2":"type-product","3":"status-publish","4":"has-post-thumbnail","6":"product_cat-wholesale-bondage-equipment","7":"product_cat-wholesale-bondage-gear","8":"pa_color-black","9":"pa_color-green","10":"pa_color-pink-women-sexy-lingerie","12":"first","13":"instock","14":"taxable","15":"shipping-taxable","16":"purchasable","17":"product-type-variable"},"tiered_pricing_type":"fixed","tiered_pricing_fixed_rules":[],"tiered_pricing_product_settings":{"layout":"table","base_unit_name":{"singular":null,"plural":null},"default_variation":null},"tiered_pricing_minimum_quantity":null,"tiered_pricing_roles_data":[],"tiered_pricing_percentage_rules":[],"tiered_pricing_maximum_quantity":null,"tiered_pricing_quantity_step":null,"_links":{"self":[{"href":"https:\/\/gretasexylingerie.com\/es\/wp-json\/wp\/v2\/product\/49194","targetHints":{"allow":["GET"]}}],"collection":[{"href":"https:\/\/gretasexylingerie.com\/es\/wp-json\/wp\/v2\/product"}],"about":[{"href":"https:\/\/gretasexylingerie.com\/es\/wp-json\/wp\/v2\/types\/product"}],"wp:featuredmedia":[{"embeddable":true,"href":"https:\/\/gretasexylingerie.com\/es\/wp-json\/wp\/v2\/media\/49190"}],"wp:attachment":[{"href":"https:\/\/gretasexylingerie.com\/es\/wp-json\/wp\/v2\/media?parent=49194"}],"wp:term":[{"taxonomy":"product_brand","embeddable":true,"href":"https:\/\/gretasexylingerie.com\/es\/wp-json\/wp\/v2\/product_brand?post=49194"},{"taxonomy":"product_cat","embeddable":true,"href":"https:\/\/gretasexylingerie.com\/es\/wp-json\/wp\/v2\/product_cat?post=49194"},{"taxonomy":"product_tag","embeddable":true,"href":"https:\/\/gretasexylingerie.com\/es\/wp-json\/wp\/v2\/product_tag?post=49194"}],"curies":[{"name":"Gracias","href":"https:\/\/api.w.org\/{rel}","templated":true}]}}