{"id":49181,"date":"2024-02-27T20:05:01","date_gmt":"2024-02-27T12:05:01","guid":{"rendered":"https:\/\/gretasexylingerie.com\/?post_type=product&#038;p=49181"},"modified":"2024-02-29T12:57:29","modified_gmt":"2024-02-29T04:57:29","slug":"al-por-mayor-kit-de-sujecion-de-dormitorio-jugueton","status":"publish","type":"product","link":"https:\/\/gretasexylingerie.com\/es\/products\/wholesale-frisky-bedroom-restraint-kit\/","title":{"rendered":"Venta al por mayor Kit de sujeci\u00f3n para dormitorio juguet\u00f3n con paleta de garra de gato"},"content":{"rendered":"<p><strong>Pala de cuero con garra de gato<\/strong>: A\u00f1ade un toque divertido pero atrevido a tu exploraci\u00f3n con la paleta de cuero con forma de u\u00f1a de gato. Su dise\u00f1o \u00fanico promete dejar una impresi\u00f3n duradera, convirti\u00e9ndolo en una pieza destacada en cualquier <strong>equipo de Bonage<\/strong> recopilaci\u00f3n.<\/p>\n\n\n\n<p><strong>Conjunto de sujeci\u00f3n integral<\/strong>: Este juego incluye una paleta de cuero, una venda para los ojos, una correa, esposas, tobilleras, collares y una hebilla cruzada, lo que ofrece un espectro completo de posibilidades para el juego bondage. Cada pieza est\u00e1 dise\u00f1ada para complementar las dem\u00e1s, brindando una experiencia cohesiva e inmersiva.<\/p>\n\n\n\n<p><strong>Materiales de primera calidad<\/strong>: Elaborado con cuero PU de alta calidad y herrajes robustos, este conjunto equilibra la comodidad con la durabilidad. Los materiales se seleccionan no s\u00f3lo por su atractivo est\u00e9tico sino tambi\u00e9n por su capacidad para soportar los rigores del uso apasionado.<\/p>\n\n\n\n<p><strong>Dise\u00f1o de colores contrastantes<\/strong>: El sorprendente contraste de blanco y negro, y rojo y negro, agrega un elemento visual a la experiencia f\u00edsica. Esta atrevida combinaci\u00f3n de colores no s\u00f3lo mejora el atractivo visual sino que tambi\u00e9n intensifica el juego sensorial, haciendo de cada pieza un fest\u00edn para los sentidos.<\/p>\n\n\n\n<p><strong>Uso vers\u00e1til<\/strong>: Ya sea que est\u00e9 buscando agregar emoci\u00f3n a la rutina de su dormitorio o explorar nuevas din\u00e1micas en su relaci\u00f3n, esto <strong>equipo de Bonage<\/strong> El conjunto se adapta a una amplia gama de preferencias y escenarios. Es adecuado tanto para principiantes como para entusiastas experimentados.<\/p>\n\n\n\n<p><strong>Soluci\u00f3n de almacenamiento discreta<\/strong>: El cuidadoso dise\u00f1o del juego incluye una soluci\u00f3n de almacenamiento discreta, que le permite mantener sus art\u00edculos perfectamente organizados y fuera de la vista cuando no est\u00e9n en uso. Esta pr\u00e1ctica caracter\u00edstica garantiza que sus momentos \u00edntimos permanezcan privados y listos para cuando le apetezca.<\/p>\n\n\n\n<p>Entra en un mundo de juguet\u00f3n dominio y sumisi\u00f3n con nuestro juguet\u00f3n kit de sujeci\u00f3n para el dormitorio. Su exclusivo remo con forma de garra de gato y su amplia selecci\u00f3n de restricciones ofrecen una manera emocionante de explorar l\u00edmites y deseos. Haz tu pedido ahora y transforma tu dormitorio en un parque de imaginaci\u00f3n y placer.<\/p>","protected":false},"excerpt":{"rendered":"<p>Libera tu lado salvaje con nuestro <strong>kit de sujeci\u00f3n para dormitorio juguet\u00f3n<\/strong>, con una paleta de cuero con forma de u\u00f1a de gato. Este conjunto, completo con una variedad de sistemas de sujeci\u00f3n en un llamativo dise\u00f1o en blanco y negro, rojo y negro, est\u00e1 elaborado con PU y hardware de alta calidad para parejas aventureras.<\/p>","protected":false},"featured_media":49172,"template":"","meta":[],"product_brand":[],"product_cat":[1059,1061],"product_tag":[],"class_list":{"0":"post-49181","1":"product","2":"type-product","3":"status-publish","4":"has-post-thumbnail","6":"product_cat-wholesale-bondage-equipment","7":"product_cat-wholesale-bondage-gear","8":"pa_color-black","9":"pa_color-red-women-sexy-lingerie","11":"first","12":"instock","13":"taxable","14":"shipping-taxable","15":"purchasable","16":"product-type-variable"},"tiered_pricing_type":"fixed","tiered_pricing_fixed_rules":[],"tiered_pricing_product_settings":{"layout":"table","base_unit_name":{"singular":null,"plural":null},"default_variation":null},"tiered_pricing_minimum_quantity":null,"tiered_pricing_roles_data":[],"tiered_pricing_percentage_rules":[],"tiered_pricing_maximum_quantity":null,"tiered_pricing_quantity_step":null,"_links":{"self":[{"href":"https:\/\/gretasexylingerie.com\/es\/wp-json\/wp\/v2\/product\/49181","targetHints":{"allow":["GET"]}}],"collection":[{"href":"https:\/\/gretasexylingerie.com\/es\/wp-json\/wp\/v2\/product"}],"about":[{"href":"https:\/\/gretasexylingerie.com\/es\/wp-json\/wp\/v2\/types\/product"}],"wp:featuredmedia":[{"embeddable":true,"href":"https:\/\/gretasexylingerie.com\/es\/wp-json\/wp\/v2\/media\/49172"}],"wp:attachment":[{"href":"https:\/\/gretasexylingerie.com\/es\/wp-json\/wp\/v2\/media?parent=49181"}],"wp:term":[{"taxonomy":"product_brand","embeddable":true,"href":"https:\/\/gretasexylingerie.com\/es\/wp-json\/wp\/v2\/product_brand?post=49181"},{"taxonomy":"product_cat","embeddable":true,"href":"https:\/\/gretasexylingerie.com\/es\/wp-json\/wp\/v2\/product_cat?post=49181"},{"taxonomy":"product_tag","embeddable":true,"href":"https:\/\/gretasexylingerie.com\/es\/wp-json\/wp\/v2\/product_tag?post=49181"}],"curies":[{"name":"Gracias","href":"https:\/\/api.w.org\/{rel}","templated":true}]}}